{"id":176,"date":"2023-06-27T14:09:09","date_gmt":"2023-06-27T12:09:09","guid":{"rendered":"https:\/\/www.hakoh.com\/shipping-methods\/"},"modified":"2024-06-06T12:26:08","modified_gmt":"2024-06-06T10:26:08","slug":"%d0%be%d1%82%d0%bf%d1%80%d0%b0%d0%b2%d0%ba%d0%b0-%d0%b4%d0%be%d1%81%d1%82%d0%b0%d0%b2%d0%ba%d0%b0","status":"publish","type":"page","link":"https:\/\/www.hakoh.com\/ru\/versand-lieferung\/","title":{"rendered":"\u041f\u0435\u0440\u0435\u0432\u043e\u0437\u043a\u0430 \u0438 \u0434\u043e\u0441\u0442\u0430\u0432\u043a\u0430"},"content":{"rendered":"<div data-elementor-type=\"wp-page\" data-elementor-id=\"176\" class=\"elementor elementor-176\" data-elementor-post-type=\"page\">\n\t\t\t\t\t\t<section class=\"elementor-section elementor-top-section elementor-element elementor-element-e9be62d elementor-hidden-tablet elementor-hidden-mobile elementor-section-boxed elementor-section-height-default elementor-section-height-default\" data-id=\"e9be62d\" data-element_type=\"section\" data-e-type=\"section\">\n\t\t\t\t\t\t<div class=\"elementor-container elementor-column-gap-default\">\n\t\t\t\t\t<div class=\"elementor-column elementor-col-50 elementor-top-column elementor-element elementor-element-3dc6d21\" data-id=\"3dc6d21\" data-element_type=\"column\" data-e-type=\"column\">\n\t\t\t<div class=\"elementor-widget-wrap elementor-element-populated\">\n\t\t\t\t\t\t<div class=\"elementor-element elementor-element-2be52df elementor-widget elementor-widget-heading\" data-id=\"2be52df\" data-element_type=\"widget\" data-e-type=\"widget\" data-widget_type=\"heading.default\">\n\t\t\t\t<div class=\"elementor-widget-container\">\n\t\t\t\t\t<h2 class=\"elementor-heading-title elementor-size-default\">\u0421\u0435\u0440\u0432\u0438\u0441<\/h2>\t\t\t\t<\/div>\n\t\t\t\t<\/div>\n\t\t\t\t<div class=\"elementor-element elementor-element-f15bf5c elementor-nav-menu__align-start elementor-nav-menu--dropdown-tablet elementor-nav-menu__text-align-aside elementor-nav-menu--toggle elementor-nav-menu--burger elementor-widget elementor-widget-nav-menu\" data-id=\"f15bf5c\" data-element_type=\"widget\" data-e-type=\"widget\" data-settings=\"{&quot;layout&quot;:&quot;vertical&quot;,&quot;submenu_icon&quot;:{&quot;value&quot;:&quot;&lt;i class=\\&quot;fas fa-caret-down\\&quot; aria-hidden=\\&quot;true\\&quot;&gt;&lt;\\\/i&gt;&quot;,&quot;library&quot;:&quot;fa-solid&quot;},&quot;toggle&quot;:&quot;burger&quot;}\" data-widget_type=\"nav-menu.default\">\n\t\t\t\t<div class=\"elementor-widget-container\">\n\t\t\t\t\t\t\t\t<nav aria-label=\"\u041c\u0435\u043d\u044e\" class=\"elementor-nav-menu--main elementor-nav-menu__container elementor-nav-menu--layout-vertical e--pointer-background e--animation-fade\">\n\t\t\t\t<ul id=\"menu-1-f15bf5c\" class=\"elementor-nav-menu sm-vertical\"><li class=\"menu-item menu-item-type-post_type menu-item-object-page menu-item-318\"><a href=\"https:\/\/www.hakoh.com\/ru\/kontakt\/\" class=\"elementor-item\">\u041a\u043e\u043d\u0442\u0430\u043a\u0442\u044b \u0438 \u043c\u0435\u0441\u0442\u043e\u043f\u043e\u043b\u043e\u0436\u0435\u043d\u0438\u0435<\/a><\/li>\n<li class=\"menu-item menu-item-type-post_type menu-item-object-page menu-item-319\"><a href=\"https:\/\/www.hakoh.com\/ru\/ueber-uns\/\" class=\"elementor-item\">\u041e \u043d\u0430\u0441<\/a><\/li>\n<li class=\"menu-item menu-item-type-custom menu-item-object-custom menu-item-1355\"><a href=\"https:\/\/hakoh-gmbh.jobs.personio.de\/\" class=\"elementor-item\">\u0420\u0430\u0431\u043e\u0442\u0430<\/a><\/li>\n<li class=\"menu-item menu-item-type-post_type menu-item-object-page menu-item-4040\"><a href=\"https:\/\/www.hakoh.com\/ru\/downloads\/\" class=\"elementor-item\">\u0421\u043a\u0430\u0447\u0430\u0442\u044c<\/a><\/li>\n<li class=\"menu-item menu-item-type-post_type menu-item-object-page menu-item-4041\"><a href=\"https:\/\/www.hakoh.com\/ru\/garantie\/\" class=\"elementor-item\">\u0413\u0430\u0440\u0430\u043d\u0442\u0438\u044f<\/a><\/li>\n<\/ul>\t\t\t<\/nav>\n\t\t\t\t\t<div class=\"elementor-menu-toggle\" role=\"button\" tabindex=\"0\" aria-label=\"\u041f\u0435\u0440\u0435\u043a\u043b\u044e\u0447\u0430\u0442\u0435\u043b\u044c \u043c\u0435\u043d\u044e\" aria-expanded=\"false\">\n\t\t\t<i aria-hidden=\"true\" role=\"presentation\" class=\"elementor-menu-toggle__icon--open eicon-menu-bar\"><\/i><i aria-hidden=\"true\" role=\"presentation\" class=\"elementor-menu-toggle__icon--close eicon-close\"><\/i>\t\t<\/div>\n\t\t\t\t\t<nav class=\"elementor-nav-menu--dropdown elementor-nav-menu__container\" aria-hidden=\"true\">\n\t\t\t\t<ul id=\"menu-2-f15bf5c\" class=\"elementor-nav-menu sm-vertical\"><li class=\"menu-item menu-item-type-post_type menu-item-object-page menu-item-318\"><a href=\"https:\/\/www.hakoh.com\/ru\/kontakt\/\" class=\"elementor-item\" tabindex=\"-1\">\u041a\u043e\u043d\u0442\u0430\u043a\u0442\u044b \u0438 \u043c\u0435\u0441\u0442\u043e\u043f\u043e\u043b\u043e\u0436\u0435\u043d\u0438\u0435<\/a><\/li>\n<li class=\"menu-item menu-item-type-post_type menu-item-object-page menu-item-319\"><a href=\"https:\/\/www.hakoh.com\/ru\/ueber-uns\/\" class=\"elementor-item\" tabindex=\"-1\">\u041e \u043d\u0430\u0441<\/a><\/li>\n<li class=\"menu-item menu-item-type-custom menu-item-object-custom menu-item-1355\"><a href=\"https:\/\/hakoh-gmbh.jobs.personio.de\/\" class=\"elementor-item\" tabindex=\"-1\">\u0420\u0430\u0431\u043e\u0442\u0430<\/a><\/li>\n<li class=\"menu-item menu-item-type-post_type menu-item-object-page menu-item-4040\"><a href=\"https:\/\/www.hakoh.com\/ru\/downloads\/\" class=\"elementor-item\" tabindex=\"-1\">\u0421\u043a\u0430\u0447\u0430\u0442\u044c<\/a><\/li>\n<li class=\"menu-item menu-item-type-post_type menu-item-object-page menu-item-4041\"><a href=\"https:\/\/www.hakoh.com\/ru\/garantie\/\" class=\"elementor-item\" tabindex=\"-1\">\u0413\u0430\u0440\u0430\u043d\u0442\u0438\u044f<\/a><\/li>\n<\/ul>\t\t\t<\/nav>\n\t\t\t\t\t\t<\/div>\n\t\t\t\t<\/div>\n\t\t\t\t\t<\/div>\n\t\t<\/div>\n\t\t\t\t<div class=\"elementor-column elementor-col-50 elementor-top-column elementor-element elementor-element-6de3a96\" data-id=\"6de3a96\" data-element_type=\"column\" data-e-type=\"column\">\n\t\t\t<div class=\"elementor-widget-wrap elementor-element-populated\">\n\t\t\t\t\t\t<div class=\"elementor-element elementor-element-1b1dc30 elementor-widget elementor-widget-heading\" data-id=\"1b1dc30\" data-element_type=\"widget\" data-e-type=\"widget\" data-widget_type=\"heading.default\">\n\t\t\t\t<div class=\"elementor-widget-container\">\n\t\t\t\t\t<h2 class=\"elementor-heading-title elementor-size-default\">\u0423\u0441\u043b\u043e\u0432\u0438\u044f \u0434\u043e\u0441\u0442\u0430\u0432\u043a\u0438<\/h2>\t\t\t\t<\/div>\n\t\t\t\t<\/div>\n\t\t\t\t<div class=\"elementor-element elementor-element-c36fc4a elementor-widget elementor-widget-text-editor\" data-id=\"c36fc4a\" data-element_type=\"widget\" data-e-type=\"widget\" data-widget_type=\"text-editor.default\">\n\t\t\t\t<div class=\"elementor-widget-container\">\n\t\t\t\t\t\t\t\t\t<div class=\"am-item\"><p>\u0414\u043e\u0441\u0442\u0430\u0432\u043a\u0430 \u043e\u0441\u0443\u0449\u0435\u0441\u0442\u0432\u043b\u044f\u0435\u0442\u0441\u044f \u043f\u043e \u0413\u0435\u0440\u043c\u0430\u043d\u0438\u0438 \u0438 \u0437\u0430 \u0440\u0443\u0431\u0435\u0436 \u043f\u043e \u0437\u0430\u043f\u0440\u043e\u0441\u0443.<\/p><h4><strong>\u0421\u0442\u043e\u0438\u043c\u043e\u0441\u0442\u044c \u0434\u043e\u0441\u0442\u0430\u0432\u043a\u0438<\/strong><\/h4><ul><li>\u0421\u0442\u043e\u0438\u043c\u043e\u0441\u0442\u044c \u0434\u043e\u0441\u0442\u0430\u0432\u043a\u0438 \u043f\u043e \u0413\u0435\u0440\u043c\u0430\u043d\u0438\u0438 \u20ac 5,90<\/li><li>\u0411\u0435\u0441\u043f\u043b\u0430\u0442\u043d\u0430\u044f \u0434\u043e\u0441\u0442\u0430\u0432\u043a\u0430 \u043f\u0440\u0438 \u0437\u0430\u043a\u0430\u0437\u0435 \u0441\u0432\u044b\u0448\u0435 75 \u0435\u0432\u0440\u043e.<\/li><li>\u0421\u0442\u043e\u0438\u043c\u043e\u0441\u0442\u044c \u0434\u043e\u0441\u0442\u0430\u0432\u043a\u0438 \u043f\u043e \u0413\u0435\u0440\u043c\u0430\u043d\u0438\u0438 \u043a\u0440\u0443\u043f\u043d\u043e\u0433\u0430\u0431\u0430\u0440\u0438\u0442\u043d\u044b\u0445 \u0433\u0440\u0443\u0437\u043e\u0432 \u043e\u0442 \u20ac 39,90<\/li><li>\u0421\u0442\u043e\u0438\u043c\u043e\u0441\u0442\u044c \u0434\u043e\u0441\u0442\u0430\u0432\u043a\u0438 \u043e\u0442\u0434\u0435\u043b\u044c\u043d\u044b\u0445 \u0442\u043e\u0432\u0430\u0440\u043e\u0432 \u043c\u043e\u0436\u0435\u0442 \u0432\u0430\u0440\u044c\u0438\u0440\u043e\u0432\u0430\u0442\u044c\u0441\u044f \u0438 \u0443\u043a\u0430\u0437\u044b\u0432\u0430\u0435\u0442\u0441\u044f \u0432 \u044f\u0432\u043d\u043e\u043c \u0432\u0438\u0434\u0435 \u043d\u0430 \u0442\u043e\u0432\u0430\u0440\u0435<\/li><li>\u0421\u0442\u043e\u0438\u043c\u043e\u0441\u0442\u044c \u0434\u043e\u0441\u0442\u0430\u0432\u043a\u0438 \u0437\u0430 \u0433\u0440\u0430\u043d\u0438\u0446\u0443 \u043f\u043e \u0437\u0430\u043f\u0440\u043e\u0441\u0443<\/li><li>\u00a0<\/li><\/ul><p><strong>\u0414\u043b\u044f \u043a\u0440\u0443\u043f\u043d\u044b\u0445 \u0437\u0430\u043a\u0430\u0437\u043e\u0432 \u043c\u044b \u043e\u0441\u0442\u0430\u0432\u043b\u044f\u0435\u043c \u0437\u0430 \u0441\u043e\u0431\u043e\u0439 \u043f\u0440\u0430\u0432\u043e \u043a\u043e\u0440\u0440\u0435\u043a\u0442\u0438\u0440\u043e\u0432\u0430\u0442\u044c \u0441\u0442\u043e\u0438\u043c\u043e\u0441\u0442\u044c \u0434\u043e\u0441\u0442\u0430\u0432\u043a\u0438 \u0432 \u0437\u0430\u0432\u0438\u0441\u0438\u043c\u043e\u0441\u0442\u0438 \u043e\u0442 \u043e\u0431\u044a\u0435\u043c\u0430 \u0437\u0430\u043a\u0430\u0437\u0430.<\/strong>\u00a0\u041f\u043e \u043b\u043e\u0433\u0438\u0441\u0442\u0438\u0447\u0435\u0441\u043a\u0438\u043c \u0441\u043e\u043e\u0431\u0440\u0430\u0436\u0435\u043d\u0438\u044f\u043c \u043d\u0435\u043a\u043e\u0442\u043e\u0440\u044b\u0435 \u0442\u043e\u0432\u0430\u0440\u044b \u0434\u043e\u0441\u0442\u0430\u0432\u043b\u044f\u044e\u0442\u0441\u044f \u044d\u043a\u0441\u043f\u0435\u0434\u0438\u0442\u043e\u0440\u043e\u043c.<\/p><h4><strong>\u0421\u0440\u043e\u043a\u0438 \u0434\u043e\u0441\u0442\u0430\u0432\u043a\u0438<\/strong><\/h4><p>\u0415\u0441\u043b\u0438 \u0432 \u0441\u043e\u043e\u0442\u0432\u0435\u0442\u0441\u0442\u0432\u0443\u044e\u0449\u0435\u043c \u043f\u0440\u0435\u0434\u043b\u043e\u0436\u0435\u043d\u0438\u0438 \u043d\u0435 \u0443\u043a\u0430\u0437\u0430\u043d\u043e \u0438\u043d\u043e\u0435, \u0442\u043e\u0432\u0430\u0440\u044b \u0434\u043e\u0441\u0442\u0430\u0432\u043b\u044f\u044e\u0442\u0441\u044f \u0432 \u0442\u0435\u0447\u0435\u043d\u0438\u0435 3-4 \u0434\u043d\u0435\u0439 \u043f\u043e \u0413\u0435\u0440\u043c\u0430\u043d\u0438\u0438. \u041e\u0431\u0440\u0430\u0442\u0438\u0442\u0435 \u0432\u043d\u0438\u043c\u0430\u043d\u0438\u0435, \u0447\u0442\u043e \u043f\u043e \u0432\u043e\u0441\u043a\u0440\u0435\u0441\u0435\u043d\u044c\u044f\u043c \u0438 \u043f\u0440\u0430\u0437\u0434\u043d\u0438\u0447\u043d\u044b\u043c \u0434\u043d\u044f\u043c \u0434\u043e\u0441\u0442\u0430\u0432\u043a\u0430 \u043d\u0435 \u043e\u0441\u0443\u0449\u0435\u0441\u0442\u0432\u043b\u044f\u0435\u0442\u0441\u044f.<\/p><p>\u0415\u0441\u043b\u0438 \u0432\u044b \u0437\u0430\u043a\u0430\u0437\u0430\u043b\u0438 \u0442\u043e\u0432\u0430\u0440\u044b \u0441 \u0440\u0430\u0437\u043d\u044b\u043c\u0438 \u0441\u0440\u043e\u043a\u0430\u043c\u0438 \u0434\u043e\u0441\u0442\u0430\u0432\u043a\u0438, \u043c\u044b \u043e\u0442\u043f\u0440\u0430\u0432\u0438\u043c \u0438\u0445 \u043e\u0434\u043d\u043e\u0439 \u043f\u0430\u0440\u0442\u0438\u0435\u0439, \u0435\u0441\u043b\u0438 \u043d\u0435 \u0434\u043e\u0433\u043e\u0432\u043e\u0440\u0438\u043c\u0441\u044f \u0441 \u0432\u0430\u043c\u0438 \u043e\u0431 \u0438\u043d\u043e\u043c. \u0412 \u044d\u0442\u043e\u043c \u0441\u043b\u0443\u0447\u0430\u0435 \u0441\u0440\u043e\u043a \u0434\u043e\u0441\u0442\u0430\u0432\u043a\u0438 \u043e\u043f\u0440\u0435\u0434\u0435\u043b\u044f\u0435\u0442\u0441\u044f \u043f\u043e \u0437\u0430\u043a\u0430\u0437\u0430\u043d\u043d\u043e\u043c\u0443 \u0432\u0430\u043c\u0438 \u0442\u043e\u0432\u0430\u0440\u0443 \u0441 \u0441\u0430\u043c\u044b\u043c \u0434\u043b\u0438\u0442\u0435\u043b\u044c\u043d\u044b\u043c \u0441\u0440\u043e\u043a\u043e\u043c \u0434\u043e\u0441\u0442\u0430\u0432\u043a\u0438.<\/p><\/div>\t\t\t\t\t\t\t\t<\/div>\n\t\t\t\t<\/div>\n\t\t\t\t\t<\/div>\n\t\t<\/div>\n\t\t\t\t\t<\/div>\n\t\t<\/section>\n\t\t\t\t<section class=\"elementor-section elementor-top-section elementor-element elementor-element-cd6fb15 elementor-hidden-desktop elementor-section-boxed elementor-section-height-default elementor-section-height-default\" data-id=\"cd6fb15\" data-element_type=\"section\" data-e-type=\"section\">\n\t\t\t\t\t\t<div class=\"elementor-container elementor-column-gap-default\">\n\t\t\t\t\t<div class=\"elementor-column elementor-col-100 elementor-top-column elementor-element elementor-element-5f0b73a\" data-id=\"5f0b73a\" data-element_type=\"column\" data-e-type=\"column\">\n\t\t\t<div class=\"elementor-widget-wrap elementor-element-populated\">\n\t\t\t\t\t\t<div class=\"elementor-element elementor-element-fcaaf4d elementor-widget elementor-widget-heading\" data-id=\"fcaaf4d\" data-element_type=\"widget\" data-e-type=\"widget\" data-widget_type=\"heading.default\">\n\t\t\t\t<div class=\"elementor-widget-container\">\n\t\t\t\t\t<h2 class=\"elementor-heading-title elementor-size-default\">\u0421\u0435\u0440\u0432\u0438\u0441<\/h2>\t\t\t\t<\/div>\n\t\t\t\t<\/div>\n\t\t\t\t<div class=\"elementor-element elementor-element-b13d442 elementor-nav-menu__align-start elementor-nav-menu--dropdown-tablet elementor-nav-menu__text-align-aside elementor-widget elementor-widget-nav-menu\" data-id=\"b13d442\" data-element_type=\"widget\" data-e-type=\"widget\" data-settings=\"{&quot;layout&quot;:&quot;vertical&quot;,&quot;submenu_icon&quot;:{&quot;value&quot;:&quot;&lt;i class=\\&quot;fas fa-caret-down\\&quot; aria-hidden=\\&quot;true\\&quot;&gt;&lt;\\\/i&gt;&quot;,&quot;library&quot;:&quot;fa-solid&quot;}}\" data-widget_type=\"nav-menu.default\">\n\t\t\t\t<div class=\"elementor-widget-container\">\n\t\t\t\t\t\t\t\t<nav aria-label=\"\u041c\u0435\u043d\u044e\" class=\"elementor-nav-menu--main elementor-nav-menu__container elementor-nav-menu--layout-vertical e--pointer-background e--animation-fade\">\n\t\t\t\t<ul id=\"menu-1-b13d442\" class=\"elementor-nav-menu sm-vertical\"><li class=\"menu-item menu-item-type-post_type menu-item-object-page menu-item-318\"><a href=\"https:\/\/www.hakoh.com\/ru\/kontakt\/\" class=\"elementor-item\">\u041a\u043e\u043d\u0442\u0430\u043a\u0442\u044b \u0438 \u043c\u0435\u0441\u0442\u043e\u043f\u043e\u043b\u043e\u0436\u0435\u043d\u0438\u0435<\/a><\/li>\n<li class=\"menu-item menu-item-type-post_type menu-item-object-page menu-item-319\"><a href=\"https:\/\/www.hakoh.com\/ru\/ueber-uns\/\" class=\"elementor-item\">\u041e \u043d\u0430\u0441<\/a><\/li>\n<li class=\"menu-item menu-item-type-custom menu-item-object-custom menu-item-1355\"><a href=\"https:\/\/hakoh-gmbh.jobs.personio.de\/\" class=\"elementor-item\">\u0420\u0430\u0431\u043e\u0442\u0430<\/a><\/li>\n<li class=\"menu-item menu-item-type-post_type menu-item-object-page menu-item-4040\"><a href=\"https:\/\/www.hakoh.com\/ru\/downloads\/\" class=\"elementor-item\">\u0421\u043a\u0430\u0447\u0430\u0442\u044c<\/a><\/li>\n<li class=\"menu-item menu-item-type-post_type menu-item-object-page menu-item-4041\"><a href=\"https:\/\/www.hakoh.com\/ru\/garantie\/\" class=\"elementor-item\">\u0413\u0430\u0440\u0430\u043d\u0442\u0438\u044f<\/a><\/li>\n<\/ul>\t\t\t<\/nav>\n\t\t\t\t\t\t<nav class=\"elementor-nav-menu--dropdown elementor-nav-menu__container\" aria-hidden=\"true\">\n\t\t\t\t<ul id=\"menu-2-b13d442\" class=\"elementor-nav-menu sm-vertical\"><li class=\"menu-item menu-item-type-post_type menu-item-object-page menu-item-318\"><a href=\"https:\/\/www.hakoh.com\/ru\/kontakt\/\" class=\"elementor-item\" tabindex=\"-1\">\u041a\u043e\u043d\u0442\u0430\u043a\u0442\u044b \u0438 \u043c\u0435\u0441\u0442\u043e\u043f\u043e\u043b\u043e\u0436\u0435\u043d\u0438\u0435<\/a><\/li>\n<li class=\"menu-item menu-item-type-post_type menu-item-object-page menu-item-319\"><a href=\"https:\/\/www.hakoh.com\/ru\/ueber-uns\/\" class=\"elementor-item\" tabindex=\"-1\">\u041e \u043d\u0430\u0441<\/a><\/li>\n<li class=\"menu-item menu-item-type-custom menu-item-object-custom menu-item-1355\"><a href=\"https:\/\/hakoh-gmbh.jobs.personio.de\/\" class=\"elementor-item\" tabindex=\"-1\">\u0420\u0430\u0431\u043e\u0442\u0430<\/a><\/li>\n<li class=\"menu-item menu-item-type-post_type menu-item-object-page menu-item-4040\"><a href=\"https:\/\/www.hakoh.com\/ru\/downloads\/\" class=\"elementor-item\" tabindex=\"-1\">\u0421\u043a\u0430\u0447\u0430\u0442\u044c<\/a><\/li>\n<li class=\"menu-item menu-item-type-post_type menu-item-object-page menu-item-4041\"><a href=\"https:\/\/www.hakoh.com\/ru\/garantie\/\" class=\"elementor-item\" tabindex=\"-1\">\u0413\u0430\u0440\u0430\u043d\u0442\u0438\u044f<\/a><\/li>\n<\/ul>\t\t\t<\/nav>\n\t\t\t\t\t\t<\/div>\n\t\t\t\t<\/div>\n\t\t\t\t<div class=\"elementor-element elementor-element-888a876 elementor-widget elementor-widget-heading\" data-id=\"888a876\" data-element_type=\"widget\" data-e-type=\"widget\" data-widget_type=\"heading.default\">\n\t\t\t\t<div class=\"elementor-widget-container\">\n\t\t\t\t\t<h2 class=\"elementor-heading-title elementor-size-default\">\u0423\u0441\u043b\u043e\u0432\u0438\u044f \u0434\u043e\u0441\u0442\u0430\u0432\u043a\u0438<\/h2>\t\t\t\t<\/div>\n\t\t\t\t<\/div>\n\t\t\t\t<div class=\"elementor-element elementor-element-23cfe2a elementor-widget elementor-widget-text-editor\" data-id=\"23cfe2a\" data-element_type=\"widget\" data-e-type=\"widget\" data-widget_type=\"text-editor.default\">\n\t\t\t\t<div class=\"elementor-widget-container\">\n\t\t\t\t\t\t\t\t\t<div class=\"am-item\"><p>\u0414\u043e\u0441\u0442\u0430\u0432\u043a\u0430 \u043e\u0441\u0443\u0449\u0435\u0441\u0442\u0432\u043b\u044f\u0435\u0442\u0441\u044f \u043f\u043e \u0413\u0435\u0440\u043c\u0430\u043d\u0438\u0438 \u0438 \u0437\u0430 \u0440\u0443\u0431\u0435\u0436 \u043f\u043e \u0437\u0430\u043f\u0440\u043e\u0441\u0443.<\/p><h4><strong>\u0421\u0442\u043e\u0438\u043c\u043e\u0441\u0442\u044c \u0434\u043e\u0441\u0442\u0430\u0432\u043a\u0438<\/strong><\/h4><ul><li>\u0421\u0442\u043e\u0438\u043c\u043e\u0441\u0442\u044c \u0434\u043e\u0441\u0442\u0430\u0432\u043a\u0438 \u043f\u043e \u0413\u0435\u0440\u043c\u0430\u043d\u0438\u0438 \u20ac 5,90<\/li><li>\u0411\u0435\u0441\u043f\u043b\u0430\u0442\u043d\u0430\u044f \u0434\u043e\u0441\u0442\u0430\u0432\u043a\u0430 \u043f\u0440\u0438 \u0437\u0430\u043a\u0430\u0437\u0435 \u0441\u0432\u044b\u0448\u0435 75 \u0435\u0432\u0440\u043e.<\/li><li>\u0421\u0442\u043e\u0438\u043c\u043e\u0441\u0442\u044c \u0434\u043e\u0441\u0442\u0430\u0432\u043a\u0438 \u043f\u043e \u0413\u0435\u0440\u043c\u0430\u043d\u0438\u0438 \u043a\u0440\u0443\u043f\u043d\u043e\u0433\u0430\u0431\u0430\u0440\u0438\u0442\u043d\u044b\u0445 \u0433\u0440\u0443\u0437\u043e\u0432 \u043e\u0442 \u20ac 39,90<\/li><li>\u0421\u0442\u043e\u0438\u043c\u043e\u0441\u0442\u044c \u0434\u043e\u0441\u0442\u0430\u0432\u043a\u0438 \u043e\u0442\u0434\u0435\u043b\u044c\u043d\u044b\u0445 \u0442\u043e\u0432\u0430\u0440\u043e\u0432 \u043c\u043e\u0436\u0435\u0442 \u0432\u0430\u0440\u044c\u0438\u0440\u043e\u0432\u0430\u0442\u044c\u0441\u044f \u0438 \u0443\u043a\u0430\u0437\u044b\u0432\u0430\u0435\u0442\u0441\u044f \u0432 \u044f\u0432\u043d\u043e\u043c \u0432\u0438\u0434\u0435 \u043d\u0430 \u0442\u043e\u0432\u0430\u0440\u0435<\/li><li>\u0421\u0442\u043e\u0438\u043c\u043e\u0441\u0442\u044c \u0434\u043e\u0441\u0442\u0430\u0432\u043a\u0438 \u0437\u0430 \u0433\u0440\u0430\u043d\u0438\u0446\u0443 \u043f\u043e \u0437\u0430\u043f\u0440\u043e\u0441\u0443<\/li><\/ul><p>\u00a0<\/p><p><strong>\u0414\u043b\u044f \u043a\u0440\u0443\u043f\u043d\u044b\u0445 \u0437\u0430\u043a\u0430\u0437\u043e\u0432 \u043c\u044b \u043e\u0441\u0442\u0430\u0432\u043b\u044f\u0435\u043c \u0437\u0430 \u0441\u043e\u0431\u043e\u0439 \u043f\u0440\u0430\u0432\u043e \u043a\u043e\u0440\u0440\u0435\u043a\u0442\u0438\u0440\u043e\u0432\u0430\u0442\u044c \u0441\u0442\u043e\u0438\u043c\u043e\u0441\u0442\u044c \u0434\u043e\u0441\u0442\u0430\u0432\u043a\u0438 \u0432 \u0437\u0430\u0432\u0438\u0441\u0438\u043c\u043e\u0441\u0442\u0438 \u043e\u0442 \u043e\u0431\u044a\u0435\u043c\u0430 \u0437\u0430\u043a\u0430\u0437\u0430.<\/strong>\u00a0\u041f\u043e \u043b\u043e\u0433\u0438\u0441\u0442\u0438\u0447\u0435\u0441\u043a\u0438\u043c \u0441\u043e\u043e\u0431\u0440\u0430\u0436\u0435\u043d\u0438\u044f\u043c \u043d\u0435\u043a\u043e\u0442\u043e\u0440\u044b\u0435 \u0442\u043e\u0432\u0430\u0440\u044b \u0434\u043e\u0441\u0442\u0430\u0432\u043b\u044f\u044e\u0442\u0441\u044f \u044d\u043a\u0441\u043f\u0435\u0434\u0438\u0442\u043e\u0440\u043e\u043c.<\/p><h4><strong>\u0421\u0440\u043e\u043a\u0438 \u0434\u043e\u0441\u0442\u0430\u0432\u043a\u0438<\/strong><\/h4><p>\u0415\u0441\u043b\u0438 \u0432 \u0441\u043e\u043e\u0442\u0432\u0435\u0442\u0441\u0442\u0432\u0443\u044e\u0449\u0435\u043c \u043f\u0440\u0435\u0434\u043b\u043e\u0436\u0435\u043d\u0438\u0438 \u043d\u0435 \u0443\u043a\u0430\u0437\u0430\u043d \u0434\u0440\u0443\u0433\u043e\u0439 \u0441\u0440\u043e\u043a, \u0442\u043e\u0432\u0430\u0440 \u0431\u0443\u0434\u0435\u0442 \u0434\u043e\u0441\u0442\u0430\u0432\u043b\u0435\u043d \u0432 \u0442\u0435\u0447\u0435\u043d\u0438\u0435 3-4 \u0434\u043d\u0435\u0439 \u043f\u043e \u0413\u0435\u0440\u043c\u0430\u043d\u0438\u0438.<br \/>\u041e\u0431\u0440\u0430\u0442\u0438\u0442\u0435 \u0432\u043d\u0438\u043c\u0430\u043d\u0438\u0435, \u0447\u0442\u043e \u043f\u043e \u0432\u043e\u0441\u043a\u0440\u0435\u0441\u0435\u043d\u044c\u044f\u043c \u0438 \u043f\u0440\u0430\u0437\u0434\u043d\u0438\u0447\u043d\u044b\u043c \u0434\u043d\u044f\u043c \u0434\u043e\u0441\u0442\u0430\u0432\u043a\u0430 \u043d\u0435 \u043e\u0441\u0443\u0449\u0435\u0441\u0442\u0432\u043b\u044f\u0435\u0442\u0441\u044f.<br \/>\u0415\u0441\u043b\u0438 \u0432\u044b \u0437\u0430\u043a\u0430\u0437\u0430\u043b\u0438 \u0442\u043e\u0432\u0430\u0440\u044b \u0441 \u0440\u0430\u0437\u043d\u044b\u043c\u0438 \u0441\u0440\u043e\u043a\u0430\u043c\u0438 \u0434\u043e\u0441\u0442\u0430\u0432\u043a\u0438, \u043c\u044b \u043e\u0442\u043f\u0440\u0430\u0432\u0438\u043c \u0438\u0445 \u043e\u0434\u043d\u043e\u0439 \u043f\u0430\u0440\u0442\u0438\u0435\u0439, \u0435\u0441\u043b\u0438 \u043d\u0435 \u0434\u043e\u0433\u043e\u0432\u043e\u0440\u0438\u043c\u0441\u044f \u0441 \u0432\u0430\u043c\u0438 \u043e\u0431 \u0438\u043d\u043e\u043c. \u0412 \u044d\u0442\u043e\u043c \u0441\u043b\u0443\u0447\u0430\u0435 \u0441\u0440\u043e\u043a \u0434\u043e\u0441\u0442\u0430\u0432\u043a\u0438 \u043e\u043f\u0440\u0435\u0434\u0435\u043b\u044f\u0435\u0442\u0441\u044f \u043f\u043e \u0437\u0430\u043a\u0430\u0437\u0430\u043d\u043d\u043e\u043c\u0443 \u0432\u0430\u043c\u0438 \u0442\u043e\u0432\u0430\u0440\u0443 \u0441 \u0441\u0430\u043c\u044b\u043c \u0434\u043b\u0438\u0442\u0435\u043b\u044c\u043d\u044b\u043c \u0441\u0440\u043e\u043a\u043e\u043c \u0434\u043e\u0441\u0442\u0430\u0432\u043a\u0438.<\/p><\/div>\t\t\t\t\t\t\t\t<\/div>\n\t\t\t\t<\/div>\n\t\t\t\t\t<\/div>\n\t\t<\/div>\n\t\t\t\t\t<\/div>\n\t\t<\/section>\n\t\t\t\t<\/div>","protected":false},"excerpt":{"rendered":"<p>Service Versandbedingungen Die Lieferung erfolgt innerhalb Deutschlands und auf Anfrage ins Ausland. Versandkosten Versandkosten innerhalb Deutschland \u20ac 5,90 Versand ab einer Bestellung von 75 \u20ac kostenfrei. Versandkosten innerhalb Deutschland f\u00fcr Sperrgut ab \u20ac 39,90 Versandkosten f\u00fcr einzelne Artikel k\u00f6nnen abweichen und werden am Artikel explizit ausgewiesen Versandkosten ins Ausland auf Anfrage Bei gr\u00f6\u00dferen Bestellungen behalten [&hellip;]<\/p>\n","protected":false},"author":1,"featured_media":0,"parent":0,"menu_order":0,"comment_status":"closed","ping_status":"closed","template":"elementor_header_footer","meta":{"inline_featured_image":false,"footnotes":""},"class_list":["post-176","page","type-page","status-publish","hentry"],"aioseo_notices":[],"_links":{"self":[{"href":"https:\/\/www.hakoh.com\/ru\/wp-json\/wp\/v2\/pages\/176","targetHints":{"allow":["GET"]}}],"collection":[{"href":"https:\/\/www.hakoh.com\/ru\/wp-json\/wp\/v2\/pages"}],"about":[{"href":"https:\/\/www.hakoh.com\/ru\/wp-json\/wp\/v2\/types\/page"}],"author":[{"embeddable":true,"href":"https:\/\/www.hakoh.com\/ru\/wp-json\/wp\/v2\/users\/1"}],"replies":[{"embeddable":true,"href":"https:\/\/www.hakoh.com\/ru\/wp-json\/wp\/v2\/comments?post=176"}],"version-history":[{"count":0,"href":"https:\/\/www.hakoh.com\/ru\/wp-json\/wp\/v2\/pages\/176\/revisions"}],"wp:attachment":[{"href":"https:\/\/www.hakoh.com\/ru\/wp-json\/wp\/v2\/media?parent=176"}],"curies":[{"name":"wp","href":"https:\/\/api.w.org\/{rel}","templated":true}]}}