{"id":3497,"date":"2023-11-09T14:34:38","date_gmt":"2023-11-09T13:34:38","guid":{"rendered":"https:\/\/www.hakoh.com\/?page_id=3497"},"modified":"2024-08-07T17:03:02","modified_gmt":"2024-08-07T15:03:02","slug":"garantie","status":"publish","type":"page","link":"https:\/\/www.hakoh.com\/fr\/garantie\/","title":{"rendered":"garantie"},"content":{"rendered":"<div data-elementor-type=\"wp-page\" data-elementor-id=\"3497\" class=\"elementor elementor-3497\" data-elementor-post-type=\"page\">\n\t\t\t\t<div class=\"elementor-element elementor-element-ae29638 e-flex e-con-boxed e-con e-parent\" data-id=\"ae29638\" data-element_type=\"container\" data-e-type=\"container\" data-settings=\"{&quot;background_background&quot;:&quot;classic&quot;}\">\n\t\t\t\t\t<div class=\"e-con-inner\">\n\t\t<div class=\"elementor-element elementor-element-a61c901 e-flex e-con-boxed e-con e-child\" data-id=\"a61c901\" data-element_type=\"container\" data-e-type=\"container\">\n\t\t\t\t\t<div class=\"e-con-inner\">\n\t\t\t\t<div class=\"elementor-element elementor-element-f215dbf elementor-widget elementor-widget-heading\" data-id=\"f215dbf\" data-element_type=\"widget\" data-e-type=\"widget\" data-widget_type=\"heading.default\">\n\t\t\t\t<div class=\"elementor-widget-container\">\n\t\t\t\t\t<h2 class=\"elementor-heading-title elementor-size-default\">HAKOH | GARANTIE<\/h2>\t\t\t\t<\/div>\n\t\t\t\t<\/div>\n\t\t\t\t<div class=\"elementor-element elementor-element-4cad443 elementor-widget elementor-widget-text-editor\" data-id=\"4cad443\" data-element_type=\"widget\" data-e-type=\"widget\" data-widget_type=\"text-editor.default\">\n\t\t\t\t<div class=\"elementor-widget-container\">\n\t\t\t\t\t\t\t\t\t<p>Nous appr\u00e9cions votre confiance dans nos produits et garantissons fermement leur qualit\u00e9.<\/p>\t\t\t\t\t\t\t\t<\/div>\n\t\t\t\t<\/div>\n\t\t\t\t\t<\/div>\n\t\t\t\t<\/div>\n\t\t\t\t\t<\/div>\n\t\t\t\t<\/div>\n\t\t<div class=\"elementor-element elementor-element-2e7ec32 e-flex e-con-boxed e-con e-parent\" data-id=\"2e7ec32\" data-element_type=\"container\" data-e-type=\"container\">\n\t\t\t\t\t<div class=\"e-con-inner\">\n\t\t<div class=\"elementor-element elementor-element-1e7b14f e-con-full e-flex e-con e-child\" data-id=\"1e7b14f\" data-element_type=\"container\" data-e-type=\"container\">\n\t\t\t\t<div class=\"elementor-element elementor-element-b5c0bb0 elementor-widget elementor-widget-heading\" data-id=\"b5c0bb0\" data-element_type=\"widget\" data-e-type=\"widget\" data-widget_type=\"heading.default\">\n\t\t\t\t<div class=\"elementor-widget-container\">\n\t\t\t\t\t<h4 class=\"elementor-heading-title elementor-size-default\">Excellente qualit\u00e9, certitude in\u00e9gal\u00e9e<\/h4>\t\t\t\t<\/div>\n\t\t\t\t<\/div>\n\t\t\t\t<div class=\"elementor-element elementor-element-7e07fba elementor-widget elementor-widget-heading\" data-id=\"7e07fba\" data-element_type=\"widget\" data-e-type=\"widget\" data-widget_type=\"heading.default\">\n\t\t\t\t<div class=\"elementor-widget-container\">\n\t\t\t\t\t<h4 class=\"elementor-heading-title elementor-size-default\"> Votre satisfaction est notre promesse !<\/h4>\t\t\t\t<\/div>\n\t\t\t\t<\/div>\n\t\t\t\t<div class=\"elementor-element elementor-element-fcb7386 elementor-widget elementor-widget-text-editor\" data-id=\"fcb7386\" data-element_type=\"widget\" data-e-type=\"widget\" data-widget_type=\"text-editor.default\">\n\t\t\t\t<div class=\"elementor-widget-container\">\n\t\t\t\t\t\t\t\t\t<p>Nous sommes fiers de proposer des produits de haute qualit\u00e9, con\u00e7us pour durer et \u00eatre performants. Votre satisfaction est notre priorit\u00e9 absolue. Sur cette page, vous trouverez toutes les informations et documents n\u00e9cessaires concernant la garantie de nos produits.<\/p>\t\t\t\t\t\t\t\t<\/div>\n\t\t\t\t<\/div>\n\t\t\t\t<\/div>\n\t\t\t\t\t<\/div>\n\t\t\t\t<\/div>\n\t\t<div class=\"elementor-element elementor-element-4627918 e-flex e-con-boxed e-con e-parent\" data-id=\"4627918\" data-element_type=\"container\" data-e-type=\"container\">\n\t\t\t\t\t<div class=\"e-con-inner\">\n\t\t<div class=\"elementor-element elementor-element-3645a71 e-con-full e-flex e-con e-child\" data-id=\"3645a71\" data-element_type=\"container\" data-e-type=\"container\">\n\t\t\t\t<div class=\"elementor-element elementor-element-9380d1c form elementor-widget elementor-widget-html\" data-id=\"9380d1c\" data-element_type=\"widget\" data-e-type=\"widget\" data-widget_type=\"html.default\">\n\t\t\t\t<div class=\"elementor-widget-container\">\n\t\t\t\t\t<form method=\"post\" action=\"https:\/\/hakoh.weclapp.com\/webapp\/seam\/resource\/rest\/web2ticket?charset=UTF-8\" accept-charset=\"UTF-8\" enctype=\"multipart\/form-data\">\n<script>window.jQuery || document.write('<script src=\"https:\/\/ajax.googleapis.com\/ajax\/libs\/jquery\/2.1.3\/jquery.min.js\"><\\\/script>')<\/script>\n \n<script>\n \n        $(function() {\n                var salt = (new Date).getTime().toString().substr(0, 12);\n                var value1 = Math.floor((Math.random() * 10));\n                var value2 = Math.floor((Math.random() * 10));\n                value1salt= salt + value1.toString(); \n                value2salt= salt + value2.toString(); \n                $(\"#idWC_captchaValue1\").val(value1salt);\n                $(\"#idWC_captchaValue2\").val(value2salt);\n                $(\".wc-captcha-value1\").append(value1);\n                $(\".wc-captcha-value2\").append(value2);\n        });\n \n<\/script>\n<label for=\"idWC_subject\">Concernant<\/label><input type=\"text\" id=\"idWC_subject\" name=\"subject\" maxlength=\"150\" \/><br \/>\n<label for=\"idWC_category\">cat\u00e9gorie<\/label><select id=\"idWC_category\" name=\"category\" >\n<option value=\"null\">Aucune cat\u00e9gorie<\/option>\n<option value=\"Organisation\">organisation<\/option>\n<option value=\"Produkte\">Produits<\/option>\n<\/select><br \/>\n<label for=\"idWC_priority\">priorit\u00e9<\/label><select id=\"idWC_priority\" name=\"priority\" >\n<option value=\"normal\">normale<\/option>\n<option value=\"mittel\">moyen<\/option>\n<option value=\"hoch\">haut<\/option>\n<\/select><br \/>\n<label for=\"idWC_type\">Type de billet<\/label><select id=\"idWC_type\" name=\"type\" >\n<option value=\"null\">choisir<\/option>\n<option value=\"Frage\">Demander<\/option>\n<option value=\"Incident\">Incident<\/option>\n<option value=\"Problem\">probl\u00e8me<\/option>\n<option value=\"Change Request\">Demande de changement<\/option>\n<\/select><br \/>\n<label for=\"idWC_email\">e-Mail<\/label><input type=\"text\" id=\"idWC_email\" name=\"email\" maxlength=\"1000\" \/><br \/>\n<label for=\"idWC_salutation\">Salutation<\/label><select id=\"idWC_salutation\" name=\"salutation\" >\n<option value=\"MR\">Monsieur<\/option>\n<option value=\"MRS\">Femme<\/option>\n<\/select><br \/>\n<label for=\"idWC_firstname\">Pr\u00e9nom<\/label><input type=\"text\" id=\"idWC_firstname\" name=\"firstname\" maxlength=\"1000\" \/><br \/>\n<label for=\"idWC_lastName\">Nom de famille<\/label><input type=\"text\" id=\"idWC_lastName\" name=\"lastName\" maxlength=\"1000\" \/><br \/>\n<label for=\"idWC_phone\">t\u00e9l\u00e9phone<\/label><input type=\"text\" id=\"idWC_phone\" name=\"phone\" maxlength=\"1000\" \/><br \/>\n<label for=\"idWC_mobile\">Mobile<\/label><input type=\"text\" id=\"idWC_mobile\" name=\"mobile\" maxlength=\"1000\" \/><br \/>\n<label for=\"idWC_fax\">fax<\/label><input type=\"text\" id=\"idWC_fax\" name=\"fax\" maxlength=\"1000\" \/><br \/>\n<label for=\"idWC_documents\">Documents<\/label><input type=\"file\" id=\"idWC_documents\" name=\"documents\" multiple \/><br \/>\n<label for=\"idWC_company_name\">entreprise<\/label><input type=\"text\" id=\"idWC_company_name\" name=\"company_name\" maxlength=\"1000\" \/><br \/>\n<label for=\"idWC_company_name2\">Suffixe de l'entreprise<\/label><input type=\"text\" id=\"idWC_company_name2\" name=\"company_name2\" maxlength=\"1000\" \/><br \/>\n<label for=\"idWC_website\">Site web<\/label><input type=\"text\" id=\"idWC_website\" name=\"website\" maxlength=\"1000\" \/><br \/>\n<label for=\"idWC_street\">Rue<\/label><input type=\"text\" id=\"idWC_street\" name=\"street\" maxlength=\"1000\" \/><br \/>\n<label for=\"idWC_street2\">Suffixe d'adresse<\/label><input type=\"text\" id=\"idWC_street2\" name=\"street2\" maxlength=\"1000\" \/><br \/>\n<label for=\"idWC_zipcode\">Code Postal<\/label><input type=\"text\" id=\"idWC_zipcode\" name=\"zipcode\" maxlength=\"1000\" \/><br \/>\n<label for=\"idWC_city\">Ville<\/label><input type=\"text\" id=\"idWC_city\" name=\"city\" maxlength=\"1000\" \/><br \/>\n<label for=\"idWC_opt_in\">E-mail d'inscription<\/label><input value=\"true\" type=\"checkbox\" id=\"idWC_opt_in\" name=\"opt_in\" >\n<\/input><br \/>\n<label for=\"idWC_opt_in_phone\">Opt-in par t\u00e9l\u00e9phone<\/label><input value=\"true\" type=\"checkbox\" id=\"idWC_opt_in_phone\" name=\"opt_in_phone\" >\n<\/input><br \/>\n<label for=\"idWC_opt_in_sms\">SMS d'inscription<\/label><input value=\"true\" type=\"checkbox\" id=\"idWC_opt_in_sms\" name=\"opt_in_sms\" >\n<\/input><br \/>\n<label for=\"idWC_opt_in_letter\">Lettre d'adh\u00e9sion<\/label><input value=\"true\" type=\"checkbox\" id=\"idWC_opt_in_letter\" name=\"opt_in_letter\" >\n<\/input><br \/>\n<label for=\"idWC_KaufDat\" style=\"vertical-align: top\">Date d'achat<\/label><input type=\"text\" id=\"idWC_KaufDat\" name=\"KaufDat\" value=\"\"\/><br \/>\n<label for=\"idWC_RechNr\" style=\"vertical-align: top\">Num\u00e9ro de facture<\/label><input type=\"text\" id=\"idWC_RechNr\" name=\"RechNr\" value=\"\"\/><br \/>\n<label for=\"idWC_GeraetDat\" style=\"vertical-align: top\">Donn\u00e9es de l'appareil<\/label><input type=\"text\" id=\"idWC_GeraetDat\" name=\"GeraetDat\" value=\"Bitte geben Sie hier die Ger\u00e4tedaten ein.\"\/><br \/>\n<label for=\"idWC_ModelNr\" style=\"vertical-align: top\">Num\u00e9ro de mod\u00e8le<\/label><input type=\"text\" id=\"idWC_ModelNr\" name=\"ModelNr\" value=\"\"\/><br \/>\n<div>\n<h3>Captcha<\/h3>\n<p>Pour vous assurer que vous n'\u00eates pas un robot spammeur, r\u00e9solvez l'\u00e9quation suivante :\n<div class=\"wc-captcha-question\">\n<span class=\"wc-captcha-value1\"><\/span> + <span class=\"wc-captcha-value2\"><\/span><span style=\"padding-left: 1px;\"><\/span> = \n<input type=\"text\" id=\"idWC_captchaResult\" name=\"captchaResult\" maxlength=\"2\" \/>\n<input type=\"hidden\" id=\"idWC_captchaValue1\" name=\"captchaValue1\" \/>\n<input type=\"hidden\" id=\"idWC_captchaValue2\" name=\"captchaValue2\" \/>\n<\/div>\n<\/div>\n<input type=\"hidden\" name=\"honeypot\" value=\"\" \/><br \/>\n<input type=\"hidden\" name=\"token\" value=\"56a83ed2-2a05-4f6f-8592-535180488534\" \/><br \/>\n<input type=\"submit\" value=\"Envoyer\" \/><\/form>\n\t\t\t\t<\/div>\n\t\t\t\t<\/div>\n\t\t\t\t<\/div>\n\t\t\t\t\t<\/div>\n\t\t\t\t<\/div>\n\t\t\t\t<\/div>","protected":false},"excerpt":{"rendered":"<p>HAKOH | GARANTIE Wir sch\u00e4tzen Ihr Vertrauen in unsere Produkte und stehen fest hinter ihrer Qualit\u00e4t. Exzellente Qualit\u00e4t, un\u00fcbertroffene Gewissheit Ihre Zufriedenheit ist unser Versprechen! Wir sind stolz darauf, qualitativ hochwertige Produkte anzubieten, die auf Langlebigkeit und Leistung ausgelegt sind. Ihre Zufriedenheit steht f\u00fcr uns an erster Stelle. Auf dieser Seite finden Sie alle Informationen [&hellip;]<\/p>\n","protected":false},"author":1,"featured_media":0,"parent":0,"menu_order":0,"comment_status":"closed","ping_status":"closed","template":"elementor_header_footer","meta":{"inline_featured_image":false,"footnotes":""},"class_list":["post-3497","page","type-page","status-publish","hentry"],"aioseo_notices":[],"_links":{"self":[{"href":"https:\/\/www.hakoh.com\/fr\/wp-json\/wp\/v2\/pages\/3497","targetHints":{"allow":["GET"]}}],"collection":[{"href":"https:\/\/www.hakoh.com\/fr\/wp-json\/wp\/v2\/pages"}],"about":[{"href":"https:\/\/www.hakoh.com\/fr\/wp-json\/wp\/v2\/types\/page"}],"author":[{"embeddable":true,"href":"https:\/\/www.hakoh.com\/fr\/wp-json\/wp\/v2\/users\/1"}],"replies":[{"embeddable":true,"href":"https:\/\/www.hakoh.com\/fr\/wp-json\/wp\/v2\/comments?post=3497"}],"version-history":[{"count":0,"href":"https:\/\/www.hakoh.com\/fr\/wp-json\/wp\/v2\/pages\/3497\/revisions"}],"wp:attachment":[{"href":"https:\/\/www.hakoh.com\/fr\/wp-json\/wp\/v2\/media?parent=3497"}],"curies":[{"name":"wp","href":"https:\/\/api.w.org\/{rel}","templated":true}]}}