{"id":30987,"date":"2024-08-08T15:34:21","date_gmt":"2024-08-08T13:34:21","guid":{"rendered":"https:\/\/www.hakoh.com\/?page_id=30987"},"modified":"2024-08-08T15:48:41","modified_gmt":"2024-08-08T13:48:41","slug":"comparer","status":"publish","type":"page","link":"https:\/\/www.hakoh.com\/fr\/vergleichen\/","title":{"rendered":"Comparer"},"content":{"rendered":"<div data-elementor-type=\"wp-page\" data-elementor-id=\"30987\" class=\"elementor elementor-30987\" data-elementor-post-type=\"page\">\n\t\t\t\t<div class=\"elementor-element elementor-element-fa054fb e-flex e-con-boxed e-con e-parent\" data-id=\"fa054fb\" data-element_type=\"container\" data-e-type=\"container\">\n\t\t\t\t\t<div class=\"e-con-inner\">\n\t\t\t\t<div class=\"elementor-element elementor-element-1c97454 elementor-widget elementor-widget-heading\" data-id=\"1c97454\" data-element_type=\"widget\" data-e-type=\"widget\" data-widget_type=\"heading.default\">\n\t\t\t\t<div class=\"elementor-widget-container\">\n\t\t\t\t\t<h2 class=\"elementor-heading-title elementor-size-default\">Comparaison des produits<\/h2>\t\t\t\t<\/div>\n\t\t\t\t<\/div>\n\t\t\t\t<div class=\"elementor-element elementor-element-b22130a elementor-widget elementor-widget-text-editor\" data-id=\"b22130a\" data-element_type=\"widget\" data-e-type=\"widget\" data-widget_type=\"text-editor.default\">\n\t\t\t\t<div class=\"elementor-widget-container\">\n\t\t\t\t\t\t\t\t\t<p>Sur cette page, tu peux comparer les produits que tu as s\u00e9lectionn\u00e9s afin de prendre la meilleure d\u00e9cision. Regarde les d\u00e9tails, les \u00e9valuations et les prix des produits et trouve le produit parfait pour tes besoins. Nous t'aidons \u00e0 faire le bon choix !<\/p>\t\t\t\t\t\t\t\t<\/div>\n\t\t\t\t<\/div>\n\t\t\t\t\t<\/div>\n\t\t\t\t<\/div>\n\t\t\t\t<\/div>","protected":false},"excerpt":{"rendered":"<p>Produkte im Vergleich Auf dieser Seite kannst du deine ausgew\u00e4hlten Produkte miteinander vergleichen, um die beste Entscheidung zu treffen. Schau dir die Details, Bewertungen und Preise der Produkte an und finde das perfekte Produkt f\u00fcr deine Bed\u00fcrfnisse. Wir helfen dir, die richtige Wahl zu treffen! Entfernen Biergarten Stuhl FLORALIS 4 SEASONS ohne Armlehnen &#8211; Weiterlesen [&hellip;]<\/p>\n","protected":false},"author":1,"featured_media":0,"parent":0,"menu_order":0,"comment_status":"closed","ping_status":"closed","template":"","meta":{"inline_featured_image":false,"footnotes":""},"class_list":["post-30987","page","type-page","status-publish","hentry"],"aioseo_notices":[],"_links":{"self":[{"href":"https:\/\/www.hakoh.com\/fr\/wp-json\/wp\/v2\/pages\/30987","targetHints":{"allow":["GET"]}}],"collection":[{"href":"https:\/\/www.hakoh.com\/fr\/wp-json\/wp\/v2\/pages"}],"about":[{"href":"https:\/\/www.hakoh.com\/fr\/wp-json\/wp\/v2\/types\/page"}],"author":[{"embeddable":true,"href":"https:\/\/www.hakoh.com\/fr\/wp-json\/wp\/v2\/users\/1"}],"replies":[{"embeddable":true,"href":"https:\/\/www.hakoh.com\/fr\/wp-json\/wp\/v2\/comments?post=30987"}],"version-history":[{"count":0,"href":"https:\/\/www.hakoh.com\/fr\/wp-json\/wp\/v2\/pages\/30987\/revisions"}],"wp:attachment":[{"href":"https:\/\/www.hakoh.com\/fr\/wp-json\/wp\/v2\/media?parent=30987"}],"curies":[{"name":"wp","href":"https:\/\/api.w.org\/{rel}","templated":true}]}}