{"id":28344,"date":"2024-07-15T22:42:13","date_gmt":"2024-07-15T20:42:13","guid":{"rendered":"https:\/\/www.hakoh.com\/?page_id=28344"},"modified":"2024-07-15T22:43:56","modified_gmt":"2024-07-15T20:43:56","slug":"ha-58-div-verres","status":"publish","type":"page","link":"https:\/\/www.hakoh.com\/fr\/ha-58-div-glasses\/","title":{"rendered":"HA-58 Div. verres pour HORECA"},"content":{"rendered":"<div data-elementor-type=\"wp-page\" data-elementor-id=\"28344\" class=\"elementor elementor-28344\" data-elementor-post-type=\"page\">\n\t\t\t\t<div class=\"elementor-element elementor-element-5d52ac1 e-flex e-con-boxed e-con e-parent\" data-id=\"5d52ac1\" data-element_type=\"container\" data-e-type=\"container\">\n\t\t\t\t\t<div class=\"e-con-inner\">\n\t\t\t\t<div class=\"elementor-element elementor-element-295e73c2 elementor-widget elementor-widget-button\" data-id=\"295e73c2\" data-element_type=\"widget\" data-e-type=\"widget\" data-widget_type=\"button.default\">\n\t\t\t\t<div class=\"elementor-widget-container\">\n\t\t\t\t\t\t\t\t\t<div class=\"elementor-button-wrapper\">\n\t\t\t\t\t<a class=\"elementor-button elementor-button-link elementor-size-sm\" href=\"https:\/\/www.hakoh.com\/fr\/tenders-documents\/\">\n\t\t\t\t\t\t<span class=\"elementor-button-content-wrapper\">\n\t\t\t\t\t\t<span class=\"elementor-button-icon\">\n\t\t\t\t<i aria-hidden=\"true\" class=\"fas fa-arrow-circle-left\"><\/i>\t\t\t<\/span>\n\t\t\t\t\t\t\t\t\t<span class=\"elementor-button-text\">Tous les appels d'offres<\/span>\n\t\t\t\t\t<\/span>\n\t\t\t\t\t<\/a>\n\t\t\t\t<\/div>\n\t\t\t\t\t\t\t\t<\/div>\n\t\t\t\t<\/div>\n\t\t\t\t<div class=\"elementor-element elementor-element-2c0290da elementor-widget elementor-widget-text-editor\" data-id=\"2c0290da\" data-element_type=\"widget\" data-e-type=\"widget\" data-widget_type=\"text-editor.default\">\n\t\t\t\t<div class=\"elementor-widget-container\">\n\t\t\t\t\t\t\t\t\t<p>English :<\/p>\n<p><strong>Cher fournisseur, bienvenue dans l'appel d'offres \/ demande d'informations \"HA-58 div. Glasses pour HORECA 2024\".<\/strong><\/p>\n<p>HAKOH est un importateur et un grossiste international, principalement dans le domaine de l'HORECA (h\u00f4tellerie, restauration), des ustensiles de cuisine et de la batterie de cuisine, mais aussi dans le domaine m\u00e9dical, avec des bureaux \u00e0 Amsterdam, Hong Kong, et des bureaux de coop\u00e9ration en Turquie.<\/p>\n<p>Vous trouverez ici un bref aper\u00e7u et, si vous \u00eates int\u00e9ress\u00e9, vous pouvez t\u00e9l\u00e9charger les sp\u00e9cifications d\u00e9taill\u00e9es et nous envoyer votre offre avant la fin de la p\u00e9riode de soumission.<\/p>\n<p>Pour toute autre question, veuillez contacter la personne mentionn\u00e9e dans l'enqu\u00eate.<\/p>\n<p>Meilleurs v\u0153ux - HAKOH International Tender Team<\/p>\n<ol>\n<li style=\"list-style-type: none;\">\n<ol>\n<li style=\"list-style-type: none;\">\n<ol>\n<li>Produit : voir les sp\u00e9cifications excel jointes<\/li>\n<li>Quantit\u00e9 :&nbsp;<span style=\"font-family: Raleway, Arial, Helvetica, sans-serif; font-size: 17px; font-style: normal; font-variant-ligatures: normal; font-variant-caps: normal; font-weight: 500;\">voir les sp\u00e9cifications excel jointes<\/span><\/li>\n<li>Emballage : Vrac appropri\u00e9 pour le transport maritime s\u00fbr (conteneurs r\u00e9sistant \u00e0 l'eau de mer).<\/li>\n<li>\n<p>Date de l'appel d'offres : Les soumissions doivent \u00eatre envoy\u00e9es avant le 20 juillet 2024.<\/p>\n<\/li>\n<li>\n<p>Les incoterms sont applicables : FOB preferred (EXW accepted alternatively).<\/p>\n<\/li>\n<li>\n<p>Paiement demand\u00e9 : 20% de d\u00e9p\u00f4t \/ 80% avant le chargement.<\/p>\n<\/li>\n<li>\n<p>Certificats\/Confirmations requis : Composition d\u00e9taill\u00e9e des mat\u00e9riaux, LFGB, certains produits n\u00e9cessitent une ligne de remplissage CE<\/p>\n<\/li>\n<li>\n<p>Others : Seller must allow inspections by the buyer and third parties.<\/p>\n<\/li>\n<li>Buyer :<\/li>\n<\/ol>\n<\/li>\n<\/ol>\n<\/li>\n<\/ol>\n<ul>\n<li style=\"list-style-type: none;\">\n<ul>\n<li style=\"list-style-type: none;\">\n<ul>\n<li style=\"list-style-type: none;\">\n<ul>\n<li style=\"list-style-type: none;\">\n<ul>\n<li>Pour les fournisseurs asiatiques : HAKOH HONG KONG LTD, Hong Kong (lau.elaine@hakoh.com)<\/li>\n<li>Pour les fournisseurs non asiatiques : HAKOH GmbH, Allemagne (einkauf@hakoh.com)<\/li>\n<\/ul>\n<\/li>\n<\/ul>\n<\/li>\n<\/ul>\n<\/li>\n<\/ul>\n<\/li>\n<\/ul>\n<ul>\n<li style=\"list-style-type: none;\">\n<ul>\n<li style=\"list-style-type: none;\">\n<ul>\n<li style=\"list-style-type: none;\">\n<ul>\n<li style=\"list-style-type: none;\">&nbsp;<\/li>\n<\/ul>\n<\/li>\n<\/ul>\n<\/li>\n<\/ul>\n<\/li>\n<\/ul>\t\t\t\t\t\t\t\t<\/div>\n\t\t\t\t<\/div>\n\t\t\t\t<div class=\"elementor-element elementor-element-30ace2fa elementor-widget elementor-widget-spacer\" data-id=\"30ace2fa\" data-element_type=\"widget\" data-e-type=\"widget\" data-widget_type=\"spacer.default\">\n\t\t\t\t<div class=\"elementor-widget-container\">\n\t\t\t\t\t\t\t<div class=\"elementor-spacer\">\n\t\t\t<div class=\"elementor-spacer-inner\"><\/div>\n\t\t<\/div>\n\t\t\t\t\t\t<\/div>\n\t\t\t\t<\/div>\n\t\t\t\t\t<\/div>\n\t\t\t\t<\/div>\n\t\t<div class=\"elementor-element elementor-element-b5dc83d e-flex e-con-boxed e-con e-parent\" data-id=\"b5dc83d\" data-element_type=\"container\" data-e-type=\"container\">\n\t\t\t\t\t<div class=\"e-con-inner\">\n\t\t\t\t<div class=\"elementor-element elementor-element-21407eb1 elementor-widget elementor-widget-heading\" data-id=\"21407eb1\" data-element_type=\"widget\" data-e-type=\"widget\" data-widget_type=\"heading.default\">\n\t\t\t\t<div class=\"elementor-widget-container\">\n\t\t\t\t\t<h2 class=\"elementor-heading-title elementor-size-default\">Documents<\/h2>\t\t\t\t<\/div>\n\t\t\t\t<\/div>\n\t\t\t\t<div class=\"elementor-element elementor-element-40331251 elementor-widget elementor-widget-button\" data-id=\"40331251\" data-element_type=\"widget\" data-e-type=\"widget\" data-widget_type=\"button.default\">\n\t\t\t\t<div class=\"elementor-widget-container\">\n\t\t\t\t\t\t\t\t\t<div class=\"elementor-button-wrapper\">\n\t\t\t\t\t<a class=\"elementor-button elementor-button-link elementor-size-sm\" href=\"https:\/\/www.hakoh.com\/wp-content\/uploads\/2024\/07\/HA-58_Enquiry_HAKOH_Glases_V1_2024.xlsx\" target=\"_blank\">\n\t\t\t\t\t\t<span class=\"elementor-button-content-wrapper\">\n\t\t\t\t\t\t\t\t\t<span class=\"elementor-button-text\">HA-58 Div. HORECA Glasses<\/span>\n\t\t\t\t\t<\/span>\n\t\t\t\t\t<\/a>\n\t\t\t\t<\/div>\n\t\t\t\t\t\t\t\t<\/div>\n\t\t\t\t<\/div>\n\t\t\t\t\t<\/div>\n\t\t\t\t<\/div>\n\t\t\t\t<\/div>","protected":false},"excerpt":{"rendered":"<p>All Tenders English: Dear Supplier, welcome to the Tender \/ Enquiry Request &#8222;HA-58 div. Glasses for HORECA 2024&#8220;. HAKOH is an international importer and wholesaler mainly for HORECA (Hotel, Gastronomy), Cook- and Kitchenware but also medical, with offices in Amsterdam, Hong Kong, and cooperation offices in T\u00fcrkiye. Please find the short overview here and if [&hellip;]<\/p>\n","protected":false},"author":4,"featured_media":0,"parent":0,"menu_order":0,"comment_status":"closed","ping_status":"closed","template":"","meta":{"inline_featured_image":false,"footnotes":""},"class_list":["post-28344","page","type-page","status-publish","hentry"],"aioseo_notices":[],"_links":{"self":[{"href":"https:\/\/www.hakoh.com\/fr\/wp-json\/wp\/v2\/pages\/28344","targetHints":{"allow":["GET"]}}],"collection":[{"href":"https:\/\/www.hakoh.com\/fr\/wp-json\/wp\/v2\/pages"}],"about":[{"href":"https:\/\/www.hakoh.com\/fr\/wp-json\/wp\/v2\/types\/page"}],"author":[{"embeddable":true,"href":"https:\/\/www.hakoh.com\/fr\/wp-json\/wp\/v2\/users\/4"}],"replies":[{"embeddable":true,"href":"https:\/\/www.hakoh.com\/fr\/wp-json\/wp\/v2\/comments?post=28344"}],"version-history":[{"count":0,"href":"https:\/\/www.hakoh.com\/fr\/wp-json\/wp\/v2\/pages\/28344\/revisions"}],"wp:attachment":[{"href":"https:\/\/www.hakoh.com\/fr\/wp-json\/wp\/v2\/media?parent=28344"}],"curies":[{"name":"wp","href":"https:\/\/api.w.org\/{rel}","templated":true}]}}