{"id":27965,"date":"2024-07-02T15:09:06","date_gmt":"2024-07-02T13:09:06","guid":{"rendered":"https:\/\/www.hakoh.com\/?page_id=27965"},"modified":"2024-07-12T11:06:11","modified_gmt":"2024-07-12T09:06:11","slug":"verre-bleu-cobalt-2024-2025","status":"publish","type":"page","link":"https:\/\/www.hakoh.com\/fr\/cobal-blue-glas-2024-2025\/","title":{"rendered":"GL1-T18 Cobalt blue Bottle 50cl"},"content":{"rendered":"<div data-elementor-type=\"wp-page\" data-elementor-id=\"27965\" class=\"elementor elementor-27965\" data-elementor-post-type=\"page\">\n\t\t\t\t<div class=\"elementor-element elementor-element-f2419e6 e-flex e-con-boxed e-con e-parent\" data-id=\"f2419e6\" data-element_type=\"container\" data-e-type=\"container\">\n\t\t\t\t\t<div class=\"e-con-inner\">\n\t\t\t\t<div class=\"elementor-element elementor-element-2de0bb4 elementor-widget elementor-widget-button\" data-id=\"2de0bb4\" data-element_type=\"widget\" data-e-type=\"widget\" data-widget_type=\"button.default\">\n\t\t\t\t<div class=\"elementor-widget-container\">\n\t\t\t\t\t\t\t\t\t<div class=\"elementor-button-wrapper\">\n\t\t\t\t\t<a class=\"elementor-button elementor-button-link elementor-size-sm\" href=\"https:\/\/www.hakoh.com\/fr\/tenders-documents\/\">\n\t\t\t\t\t\t<span class=\"elementor-button-content-wrapper\">\n\t\t\t\t\t\t<span class=\"elementor-button-icon\">\n\t\t\t\t<i aria-hidden=\"true\" class=\"fas fa-arrow-circle-left\"><\/i>\t\t\t<\/span>\n\t\t\t\t\t\t\t\t\t<span class=\"elementor-button-text\">Tous les appels d'offres<\/span>\n\t\t\t\t\t<\/span>\n\t\t\t\t\t<\/a>\n\t\t\t\t<\/div>\n\t\t\t\t\t\t\t\t<\/div>\n\t\t\t\t<\/div>\n\t\t\t\t<div class=\"elementor-element elementor-element-1dc00b9 elementor-widget elementor-widget-text-editor\" data-id=\"1dc00b9\" data-element_type=\"widget\" data-e-type=\"widget\" data-widget_type=\"text-editor.default\">\n\t\t\t\t<div class=\"elementor-widget-container\">\n\t\t\t\t\t\t\t\t\t<p><strong>English :<\/strong><\/p><p><strong>Dear Supplier, welcome to the tender \"The GL-1T18_blue_Glas_Bottle_7-2024\". + \"<\/strong><span style=\"text-align: var(--text-align); background-color: var(--wd-main-bgcolor);\"><b>GL1-T20_T21_Cobalt_bleu_verre_conteneur_plaque_int\u00e9gr\u00e9e\"<\/b><\/span><\/p><p>HAKOH est un importateur et un grossiste international, principalement dans le domaine de l'HORECA (h\u00f4tellerie, restauration), des ustensiles de cuisine et de la batterie de cuisine, mais aussi dans le domaine m\u00e9dical, avec des bureaux \u00e0 Amsterdam, Hong Kong, et des bureaux de coop\u00e9ration en Turquie.<\/p><p>Vous trouverez ici un bref aper\u00e7u et, si vous \u00eates int\u00e9ress\u00e9, vous pouvez t\u00e9l\u00e9charger les sp\u00e9cifications d\u00e9taill\u00e9es et nous envoyer votre offre avant la fin de la p\u00e9riode de soumission.<\/p><p>Pour toute autre question, veuillez contacter la personne mentionn\u00e9e dans l'enqu\u00eate.<\/p><p>Meilleurs v\u0153ux - HAKOH International Tender Team<\/p><p>\u00a0<\/p><ol><li style=\"list-style-type: none;\"><ol><li style=\"list-style-type: none;\"><ol><li>Produit : bouteilles en verre bleu cobalt de 50 cl pour boissons alcoolis\u00e9es.<\/li><li>Quantit\u00e9 : Stages de 5000 \/ 8000 \/ 10000 pcs.<\/li><li>Emballage : Vrac appropri\u00e9 pour le transport maritime s\u00fbr (conteneurs r\u00e9sistant \u00e0 l'eau de mer).<\/li><li><p>Date de l'appel d'offres : Les soumissions doivent \u00eatre envoy\u00e9es avant le 18 juillet 2024.<\/p><\/li><li><p>Les incoterms sont applicables : FOB preferred (EXW accepted alternatively).<\/p><\/li><li><p>Paiement demand\u00e9 : 20% de d\u00e9p\u00f4t \/ 80% avant le chargement.<\/p><\/li><li><p>Certificats\/confirmations requis : Composition d\u00e9taill\u00e9e des mat\u00e9riaux, LFGB.<\/p><\/li><li><p>Others : Seller must allow inspections by the buyer and third parties.<\/p><\/li><li>Buyer :<\/li><\/ol><\/li><\/ol><\/li><\/ol><ul><li style=\"list-style-type: none;\"><ul><li style=\"list-style-type: none;\"><ul><li style=\"list-style-type: none;\"><ul><li style=\"list-style-type: none;\"><ul><li>Pour les fournisseurs asiatiques : HAKOH HONG KONG LTD, Hong Kong<\/li><li>Pour les fournisseurs non asiatiques : HAKOH GmbH, Germany<\/li><\/ul><\/li><\/ul><\/li><\/ul><\/li><\/ul><\/li><\/ul><hr \/><p><strong>\u4e2d\u6587 :<\/strong><\/p><p><strong>\u5c0a\u656c\u7684\u4f9b\u5e94\u5546\uff0c\u6b22\u8fce\u53c2\u52a0\u62db\u6807 \"The GL-1T18_blue_Glas_Bottle_7-2024\" + \"<\/strong><span style=\"text-align: var(--text-align); background-color: var(--wd-main-bgcolor);\"><b>GL1-T20_T21_Cobalt_bleu_verre_conteneur_plaque_int\u00e9gr\u00e9e\"<\/b><\/span><strong style=\"font-size: 17px; text-align: var(--text-align); background-color: var(--wd-main-bgcolor); color: var(--wd-text-color);\">\u3002<\/strong><\/p><p>HAKOH \u662f\u4e00\u5bb6\u56fd\u9645\u8fdb\u53e3\u5546\u548c\u6279\u53d1\u5546\uff0c\u4e3b\u8981\u7ecf\u8425 HORECA\uff08\u9152\u5e97\uff0c\u9910\u996e\uff09\uff0c\u708a\u5177\u548c\u53a8\u623f\u7528\u54c1\uff0c\u540c\u65f6\u4e5f\u6d89\u53ca\u533b\u7597\u9886\u57df\uff0c\u5728\u963f\u59c6\u65af\u7279\u4e39\uff0c\u9999\u6e2f\u548c\u571f\u8033\u5176\u8bbe\u6709\u529e\u4e8b\u5904\u3002<\/p><p>\u8bf7\u5728\u6b64\u67e5\u9605\u7b80\u8981\u6982\u8ff0\uff0c\u5982\u6709\u5174\u8da3\uff0c\u8bf7\u4e0b\u8f7d\u8be6\u7ec6\u89c4\u683c\u5e76\u5728\u62db\u6807\u7ed3\u675f\u524d\u5411\u6211\u4eec\u63d0\u4ea4\u62a5\u4ef7\u3002<\/p><p>\u5982\u6709\u4efb\u4f55\u8fdb\u4e00\u6b65\u7684\u95ee\u9898\uff0c\u8bf7\u8054\u7cfb\u8be2\u4ef7\u5355\u4e2d\u6ce8\u660e\u7684\u8054\u7cfb\u4eba\u3002<\/p><p>\u6b64\u81f4 - HAKOH \u56fd\u9645\u62db\u6807\u56e2\u961f<\/p><p>\u00a0<\/p><ol><li style=\"list-style-type: none;\"><ol><li style=\"list-style-type: none;\"><ol><li>\u4ea7\u54c1\uff1a50cl\u94b4\u84dd\u8272\u9152\u7cbe\u996e\u6599\u73bb\u7483\u74f6\u3002<\/li><li>\u6570\u91cf\uff1a5000 \/ 8000 \/ 10000 \u4e2a\u9636\u6bb5\u3002<\/li><li>\u5305\u88c5\uff1a\u9002\u5408\u6d77\u8fd0\u7684\u6563\u88c5\uff08\u9632\u6d77\u6c34\u5bb9\u5668\uff09\u3002<\/li><li>\u6295\u6807\u65f6\u95f4\uff1a\u62a5\u4ef7\u5fc5\u987b\u57282024\u5e747\u670818\u65e5\u524d\u63d0\u4ea4\u3002<\/li><li>\u8d38\u6613\u672f\u8bed\uff1a\u4f18\u5148FOB\uff08\u4e5f\u53ef\u63a5\u53d7EXW\uff09\u3002<\/li><li>\u671f\u671b\u4ed8\u6b3e\uff1a20%\u9884\u4ed8\u6b3e \/ 80%\u88c5\u8f7d\u524d\u652f\u4ed8\u3002<\/li><li>\u6240\u9700\u8bc1\u4e66\/\u786e\u8ba4\uff1a\u8be6\u7ec6\u7684\u6750\u6599\u6210\u5206\uff0cLFGB\u3002<\/li><li>\u5176\u4ed6\uff1a\u5356\u65b9\u5fc5\u987b\u5141\u8bb8\u4e70\u65b9\u548c\u7b2c\u4e09\u65b9\u68c0\u67e5\u3002<\/li><li>\u4e70\u5bb6\uff1a<\/li><\/ol><\/li><\/ol><\/li><\/ol><ul><li style=\"list-style-type: none;\"><ul><li style=\"list-style-type: none;\"><ul><li style=\"list-style-type: none;\"><ul><li style=\"list-style-type: none;\"><ul><li>\u5bf9\u4e8e\u4e9a\u6d32\u4f9b\u5e94\u5546\uff1aHAKOH HONG KONG LTD, \u9999\u6e2f<\/li><li>\u5bf9\u4e8e\u975e\u4e9a\u6d32\u4f9b\u5e94\u5546\uff1aHAKOH GmbH, \u5fb7\u56fd<\/li><\/ul><\/li><\/ul><\/li><\/ul><\/li><\/ul><\/li><\/ul>\t\t\t\t\t\t\t\t<\/div>\n\t\t\t\t<\/div>\n\t\t\t\t<div class=\"elementor-element elementor-element-fb4e142 elementor-widget elementor-widget-spacer\" data-id=\"fb4e142\" data-element_type=\"widget\" data-e-type=\"widget\" data-widget_type=\"spacer.default\">\n\t\t\t\t<div class=\"elementor-widget-container\">\n\t\t\t\t\t\t\t<div class=\"elementor-spacer\">\n\t\t\t<div class=\"elementor-spacer-inner\"><\/div>\n\t\t<\/div>\n\t\t\t\t\t\t<\/div>\n\t\t\t\t<\/div>\n\t\t\t\t\t<\/div>\n\t\t\t\t<\/div>\n\t\t<div class=\"elementor-element elementor-element-dbc2a04 e-flex e-con-boxed e-con e-parent\" data-id=\"dbc2a04\" data-element_type=\"container\" data-e-type=\"container\">\n\t\t\t\t\t<div class=\"e-con-inner\">\n\t\t\t\t<div class=\"elementor-element elementor-element-01a051b elementor-widget elementor-widget-heading\" data-id=\"01a051b\" data-element_type=\"widget\" data-e-type=\"widget\" data-widget_type=\"heading.default\">\n\t\t\t\t<div class=\"elementor-widget-container\">\n\t\t\t\t\t<h2 class=\"elementor-heading-title elementor-size-default\">Documents<\/h2>\t\t\t\t<\/div>\n\t\t\t\t<\/div>\n\t\t\t\t<div class=\"elementor-element elementor-element-cad4322 elementor-widget elementor-widget-button\" data-id=\"cad4322\" data-element_type=\"widget\" data-e-type=\"widget\" data-widget_type=\"button.default\">\n\t\t\t\t<div class=\"elementor-widget-container\">\n\t\t\t\t\t\t\t\t\t<div class=\"elementor-button-wrapper\">\n\t\t\t\t\t<a class=\"elementor-button elementor-button-link elementor-size-sm\" href=\"https:\/\/www.hakoh.com\/wp-content\/uploads\/2024\/07\/GL1-T18_Bottle_Alcohol_50cl_cobalt_blue_V1.xlsx\" target=\"_blank\">\n\t\t\t\t\t\t<span class=\"elementor-button-content-wrapper\">\n\t\t\t\t\t\t\t\t\t<span class=\"elementor-button-text\">GL1-T18 Cobalt blue 50cl Bottle d\u00e9tails<\/span>\n\t\t\t\t\t<\/span>\n\t\t\t\t\t<\/a>\n\t\t\t\t<\/div>\n\t\t\t\t\t\t\t\t<\/div>\n\t\t\t\t<\/div>\n\t\t\t\t<div class=\"elementor-element elementor-element-bb9fe9c elementor-widget elementor-widget-button\" data-id=\"bb9fe9c\" data-element_type=\"widget\" data-e-type=\"widget\" data-widget_type=\"button.default\">\n\t\t\t\t<div class=\"elementor-widget-container\">\n\t\t\t\t\t\t\t\t\t<div class=\"elementor-button-wrapper\">\n\t\t\t\t\t<a class=\"elementor-button elementor-button-link elementor-size-sm\" href=\"https:\/\/www.hakoh.com\/wp-content\/uploads\/2024\/07\/GL1-T20_T21_Cobalt_blue_glas_container_tinplate-lid.xlsx\" target=\"_blank\">\n\t\t\t\t\t\t<span class=\"elementor-button-content-wrapper\">\n\t\t\t\t\t\t\t\t\t<span class=\"elementor-button-text\">GL1-T20 T21 Cobalt blue glass container + tinplate lid Details<\/span>\n\t\t\t\t\t<\/span>\n\t\t\t\t\t<\/a>\n\t\t\t\t<\/div>\n\t\t\t\t\t\t\t\t<\/div>\n\t\t\t\t<\/div>\n\t\t\t\t\t<\/div>\n\t\t\t\t<\/div>\n\t\t\t\t<\/div>","protected":false},"excerpt":{"rendered":"<p>All Tenders English: Dear Supplier, welcome to the Tender &#8222;The GL-1T18_blue_Glas_Bottle_7-2024&#8220;. + &#8222;GL1-T20_T21_Cobalt_blue_glas_container_tinplate lid&#8220; HAKOH is an international importer and wholesaler mainly for HORECA (Hotel, Gastronomy), Cook- and Kitchenware but also medical, with offices in Amsterdam, Hong Kong, and cooperation offices in T\u00fcrkiye. Please find the short overview here and if interested, please download the [&hellip;]<\/p>\n","protected":false},"author":1,"featured_media":0,"parent":0,"menu_order":0,"comment_status":"closed","ping_status":"closed","template":"","meta":{"inline_featured_image":false,"footnotes":""},"class_list":["post-27965","page","type-page","status-publish","hentry"],"aioseo_notices":[],"_links":{"self":[{"href":"https:\/\/www.hakoh.com\/fr\/wp-json\/wp\/v2\/pages\/27965","targetHints":{"allow":["GET"]}}],"collection":[{"href":"https:\/\/www.hakoh.com\/fr\/wp-json\/wp\/v2\/pages"}],"about":[{"href":"https:\/\/www.hakoh.com\/fr\/wp-json\/wp\/v2\/types\/page"}],"author":[{"embeddable":true,"href":"https:\/\/www.hakoh.com\/fr\/wp-json\/wp\/v2\/users\/1"}],"replies":[{"embeddable":true,"href":"https:\/\/www.hakoh.com\/fr\/wp-json\/wp\/v2\/comments?post=27965"}],"version-history":[{"count":0,"href":"https:\/\/www.hakoh.com\/fr\/wp-json\/wp\/v2\/pages\/27965\/revisions"}],"wp:attachment":[{"href":"https:\/\/www.hakoh.com\/fr\/wp-json\/wp\/v2\/media?parent=27965"}],"curies":[{"name":"wp","href":"https:\/\/api.w.org\/{rel}","templated":true}]}}