{"id":27945,"date":"2024-07-01T14:54:48","date_gmt":"2024-07-01T12:54:48","guid":{"rendered":"https:\/\/www.hakoh.com\/?page_id=27945"},"modified":"2024-07-10T22:43:09","modified_gmt":"2024-07-10T20:43:09","slug":"pot-en-verre-induction-2024-2025","status":"publish","type":"page","link":"https:\/\/www.hakoh.com\/fr\/glas-pot-induction-2024-2025\/","title":{"rendered":"Glas Pot Induction 2024\/2025"},"content":{"rendered":"<div data-elementor-type=\"wp-page\" data-elementor-id=\"27945\" class=\"elementor elementor-27945\" data-elementor-post-type=\"page\">\n\t\t\t\t<div class=\"elementor-element elementor-element-28810727 e-flex e-con-boxed e-con e-parent\" data-id=\"28810727\" data-element_type=\"container\" data-e-type=\"container\">\n\t\t\t\t\t<div class=\"e-con-inner\">\n\t\t\t\t<div class=\"elementor-element elementor-element-1f51d8ce elementor-widget elementor-widget-button\" data-id=\"1f51d8ce\" data-element_type=\"widget\" data-e-type=\"widget\" data-widget_type=\"button.default\">\n\t\t\t\t<div class=\"elementor-widget-container\">\n\t\t\t\t\t\t\t\t\t<div class=\"elementor-button-wrapper\">\n\t\t\t\t\t<a class=\"elementor-button elementor-button-link elementor-size-sm\" href=\"https:\/\/www.hakoh.com\/fr\/tenders-documents\/\">\n\t\t\t\t\t\t<span class=\"elementor-button-content-wrapper\">\n\t\t\t\t\t\t<span class=\"elementor-button-icon\">\n\t\t\t\t<i aria-hidden=\"true\" class=\"fas fa-arrow-circle-left\"><\/i>\t\t\t<\/span>\n\t\t\t\t\t\t\t\t\t<span class=\"elementor-button-text\">Tous les appels d'offres<\/span>\n\t\t\t\t\t<\/span>\n\t\t\t\t\t<\/a>\n\t\t\t\t<\/div>\n\t\t\t\t\t\t\t\t<\/div>\n\t\t\t\t<\/div>\n\t\t\t\t<div class=\"elementor-element elementor-element-2ce8a105 elementor-widget elementor-widget-text-editor\" data-id=\"2ce8a105\" data-element_type=\"widget\" data-e-type=\"widget\" data-widget_type=\"text-editor.default\">\n\t\t\t\t<div class=\"elementor-widget-container\">\n\t\t\t\t\t\t\t\t\t<p><strong>English :<\/strong><\/p><p>Cher fournisseur, bienvenue dans l'appel d'offres \"HA-94_AC9W-T1-3_Tender_Glas_Pot_Induction_2024_2025\".<\/p><p>HAKOH est un importateur et un grossiste international, principalement dans le domaine de l'HORECA (h\u00f4tellerie, restauration), des ustensiles de cuisine et de la batterie de cuisine, mais aussi dans le domaine m\u00e9dical, avec des bureaux \u00e0 Amsterdam, Hong Kong, et des bureaux de coop\u00e9ration en Turquie.<\/p><p>Vous trouverez ici un bref aper\u00e7u et, si vous \u00eates int\u00e9ress\u00e9, vous pouvez t\u00e9l\u00e9charger les sp\u00e9cifications d\u00e9taill\u00e9es et nous envoyer votre offre avant la fin de la p\u00e9riode de soumission.<\/p><p>Pour toute autre question, veuillez contacter la personne mentionn\u00e9e dans l'enqu\u00eate.<\/p><p>Meilleurs v\u0153ux - HAKOH International Tender Team<\/p><p>\u00a0<\/p><ol><li style=\"list-style-type: none;\"><ol><li style=\"list-style-type: none;\"><ol><li>Produit : 3 tailles diff\u00e9rentes de pot en verre (adapt\u00e9 au syst\u00e8me de chauffage par induction)<\/li><li>Quantit\u00e9 : voir dans les documents d\u00e9taill\u00e9s de l'appel d'offres<\/li><li>Emballage : voir dans les documents d\u00e9taill\u00e9s de l'appel d'offres<\/li><li><p>Date de l'appel d'offres : Les soumissions doivent \u00eatre envoy\u00e9es avant le 20 juillet 2024.<\/p><\/li><li><p>Les incoterms sont applicables : FOB preferred (EXW accepted alternatively).<\/p><\/li><li><p>Paiement demand\u00e9 : 20% de d\u00e9p\u00f4t \/ 80% avant le chargement.<\/p><\/li><li><p>Certificats\/Confirmations requis : Composition d\u00e9taill\u00e9e des mat\u00e9riaux, LFGB, R\u00e8glement (EC) No. 1935\/2004, R\u00e8glement (EU) No. 10\/2011, autres sur demande<\/p><\/li><li><p>Others : Seller must allow inspections by the buyer and third parties.<\/p><\/li><li>Buyer :<\/li><\/ol><\/li><\/ol><\/li><\/ol><ul><li style=\"list-style-type: none;\"><ul><li style=\"list-style-type: none;\"><ul><li style=\"list-style-type: none;\"><ul><li style=\"list-style-type: none;\"><ul><li>Pour les fournisseurs asiatiques : HAKOH HONG KONG LTD, Hong Kong<\/li><li>Pour les fournisseurs non asiatiques : HAKOH GmbH, Germany<\/li><\/ul><\/li><\/ul><\/li><\/ul><\/li><\/ul><\/li><\/ul><hr \/><p><strong>\u4e2d\u6587 :<\/strong><\/p><p>\u5c0a\u656c\u7684\u4f9b\u5e94\u5546\uff0c\u6b22\u8fce\u53c2\u52a0\u62db\u6807 \u201eHA-94_AC9W-T1-3_Tender_Glas_Pot_Induction_2024_2025\u2033\u3002<\/p><p>HAKOH \u662f\u4e00\u5bb6\u56fd\u9645\u8fdb\u53e3\u5546\u548c\u6279\u53d1\u5546\uff0c\u4e3b\u8981\u7ecf\u8425 HORECA\uff08\u9152\u5e97\uff0c\u9910\u996e\uff09\uff0c\u708a\u5177\u548c\u53a8\u623f\u7528\u54c1\uff0c\u540c\u65f6\u4e5f\u6d89\u53ca\u533b\u7597\u9886\u57df\uff0c\u5728\u963f\u59c6\u65af\u7279\u4e39\uff0c\u9999\u6e2f\u548c\u571f\u8033\u5176\u8bbe\u6709\u529e\u4e8b\u5904\u3002<\/p><p>\u8bf7\u5728\u6b64\u67e5\u9605\u7b80\u8981\u6982\u8ff0\uff0c\u5982\u6709\u5174\u8da3\uff0c\u8bf7\u4e0b\u8f7d\u8be6\u7ec6\u89c4\u683c\u5e76\u5728\u62db\u6807\u7ed3\u675f\u524d\u5411\u6211\u4eec\u63d0\u4ea4\u62a5\u4ef7\u3002<\/p><p>\u5982\u6709\u4efb\u4f55\u8fdb\u4e00\u6b65\u7684\u95ee\u9898\uff0c\u8bf7\u8054\u7cfb\u8be2\u4ef7\u5355\u4e2d\u6ce8\u660e\u7684\u8054\u7cfb\u4eba\u3002<\/p><p>\u6b64\u81f4 - HAKOH \u56fd\u9645\u62db\u6807\u56e2\u961f<\/p><p>\u00a0<\/p><ol><li style=\"list-style-type: none;\"><ol><li style=\"list-style-type: none;\"><ol><li>\u4ea7\u54c1\uff1a\u4e09\u79cd\u4e0d\u540c\u5c3a\u5bf8\u7684\u73bb\u7483\u9505\uff08\u9002\u7528\u4e8e\u611f\u5e94\u52a0\u70ed\u7cfb\u7edf\uff09\u3002<\/li><li>\u6570\u91cf\uff1a\u8be6\u89c1\u62db\u6807\u8be6\u7ec6\u6587\u4ef6\u3002<\/li><li>\u5305\u88c5\uff1a\u8be6\u89c1\u62db\u6807\u8be6\u7ec6\u6587\u4ef6\u3002<\/li><li>\u6295\u6807\u65f6\u95f4\uff1a\u62a5\u4ef7\u5fc5\u987b\u57282024\u5e747\u670820\u65e5\u524d\u63d0\u4ea4\u3002<\/li><li>\u8d38\u6613\u672f\u8bed\uff1a\u4f18\u5148FOB\uff08\u4e5f\u53ef\u63a5\u53d7EXW\uff09\u3002<\/li><li>\u671f\u671b\u4ed8\u6b3e\uff1a20%\u9884\u4ed8\u6b3e \/ 80%\u88c5\u8f7d\u524d\u652f\u4ed8\u3002<\/li><li>\u6240\u9700\u8bc1\u4e66\/\u786e\u8ba4\uff1a\u8be6\u7ec6\u7684\u6750\u6599\u6210\u5206\uff0cLFGB,\u6b27\u76df\u6cd5\u89c4 (EC) No 1935\/2004 \u548c \u6b27\u76df\u6cd5\u89c4 (EU) No 10\/2011, \u5176\u4ed6\u8981\u6c42\u8bf7\u8054\u7cfb\u6211\u4eec\u3002<\/li><li>\u5176\u4ed6\uff1a\u5356\u65b9\u5fc5\u987b\u5141\u8bb8\u4e70\u65b9\u548c\u7b2c\u4e09\u65b9\u68c0\u67e5\u3002<\/li><li>\u4e70\u5bb6\uff1a<\/li><\/ol><\/li><\/ol><\/li><\/ol><ul><li style=\"list-style-type: none;\"><ul><li style=\"list-style-type: none;\"><ul><li style=\"list-style-type: none;\"><ul><li style=\"list-style-type: none;\"><ul><li>\u5bf9\u4e8e\u4e9a\u6d32\u4f9b\u5e94\u5546\uff1aHAKOH HONG KONG LTD, \u9999\u6e2f<\/li><li>\u5bf9\u4e8e\u975e\u4e9a\u6d32\u4f9b\u5e94\u5546\uff1aHAKOH GmbH, \u5fb7\u56fd<\/li><\/ul><\/li><\/ul><\/li><\/ul><\/li><\/ul><\/li><\/ul>\t\t\t\t\t\t\t\t<\/div>\n\t\t\t\t<\/div>\n\t\t\t\t<div class=\"elementor-element elementor-element-653e680e elementor-widget elementor-widget-spacer\" data-id=\"653e680e\" data-element_type=\"widget\" data-e-type=\"widget\" data-widget_type=\"spacer.default\">\n\t\t\t\t<div class=\"elementor-widget-container\">\n\t\t\t\t\t\t\t<div class=\"elementor-spacer\">\n\t\t\t<div class=\"elementor-spacer-inner\"><\/div>\n\t\t<\/div>\n\t\t\t\t\t\t<\/div>\n\t\t\t\t<\/div>\n\t\t\t\t\t<\/div>\n\t\t\t\t<\/div>\n\t\t<div class=\"elementor-element elementor-element-300c9d62 e-flex e-con-boxed e-con e-parent\" data-id=\"300c9d62\" data-element_type=\"container\" data-e-type=\"container\">\n\t\t\t\t\t<div class=\"e-con-inner\">\n\t\t\t\t<div class=\"elementor-element elementor-element-1f1a08d1 elementor-widget elementor-widget-heading\" data-id=\"1f1a08d1\" data-element_type=\"widget\" data-e-type=\"widget\" data-widget_type=\"heading.default\">\n\t\t\t\t<div class=\"elementor-widget-container\">\n\t\t\t\t\t<h2 class=\"elementor-heading-title elementor-size-default\">Documents<\/h2>\t\t\t\t<\/div>\n\t\t\t\t<\/div>\n\t\t\t\t<div class=\"elementor-element elementor-element-62082a29 elementor-widget elementor-widget-button\" data-id=\"62082a29\" data-element_type=\"widget\" data-e-type=\"widget\" data-widget_type=\"button.default\">\n\t\t\t\t<div class=\"elementor-widget-container\">\n\t\t\t\t\t\t\t\t\t<div class=\"elementor-button-wrapper\">\n\t\t\t\t\t<a class=\"elementor-button elementor-button-link elementor-size-sm\" href=\"https:\/\/www.hakoh.com\/wp-content\/uploads\/2024\/07\/HA-94_AC9W-T1-3_Tender_Glas_Pot_Terms.pdf\" target=\"_blank\">\n\t\t\t\t\t\t<span class=\"elementor-button-content-wrapper\">\n\t\t\t\t\t\t\t\t\t<span class=\"elementor-button-text\">HA-94_AC9W-T1-3 Pot en verre Terms (PDF)<\/span>\n\t\t\t\t\t<\/span>\n\t\t\t\t\t<\/a>\n\t\t\t\t<\/div>\n\t\t\t\t\t\t\t\t<\/div>\n\t\t\t\t<\/div>\n\t\t\t\t<div class=\"elementor-element elementor-element-78320cf elementor-widget elementor-widget-button\" data-id=\"78320cf\" data-element_type=\"widget\" data-e-type=\"widget\" data-widget_type=\"button.default\">\n\t\t\t\t<div class=\"elementor-widget-container\">\n\t\t\t\t\t\t\t\t\t<div class=\"elementor-button-wrapper\">\n\t\t\t\t\t<a class=\"elementor-button elementor-button-link elementor-size-sm\" href=\"https:\/\/www.hakoh.com\/wp-content\/uploads\/2024\/07\/HA-94_AC9W-T1-3Enquiry_HAKOH_Glas_Pot_V1_2024.xlsx\" target=\"_blank\">\n\t\t\t\t\t\t<span class=\"elementor-button-content-wrapper\">\n\t\t\t\t\t\t\t\t\t<span class=\"elementor-button-text\">HA-94_AC9W-T1-3 Pot en verre (pour chauffage par induction) (XLSX)<\/span>\n\t\t\t\t\t<\/span>\n\t\t\t\t\t<\/a>\n\t\t\t\t<\/div>\n\t\t\t\t\t\t\t\t<\/div>\n\t\t\t\t<\/div>\n\t\t\t\t<div class=\"elementor-element elementor-element-5e2ce22 elementor-widget elementor-widget-button\" data-id=\"5e2ce22\" data-element_type=\"widget\" data-e-type=\"widget\" data-widget_type=\"button.default\">\n\t\t\t\t<div class=\"elementor-widget-container\">\n\t\t\t\t\t\t\t\t\t<div class=\"elementor-button-wrapper\">\n\t\t\t\t\t<a class=\"elementor-button elementor-button-link elementor-size-sm\" href=\"https:\/\/www.hakoh.com\/wp-content\/uploads\/2024\/07\/HA-94_AC9W-T1-3_Tender_Glas_Pot_Induction_2024_2025_2.pdf\" target=\"_blank\">\n\t\t\t\t\t\t<span class=\"elementor-button-content-wrapper\">\n\t\t\t\t\t\t\t\t\t<span class=\"elementor-button-text\">HA-94_AC9W-T1-3 Pot en verre (pour chauffage par induction) (pdf)<\/span>\n\t\t\t\t\t<\/span>\n\t\t\t\t\t<\/a>\n\t\t\t\t<\/div>\n\t\t\t\t\t\t\t\t<\/div>\n\t\t\t\t<\/div>\n\t\t\t\t\t<\/div>\n\t\t\t\t<\/div>\n\t\t\t\t<\/div>","protected":false},"excerpt":{"rendered":"<p>All Tenders English: Dear Supplier, welcome to the Tender &#8222;HA-94_AC9W-T1-3_Tender_Glas_Pot_Induction_2024_2025&#8220; HAKOH is an international importer and wholesaler mainly for HORECA (Hotel, Gastronomy), Cook- and Kitchenware but also medical, with offices in Amsterdam, Hong Kong, and cooperation offices in T\u00fcrkiye. Please find the short overview here and if interested, please download the detailed specifications and send [&hellip;]<\/p>\n","protected":false},"author":1,"featured_media":0,"parent":0,"menu_order":0,"comment_status":"closed","ping_status":"closed","template":"","meta":{"inline_featured_image":false,"footnotes":""},"class_list":["post-27945","page","type-page","status-publish","hentry"],"aioseo_notices":[],"_links":{"self":[{"href":"https:\/\/www.hakoh.com\/fr\/wp-json\/wp\/v2\/pages\/27945","targetHints":{"allow":["GET"]}}],"collection":[{"href":"https:\/\/www.hakoh.com\/fr\/wp-json\/wp\/v2\/pages"}],"about":[{"href":"https:\/\/www.hakoh.com\/fr\/wp-json\/wp\/v2\/types\/page"}],"author":[{"embeddable":true,"href":"https:\/\/www.hakoh.com\/fr\/wp-json\/wp\/v2\/users\/1"}],"replies":[{"embeddable":true,"href":"https:\/\/www.hakoh.com\/fr\/wp-json\/wp\/v2\/comments?post=27945"}],"version-history":[{"count":0,"href":"https:\/\/www.hakoh.com\/fr\/wp-json\/wp\/v2\/pages\/27945\/revisions"}],"wp:attachment":[{"href":"https:\/\/www.hakoh.com\/fr\/wp-json\/wp\/v2\/media?parent=27945"}],"curies":[{"name":"wp","href":"https:\/\/api.w.org\/{rel}","templated":true}]}}