{"id":177,"date":"2023-06-27T14:09:09","date_gmt":"2023-06-27T12:09:09","guid":{"rendered":"https:\/\/www.hakoh.com\/payment-methods\/"},"modified":"2024-06-06T12:27:09","modified_gmt":"2024-06-06T10:27:09","slug":"modes-de-paiement","status":"publish","type":"page","link":"https:\/\/www.hakoh.com\/fr\/zahlungsarten\/","title":{"rendered":"Modes de paiement"},"content":{"rendered":"\t\t<div data-elementor-type=\"wp-page\" data-elementor-id=\"177\" class=\"elementor elementor-177\" data-elementor-post-type=\"page\">\n\t\t\t\t\t\t<section class=\"elementor-section elementor-top-section elementor-element elementor-element-ee40f58 elementor-hidden-tablet elementor-hidden-mobile elementor-section-boxed elementor-section-height-default elementor-section-height-default\" data-id=\"ee40f58\" data-element_type=\"section\" data-e-type=\"section\">\n\t\t\t\t\t\t<div class=\"elementor-container elementor-column-gap-default\">\n\t\t\t\t\t<div class=\"elementor-column elementor-col-50 elementor-top-column elementor-element elementor-element-6bdacfb\" data-id=\"6bdacfb\" data-element_type=\"column\" data-e-type=\"column\">\n\t\t\t<div class=\"elementor-widget-wrap elementor-element-populated\">\n\t\t\t\t\t\t<div class=\"elementor-element elementor-element-6af3c1d elementor-widget elementor-widget-heading\" data-id=\"6af3c1d\" data-element_type=\"widget\" data-e-type=\"widget\" data-widget_type=\"heading.default\">\n\t\t\t\t<div class=\"elementor-widget-container\">\n\t\t\t\t\t<h2 class=\"elementor-heading-title elementor-size-default\">Service<\/h2>\t\t\t\t<\/div>\n\t\t\t\t<\/div>\n\t\t\t\t<div class=\"elementor-element elementor-element-54f14ca elementor-nav-menu__align-start elementor-nav-menu--dropdown-tablet elementor-nav-menu__text-align-aside elementor-nav-menu--toggle elementor-nav-menu--burger elementor-widget elementor-widget-nav-menu\" data-id=\"54f14ca\" data-element_type=\"widget\" data-e-type=\"widget\" data-settings=\"{&quot;layout&quot;:&quot;vertical&quot;,&quot;submenu_icon&quot;:{&quot;value&quot;:&quot;&lt;i class=\\&quot;fas fa-caret-down\\&quot; aria-hidden=\\&quot;true\\&quot;&gt;&lt;\\\/i&gt;&quot;,&quot;library&quot;:&quot;fa-solid&quot;},&quot;toggle&quot;:&quot;burger&quot;}\" data-widget_type=\"nav-menu.default\">\n\t\t\t\t<div class=\"elementor-widget-container\">\n\t\t\t\t\t\t\t\t<nav aria-label=\"Menu\" class=\"elementor-nav-menu--main elementor-nav-menu__container elementor-nav-menu--layout-vertical e--pointer-background e--animation-fade\">\n\t\t\t\t<ul id=\"menu-1-54f14ca\" class=\"elementor-nav-menu sm-vertical\"><li class=\"menu-item menu-item-type-post_type menu-item-object-page menu-item-318\"><a href=\"https:\/\/www.hakoh.com\/fr\/kontakt\/\" class=\"elementor-item\">Kontakt &#038; Standorte<\/a><\/li>\n<li class=\"menu-item menu-item-type-post_type menu-item-object-page menu-item-319\"><a href=\"https:\/\/www.hakoh.com\/fr\/ueber-uns\/\" class=\"elementor-item\">\u00dcber uns<\/a><\/li>\n<li class=\"menu-item menu-item-type-custom menu-item-object-custom menu-item-1355\"><a href=\"https:\/\/hakoh-gmbh.jobs.personio.de\/\" class=\"elementor-item\">Jobs<\/a><\/li>\n<li class=\"menu-item menu-item-type-post_type menu-item-object-page menu-item-4040\"><a href=\"https:\/\/www.hakoh.com\/fr\/downloads\/\" class=\"elementor-item\">Downloads<\/a><\/li>\n<li class=\"menu-item menu-item-type-post_type menu-item-object-page menu-item-4041\"><a href=\"https:\/\/www.hakoh.com\/fr\/garantie\/\" class=\"elementor-item\">Garantie<\/a><\/li>\n<\/ul>\t\t\t<\/nav>\n\t\t\t\t\t<div class=\"elementor-menu-toggle\" role=\"button\" tabindex=\"0\" aria-label=\"Permuter le menu\" aria-expanded=\"false\">\n\t\t\t<i aria-hidden=\"true\" role=\"presentation\" class=\"elementor-menu-toggle__icon--open eicon-menu-bar\"><\/i><i aria-hidden=\"true\" role=\"presentation\" class=\"elementor-menu-toggle__icon--close eicon-close\"><\/i>\t\t<\/div>\n\t\t\t\t\t<nav class=\"elementor-nav-menu--dropdown elementor-nav-menu__container\" aria-hidden=\"true\">\n\t\t\t\t<ul id=\"menu-2-54f14ca\" class=\"elementor-nav-menu sm-vertical\"><li class=\"menu-item menu-item-type-post_type menu-item-object-page menu-item-318\"><a href=\"https:\/\/www.hakoh.com\/fr\/kontakt\/\" class=\"elementor-item\" tabindex=\"-1\">Kontakt &#038; Standorte<\/a><\/li>\n<li class=\"menu-item menu-item-type-post_type menu-item-object-page menu-item-319\"><a href=\"https:\/\/www.hakoh.com\/fr\/ueber-uns\/\" class=\"elementor-item\" tabindex=\"-1\">\u00dcber uns<\/a><\/li>\n<li class=\"menu-item menu-item-type-custom menu-item-object-custom menu-item-1355\"><a href=\"https:\/\/hakoh-gmbh.jobs.personio.de\/\" class=\"elementor-item\" tabindex=\"-1\">Jobs<\/a><\/li>\n<li class=\"menu-item menu-item-type-post_type menu-item-object-page menu-item-4040\"><a href=\"https:\/\/www.hakoh.com\/fr\/downloads\/\" class=\"elementor-item\" tabindex=\"-1\">Downloads<\/a><\/li>\n<li class=\"menu-item menu-item-type-post_type menu-item-object-page menu-item-4041\"><a href=\"https:\/\/www.hakoh.com\/fr\/garantie\/\" class=\"elementor-item\" tabindex=\"-1\">Garantie<\/a><\/li>\n<\/ul>\t\t\t<\/nav>\n\t\t\t\t\t\t<\/div>\n\t\t\t\t<\/div>\n\t\t\t\t\t<\/div>\n\t\t<\/div>\n\t\t\t\t<div class=\"elementor-column elementor-col-50 elementor-top-column elementor-element elementor-element-58ba18c\" data-id=\"58ba18c\" data-element_type=\"column\" data-e-type=\"column\">\n\t\t\t<div class=\"elementor-widget-wrap elementor-element-populated\">\n\t\t\t\t\t\t<div class=\"elementor-element elementor-element-712e4cf elementor-widget elementor-widget-heading\" data-id=\"712e4cf\" data-element_type=\"widget\" data-e-type=\"widget\" data-widget_type=\"heading.default\">\n\t\t\t\t<div class=\"elementor-widget-container\">\n\t\t\t\t\t<h2 class=\"elementor-heading-title elementor-size-default\">Zahlungsarten<\/h2>\t\t\t\t<\/div>\n\t\t\t\t<\/div>\n\t\t\t\t<div class=\"elementor-element elementor-element-ad3c250 elementor-widget elementor-widget-text-editor\" data-id=\"ad3c250\" data-element_type=\"widget\" data-e-type=\"widget\" data-widget_type=\"text-editor.default\">\n\t\t\t\t<div class=\"elementor-widget-container\">\n\t\t\t\t\t\t\t\t\t<div class=\"am-item\"><p class=\"am-title\">Wir m\u00f6chten Ihren Einkauf bei [Name Ihres Onlineshops] so bequem wie m\u00f6glich gestalten. Daher bieten wir Ihnen eine Vielzahl von sicheren und bequemen Zahlungsoptionen an. Egal, ob Sie mit Kreditkarte bezahlen m\u00f6chten oder lieber auf andere Zahlungsmethoden zur\u00fcckgreifen, wir haben f\u00fcr jeden Kunden die passende L\u00f6sung.<\/p><div class=\"am-content amfaq-hidden\"><div class=\"amfaq-question-footer-wrapper\">\u00a0<\/div><\/div><\/div><div class=\"am-item\"><h4 class=\"am-title\"><strong>1. Kreditkarte<\/strong><\/h4><div class=\"am-content amfaq-hidden\"><div class=\"amfaq-short-answer-container\"><p>Wir akzeptieren die folgenden Kreditkarten:<\/p><\/div><div class=\"amfaq-short-answer-container\"><ul><li>Visa<\/li><li>Mastercard<\/li><li>American Express<\/li><\/ul><p>\u00a0<\/p><p>Mit diesen Karten k\u00f6nnen Sie einfach und sicher bezahlen. Ihre Kartendaten werden verschl\u00fcsselt \u00fcbertragen, um Ihre Sicherheit zu gew\u00e4hrleisten.<\/p><\/div><div class=\"amfaq-question-footer-wrapper\">\u00a0<\/div><\/div><\/div><div class=\"am-item\"><h4 class=\"am-title\"><strong>2. PayPal<\/strong><\/h4><div class=\"am-content amfaq-hidden\"><div class=\"amfaq-short-answer-container\">Wenn Sie ein PayPal-Konto besitzen, k\u00f6nnen Sie Ihre Eink\u00e4ufe bei uns ganz unkompliziert \u00fcber PayPal bezahlen. Dies erm\u00f6glicht schnelle Transaktionen und bietet zus\u00e4tzliche Sicherheit.<\/div><div class=\"amfaq-question-footer-wrapper\">\u00a0<\/div><\/div><\/div><div class=\"am-item\"><h4 class=\"am-title\"><strong>3. SOFORT-\u00dcberweisung<\/strong><\/h4><div class=\"am-content amfaq-hidden\"><div class=\"amfaq-short-answer-container\"><p>F\u00fcr Kunden, die lieber per Bank\u00fcberweisung bezahlen m\u00f6chten, bieten wir diese Option ebenfalls an. Bitte nutzen Sie die folgenden Bankdaten:<\/p><ul><li>Bankname: HypoVereinsbank Hamburg<\/li><li>IBAN: DE51 2003 0000 0020 6863 94<\/li><li>BIC\/SWIFT-Code: HYVEDEMM300<br \/><br \/><\/li><\/ul><p>Bitte beachten Sie, dass Ihre Bestellung erst nach Eingang der Zahlung versandt wird.<\/p><\/div><div class=\"amfaq-question-footer-wrapper\">\u00a0<\/div><\/div><\/div><div class=\"am-item\"><h4 class=\"am-title\"><strong>4. SEPA-Lastschrift<\/strong><\/h4><div class=\"am-content amfaq-hidden\"><div class=\"amfaq-short-answer-container\">Sie k\u00f6nnen uns mit der Erteilung eines SEPA-Lastschriftmandats dein Einzug des Zahlungsbetrages von Ihrem Konto bewilligen. Hierf\u00fcr m\u00fcssen Sie uns im Bezahlschritt das entsprechende Formular mit Ihren Bankdaten ausf\u00fcllen und uns das Mandat best\u00e4tigen. Den Rest erledigt unsere Buchhaltung f\u00fcr Sie. <\/div><div class=\"amfaq-question-footer-wrapper\">\u00a0<\/div><\/div><\/div><p>\u00a0<\/p><div class=\"am-item\"><div class=\"am-content amfaq-hidden\"><div class=\"amfaq-short-answer-container\"><p>Bitte beachten Sie, dass die Verf\u00fcgbarkeit bestimmter Zahlungsmethoden je nach Ihrem Standort variieren kann. Wir arbeiten kontinuierlich daran, Ihnen weitere Zahlungsoptionen anzubieten, um Ihren Einkauf so bequem wie m\u00f6glich zu gestalten.<\/p><p>Ihre Zahlungsinformationen werden von uns streng vertraulich behandelt und gem\u00e4\u00df den geltenden Datenschutzbestimmungen gesch\u00fctzt. Wenn Sie Fragen zu unseren Zahlungsmethoden oder zur Sicherheit Ihrer Transaktionen haben, z\u00f6gern Sie bitte nicht, uns zu kontaktieren.<\/p><p>Vielen Dank, dass Sie bei HAKOH GmbH einkaufen. Wir freuen uns darauf, Ihnen erstklassige Produkte und einen herausragenden Service zu bieten.<\/p><\/div><\/div><\/div>\t\t\t\t\t\t\t\t<\/div>\n\t\t\t\t<\/div>\n\t\t\t\t\t<\/div>\n\t\t<\/div>\n\t\t\t\t\t<\/div>\n\t\t<\/section>\n\t\t\t\t<section class=\"elementor-section elementor-top-section elementor-element elementor-element-7aa226c elementor-hidden-desktop elementor-section-boxed elementor-section-height-default elementor-section-height-default\" data-id=\"7aa226c\" data-element_type=\"section\" data-e-type=\"section\">\n\t\t\t\t\t\t<div class=\"elementor-container elementor-column-gap-default\">\n\t\t\t\t\t<div class=\"elementor-column elementor-col-100 elementor-top-column elementor-element elementor-element-5b05147\" data-id=\"5b05147\" data-element_type=\"column\" data-e-type=\"column\">\n\t\t\t<div class=\"elementor-widget-wrap elementor-element-populated\">\n\t\t\t\t\t\t<div class=\"elementor-element elementor-element-24d12dc elementor-widget elementor-widget-heading\" data-id=\"24d12dc\" data-element_type=\"widget\" data-e-type=\"widget\" data-widget_type=\"heading.default\">\n\t\t\t\t<div class=\"elementor-widget-container\">\n\t\t\t\t\t<h2 class=\"elementor-heading-title elementor-size-default\">Service<\/h2>\t\t\t\t<\/div>\n\t\t\t\t<\/div>\n\t\t\t\t<div class=\"elementor-element elementor-element-557c00a elementor-nav-menu__align-start elementor-nav-menu--dropdown-tablet elementor-nav-menu__text-align-aside elementor-widget elementor-widget-nav-menu\" data-id=\"557c00a\" data-element_type=\"widget\" data-e-type=\"widget\" data-settings=\"{&quot;layout&quot;:&quot;vertical&quot;,&quot;submenu_icon&quot;:{&quot;value&quot;:&quot;&lt;i class=\\&quot;fas fa-caret-down\\&quot; aria-hidden=\\&quot;true\\&quot;&gt;&lt;\\\/i&gt;&quot;,&quot;library&quot;:&quot;fa-solid&quot;}}\" data-widget_type=\"nav-menu.default\">\n\t\t\t\t<div class=\"elementor-widget-container\">\n\t\t\t\t\t\t\t\t<nav aria-label=\"Menu\" class=\"elementor-nav-menu--main elementor-nav-menu__container elementor-nav-menu--layout-vertical e--pointer-background e--animation-fade\">\n\t\t\t\t<ul id=\"menu-1-557c00a\" class=\"elementor-nav-menu sm-vertical\"><li class=\"menu-item menu-item-type-post_type menu-item-object-page menu-item-318\"><a href=\"https:\/\/www.hakoh.com\/fr\/kontakt\/\" class=\"elementor-item\">Kontakt &#038; Standorte<\/a><\/li>\n<li class=\"menu-item menu-item-type-post_type menu-item-object-page menu-item-319\"><a href=\"https:\/\/www.hakoh.com\/fr\/ueber-uns\/\" class=\"elementor-item\">\u00dcber uns<\/a><\/li>\n<li class=\"menu-item menu-item-type-custom menu-item-object-custom menu-item-1355\"><a href=\"https:\/\/hakoh-gmbh.jobs.personio.de\/\" class=\"elementor-item\">Jobs<\/a><\/li>\n<li class=\"menu-item menu-item-type-post_type menu-item-object-page menu-item-4040\"><a href=\"https:\/\/www.hakoh.com\/fr\/downloads\/\" class=\"elementor-item\">Downloads<\/a><\/li>\n<li class=\"menu-item menu-item-type-post_type menu-item-object-page menu-item-4041\"><a href=\"https:\/\/www.hakoh.com\/fr\/garantie\/\" class=\"elementor-item\">Garantie<\/a><\/li>\n<\/ul>\t\t\t<\/nav>\n\t\t\t\t\t\t<nav class=\"elementor-nav-menu--dropdown elementor-nav-menu__container\" aria-hidden=\"true\">\n\t\t\t\t<ul id=\"menu-2-557c00a\" class=\"elementor-nav-menu sm-vertical\"><li class=\"menu-item menu-item-type-post_type menu-item-object-page menu-item-318\"><a href=\"https:\/\/www.hakoh.com\/fr\/kontakt\/\" class=\"elementor-item\" tabindex=\"-1\">Kontakt &#038; Standorte<\/a><\/li>\n<li class=\"menu-item menu-item-type-post_type menu-item-object-page menu-item-319\"><a href=\"https:\/\/www.hakoh.com\/fr\/ueber-uns\/\" class=\"elementor-item\" tabindex=\"-1\">\u00dcber uns<\/a><\/li>\n<li class=\"menu-item menu-item-type-custom menu-item-object-custom menu-item-1355\"><a href=\"https:\/\/hakoh-gmbh.jobs.personio.de\/\" class=\"elementor-item\" tabindex=\"-1\">Jobs<\/a><\/li>\n<li class=\"menu-item menu-item-type-post_type menu-item-object-page menu-item-4040\"><a href=\"https:\/\/www.hakoh.com\/fr\/downloads\/\" class=\"elementor-item\" tabindex=\"-1\">Downloads<\/a><\/li>\n<li class=\"menu-item menu-item-type-post_type menu-item-object-page menu-item-4041\"><a href=\"https:\/\/www.hakoh.com\/fr\/garantie\/\" class=\"elementor-item\" tabindex=\"-1\">Garantie<\/a><\/li>\n<\/ul>\t\t\t<\/nav>\n\t\t\t\t\t\t<\/div>\n\t\t\t\t<\/div>\n\t\t\t\t<div class=\"elementor-element elementor-element-28a6473 elementor-widget elementor-widget-heading\" data-id=\"28a6473\" data-element_type=\"widget\" data-e-type=\"widget\" data-widget_type=\"heading.default\">\n\t\t\t\t<div class=\"elementor-widget-container\">\n\t\t\t\t\t<h2 class=\"elementor-heading-title elementor-size-default\">Zahlungsarten<\/h2>\t\t\t\t<\/div>\n\t\t\t\t<\/div>\n\t\t\t\t<div class=\"elementor-element elementor-element-e27bd6f elementor-widget elementor-widget-text-editor\" data-id=\"e27bd6f\" data-element_type=\"widget\" data-e-type=\"widget\" data-widget_type=\"text-editor.default\">\n\t\t\t\t<div class=\"elementor-widget-container\">\n\t\t\t\t\t\t\t\t\t<div class=\"am-item\"><div class=\"am-item\"><p class=\"am-title\">Wir m\u00f6chten Ihren Einkauf bei [Name Ihres Onlineshops] so bequem wie m\u00f6glich gestalten. Daher bieten wir Ihnen eine Vielzahl von sicheren und bequemen Zahlungsoptionen an. Egal, ob Sie mit Kreditkarte bezahlen m\u00f6chten oder lieber auf andere Zahlungsmethoden zur\u00fcckgreifen, wir haben f\u00fcr jeden Kunden die passende L\u00f6sung.<\/p><div class=\"am-content amfaq-hidden\"><div class=\"amfaq-question-footer-wrapper\">\u00a0<\/div><\/div><\/div><div class=\"am-item\"><h4 class=\"am-title\"><strong>1. Kredit- und Debitkarten<\/strong><\/h4><div class=\"am-content amfaq-hidden\"><div class=\"amfaq-short-answer-container\"><p>Wir akzeptieren die folgenden Kredit- und Debitkarten:<\/p><ul><li>Visa<\/li><li>Mastercard<\/li><li>American Express<\/li><li>Discover<\/li><li>Diners Club<\/li><\/ul><p>Mit diesen Karten k\u00f6nnen Sie einfach und sicher bezahlen. Ihre Kartendaten werden verschl\u00fcsselt \u00fcbertragen, um Ihre Sicherheit zu gew\u00e4hrleisten.<\/p><\/div><div class=\"amfaq-question-footer-wrapper\">\u00a0<\/div><\/div><\/div><div class=\"am-item\"><h4 class=\"am-title\"><strong>2. PayPal<\/strong><\/h4><div class=\"am-content amfaq-hidden\"><div class=\"amfaq-short-answer-container\">Wenn Sie ein PayPal-Konto besitzen, k\u00f6nnen Sie Ihre Eink\u00e4ufe bei uns ganz unkompliziert \u00fcber PayPal bezahlen. Dies erm\u00f6glicht schnelle Transaktionen und bietet zus\u00e4tzliche Sicherheit.<\/div><div class=\"amfaq-question-footer-wrapper\">\u00a0<\/div><\/div><\/div><div class=\"am-item\"><h4 class=\"am-title\"><strong>3. Bank\u00fcberweisung<\/strong><\/h4><div class=\"am-content amfaq-hidden\"><div class=\"amfaq-short-answer-container\"><p>F\u00fcr Kunden, die lieber per Bank\u00fcberweisung bezahlen m\u00f6chten, bieten wir diese Option ebenfalls an. Bitte nutzen Sie die folgenden Bankdaten:<\/p><ul><li>Bankname: [Name der Bank]<\/li><li>IBAN: [Ihre IBAN]<\/li><li>BIC\/SWIFT-Code: [BIC\/SWIFT-Code]<\/li><\/ul><p>Bitte beachten Sie, dass Ihre Bestellung erst nach Eingang der Zahlung versandt wird.<\/p><\/div><div class=\"amfaq-question-footer-wrapper\">\u00a0<\/div><\/div><\/div><div class=\"am-item\"><h4 class=\"am-title\"><strong>4. Klarna<\/strong><\/h4><div class=\"am-content amfaq-hidden\"><div class=\"amfaq-short-answer-container\">Mit Klarna k\u00f6nnen Sie Ihre Eink\u00e4ufe bequem auf Rechnung kaufen oder in Raten bezahlen. W\u00e4hlen Sie diese Option w\u00e4hrend des Checkouts aus, um von den flexiblen Zahlungsbedingungen zu profitieren..<\/div><div class=\"amfaq-question-footer-wrapper\">\u00a0<\/div><\/div><\/div><div class=\"am-item\"><h4 class=\"am-title\"><strong>5. Apple Pay und Google Pay<\/strong><\/h4><div class=\"am-content amfaq-hidden\"><div class=\"amfaq-short-answer-container\">Wenn Sie ein iPhone oder Android-Ger\u00e4t besitzen, k\u00f6nnen Sie Apple Pay oder Google Pay nutzen, um Ihre Eink\u00e4ufe schnell und sicher abzuschlie\u00dfen.<\/div><div class=\"amfaq-question-footer-wrapper\">\u00a0<\/div><\/div><\/div><div class=\"am-item\"><h4 class=\"am-title\"><strong>6. Barzahlung bei Abholung<\/strong><\/h4><div class=\"am-content amfaq-hidden\"><div class=\"amfaq-short-answer-container\">Wenn Sie Ihre Produkte pers\u00f6nlich abholen m\u00f6chten, bieten wir die M\u00f6glichkeit zur Barzahlung vor Ort an. Bitte vereinbaren Sie vorab einen Termin.<\/div><div class=\"amfaq-question-footer-wrapper\">\u00a0<\/div><\/div><\/div><div class=\"am-item\"><h4 class=\"am-title\"><strong>7. Geschenkkarten und Gutscheine<\/strong><\/h4><div class=\"am-content amfaq-hidden\"><div class=\"amfaq-short-answer-container\"><p>Wir akzeptieren auch Geschenkkarten und Gutscheine von [Name Ihres Onlineshops]. Wenn Sie einen Gutscheincode haben, k\u00f6nnen Sie diesen w\u00e4hrend des Checkouts einl\u00f6sen.<\/p><p>Bitte beachten Sie, dass die Verf\u00fcgbarkeit bestimmter Zahlungsmethoden je nach Ihrem Standort variieren kann. Wir arbeiten kontinuierlich daran, Ihnen weitere Zahlungsoptionen anzubieten, um Ihren Einkauf so bequem wie m\u00f6glich zu gestalten.<\/p><p>Ihre Zahlungsinformationen werden von uns streng vertraulich behandelt und gem\u00e4\u00df den geltenden Datenschutzbestimmungen gesch\u00fctzt. Wenn Sie Fragen zu unseren Zahlungsmethoden oder zur Sicherheit Ihrer Transaktionen haben, z\u00f6gern Sie bitte nicht, uns zu kontaktieren.<\/p><p>Vielen Dank, dass Sie bei HAKOH GmbH einkaufen. Wir freuen uns darauf, Ihnen erstklassige Produkte und einen herausragenden Service zu bieten.<\/p><\/div><\/div><\/div><\/div>\t\t\t\t\t\t\t\t<\/div>\n\t\t\t\t<\/div>\n\t\t\t\t\t<\/div>\n\t\t<\/div>\n\t\t\t\t\t<\/div>\n\t\t<\/section>\n\t\t\t\t<\/div>\n\t\t","protected":false},"excerpt":{"rendered":"<p>Service Zahlungsarten Wir m\u00f6chten Ihren Einkauf bei [Name Ihres Onlineshops] so bequem wie m\u00f6glich gestalten. Daher bieten wir Ihnen eine Vielzahl von sicheren und bequemen Zahlungsoptionen an. Egal, ob Sie mit Kreditkarte bezahlen m\u00f6chten oder lieber auf andere Zahlungsmethoden zur\u00fcckgreifen, wir haben f\u00fcr jeden Kunden die passende L\u00f6sung. 1. Kreditkarte Wir akzeptieren die folgenden Kreditkarten: [&hellip;]<\/p>\n","protected":false},"author":1,"featured_media":0,"parent":0,"menu_order":0,"comment_status":"closed","ping_status":"closed","template":"elementor_header_footer","meta":{"inline_featured_image":false,"footnotes":""},"class_list":["post-177","page","type-page","status-publish","hentry"],"aioseo_notices":[],"_links":{"self":[{"href":"https:\/\/www.hakoh.com\/fr\/wp-json\/wp\/v2\/pages\/177","targetHints":{"allow":["GET"]}}],"collection":[{"href":"https:\/\/www.hakoh.com\/fr\/wp-json\/wp\/v2\/pages"}],"about":[{"href":"https:\/\/www.hakoh.com\/fr\/wp-json\/wp\/v2\/types\/page"}],"author":[{"embeddable":true,"href":"https:\/\/www.hakoh.com\/fr\/wp-json\/wp\/v2\/users\/1"}],"replies":[{"embeddable":true,"href":"https:\/\/www.hakoh.com\/fr\/wp-json\/wp\/v2\/comments?post=177"}],"version-history":[{"count":0,"href":"https:\/\/www.hakoh.com\/fr\/wp-json\/wp\/v2\/pages\/177\/revisions"}],"wp:attachment":[{"href":"https:\/\/www.hakoh.com\/fr\/wp-json\/wp\/v2\/media?parent=177"}],"curies":[{"name":"wp","href":"https:\/\/api.w.org\/{rel}","templated":true}]}}