{"id":171,"date":"2023-06-27T14:09:09","date_gmt":"2023-06-27T12:09:09","guid":{"rendered":"https:\/\/www.hakoh.com\/imprint\/"},"modified":"2024-08-07T17:04:52","modified_gmt":"2024-08-07T15:04:52","slug":"mentions-legales","status":"publish","type":"page","link":"https:\/\/www.hakoh.com\/fr\/impressum\/","title":{"rendered":"imprimer"},"content":{"rendered":"<div data-elementor-type=\"wp-page\" data-elementor-id=\"171\" class=\"elementor elementor-171\" data-elementor-post-type=\"page\">\n\t\t\t\t\t\t<section class=\"elementor-section elementor-top-section elementor-element elementor-element-42c3400 elementor-hidden-tablet elementor-hidden-mobile elementor-section-stretched elementor-section-boxed elementor-section-height-default elementor-section-height-default\" data-id=\"42c3400\" data-element_type=\"section\" data-e-type=\"section\" data-settings=\"{&quot;stretch_section&quot;:&quot;section-stretched&quot;}\">\n\t\t\t\t\t\t<div class=\"elementor-container elementor-column-gap-default\">\n\t\t\t\t\t<div class=\"elementor-column elementor-col-50 elementor-top-column elementor-element elementor-element-81fd06b\" data-id=\"81fd06b\" data-element_type=\"column\" data-e-type=\"column\">\n\t\t\t<div class=\"elementor-widget-wrap elementor-element-populated\">\n\t\t\t\t\t\t<div class=\"elementor-element elementor-element-d9bf8e3 elementor-widget elementor-widget-heading\" data-id=\"d9bf8e3\" data-element_type=\"widget\" data-e-type=\"widget\" data-widget_type=\"heading.default\">\n\t\t\t\t<div class=\"elementor-widget-container\">\n\t\t\t\t\t<h2 class=\"elementor-heading-title elementor-size-default\">Informations<\/h2>\t\t\t\t<\/div>\n\t\t\t\t<\/div>\n\t\t\t\t<div class=\"elementor-element elementor-element-04181cb elementor-nav-menu__align-start elementor-nav-menu--dropdown-tablet elementor-nav-menu__text-align-aside elementor-nav-menu--toggle elementor-nav-menu--burger elementor-widget elementor-widget-nav-menu\" data-id=\"04181cb\" data-element_type=\"widget\" data-e-type=\"widget\" data-settings=\"{&quot;layout&quot;:&quot;vertical&quot;,&quot;submenu_icon&quot;:{&quot;value&quot;:&quot;&lt;i class=\\&quot;fas fa-caret-down\\&quot; aria-hidden=\\&quot;true\\&quot;&gt;&lt;\\\/i&gt;&quot;,&quot;library&quot;:&quot;fa-solid&quot;},&quot;toggle&quot;:&quot;burger&quot;}\" data-widget_type=\"nav-menu.default\">\n\t\t\t\t<div class=\"elementor-widget-container\">\n\t\t\t\t\t\t\t\t<nav aria-label=\"Menu\" class=\"elementor-nav-menu--main elementor-nav-menu__container elementor-nav-menu--layout-vertical e--pointer-background e--animation-fade\">\n\t\t\t\t<ul id=\"menu-1-04181cb\" class=\"elementor-nav-menu sm-vertical\"><li class=\"menu-item menu-item-type-post_type menu-item-object-page menu-item-privacy-policy menu-item-300\"><a rel=\"privacy-policy\" href=\"https:\/\/www.hakoh.com\/fr\/datenschutz\/\" class=\"elementor-item\">Protection des donn\u00e9es<\/a><\/li>\n<li class=\"menu-item menu-item-type-post_type menu-item-object-page menu-item-301\"><a href=\"https:\/\/www.hakoh.com\/fr\/agb\/\" class=\"elementor-item\">Termes et conditions<\/a><\/li>\n<li class=\"menu-item menu-item-type-post_type menu-item-object-page menu-item-303\"><a href=\"https:\/\/www.hakoh.com\/fr\/impressum\/\" class=\"elementor-item\">imprimer<\/a><\/li>\n<\/ul>\t\t\t<\/nav>\n\t\t\t\t\t<div class=\"elementor-menu-toggle\" role=\"button\" tabindex=\"0\" aria-label=\"Permuter le menu\" aria-expanded=\"false\">\n\t\t\t<i aria-hidden=\"true\" role=\"presentation\" class=\"elementor-menu-toggle__icon--open eicon-menu-bar\"><\/i><i aria-hidden=\"true\" role=\"presentation\" class=\"elementor-menu-toggle__icon--close eicon-close\"><\/i>\t\t<\/div>\n\t\t\t\t\t<nav class=\"elementor-nav-menu--dropdown elementor-nav-menu__container\" aria-hidden=\"true\">\n\t\t\t\t<ul id=\"menu-2-04181cb\" class=\"elementor-nav-menu sm-vertical\"><li class=\"menu-item menu-item-type-post_type menu-item-object-page menu-item-privacy-policy menu-item-300\"><a rel=\"privacy-policy\" href=\"https:\/\/www.hakoh.com\/fr\/datenschutz\/\" class=\"elementor-item\" tabindex=\"-1\">Protection des donn\u00e9es<\/a><\/li>\n<li class=\"menu-item menu-item-type-post_type menu-item-object-page menu-item-301\"><a href=\"https:\/\/www.hakoh.com\/fr\/agb\/\" class=\"elementor-item\" tabindex=\"-1\">Termes et conditions<\/a><\/li>\n<li class=\"menu-item menu-item-type-post_type menu-item-object-page menu-item-303\"><a href=\"https:\/\/www.hakoh.com\/fr\/impressum\/\" class=\"elementor-item\" tabindex=\"-1\">imprimer<\/a><\/li>\n<\/ul>\t\t\t<\/nav>\n\t\t\t\t\t\t<\/div>\n\t\t\t\t<\/div>\n\t\t\t\t\t<\/div>\n\t\t<\/div>\n\t\t\t\t<div class=\"elementor-column elementor-col-50 elementor-top-column elementor-element elementor-element-5fefb90\" data-id=\"5fefb90\" data-element_type=\"column\" data-e-type=\"column\">\n\t\t\t<div class=\"elementor-widget-wrap elementor-element-populated\">\n\t\t\t\t\t\t<div class=\"elementor-element elementor-element-583d160 elementor-widget elementor-widget-heading\" data-id=\"583d160\" data-element_type=\"widget\" data-e-type=\"widget\" data-widget_type=\"heading.default\">\n\t\t\t\t<div class=\"elementor-widget-container\">\n\t\t\t\t\t<h2 class=\"elementor-heading-title elementor-size-default\">imprimer<\/h2>\t\t\t\t<\/div>\n\t\t\t\t<\/div>\n\t\t\t\t<div class=\"elementor-element elementor-element-143cea2 elementor-widget elementor-widget-text-editor\" data-id=\"143cea2\" data-element_type=\"widget\" data-e-type=\"widget\" data-widget_type=\"text-editor.default\">\n\t\t\t\t<div class=\"elementor-widget-container\">\n\t\t\t\t\t\t\t\t\t<h5><strong>Informations conform\u00e9ment au \u00a7 5 DDG<\/strong><\/h5>\n<p>HAKOH GmbH<br>Montagne d'or 29<br>23562 L\u00fcbeck<\/p>\n<p><strong>Localisation de Hambourg :<\/strong><\/p>\n<p><strong>Ventes et salle d'exposition<br><\/strong>HAKOH GmbH<br>11, rue de l'H\u00f4pital<br>20095 Hambourg<\/p>\n<p>Registre du commerce : 18667<br>Tribunal d'enregistrement : Tribunal d'instance de la ville hans\u00e9atique de L\u00fcbeck, Lieu de juridiction : Ville hans\u00e9atique de L\u00fcbeck<\/p>\n<p><strong>Repr\u00e9sent\u00e9 par les directeurs g\u00e9n\u00e9raux :<\/strong><br>Hans-Christoph Klaiber, ing\u00e9nieur dipl\u00f4m\u00e9<\/p>\n<h5><strong>contact<\/strong><\/h5>\n<p>T\u00e9l\u00e9phone : +49 40 8221 257 10<br>Fax : +49 40 8221 257 80<br>E-Mail: info@hakoh.com<\/p>\n<h5><strong>Num\u00e9ro de TVA<\/strong><\/h5>\n<p>Num\u00e9ro d'identification TVA selon \u00a727 a de la loi sur la taxe de vente :<br>FR 323 724 471&nbsp;&nbsp;<\/p>\n<h5><strong>Responsable du contenu selon \u00a7 55 al. 2 RStV<\/strong><\/h5>\n<p>Hans-Christoph Klaiber, ing\u00e9nieur dipl\u00f4m\u00e9<br>Montagne d'or 29<br>23562 L\u00fcbeck<\/p>\n<h5><strong>R\u00e9solution des litiges<\/strong><\/h5>\n<p>La Commission europ\u00e9enne met \u00e0 disposition une plateforme de r\u00e8glement en ligne des litiges (RLL) :&nbsp;<a href=\"https:\/\/ec.europa.eu\/consumers\/odr\" rel=\"nofollow noopener\">https:\/\/ec.europa.eu\/consumers\/odr<\/a>.<br>Notre adresse e-mail se trouve ci-dessus dans les mentions l\u00e9gales.<\/p>\n<p>Nous ne sommes pas dispos\u00e9s ou oblig\u00e9s de participer \u00e0 une proc\u00e9dure de r\u00e8glement des litiges devant un conseil d'arbitrage des consommateurs.<\/p>\n<h5><strong>Responsabilit\u00e9 du contenu<\/strong><\/h5>\n<p>En tant que prestataire de services, nous sommes responsables du contenu de ces pages conform\u00e9ment au droit commun. Cependant, en tant que prestataire de services, nous ne sommes pas tenus de surveiller les informations tierces transmises ou stock\u00e9es, ni d'enqu\u00eater sur des circonstances indiquant une activit\u00e9 ill\u00e9gale.<\/p>\n<p>Les obligations de suppression ou de blocage d'informations pr\u00e9vues par la loi g\u00e9n\u00e9rale restent inchang\u00e9es. Toutefois, notre responsabilit\u00e9 \u00e0 cet \u00e9gard n'est engag\u00e9e qu'au moment o\u00f9 nous avons connaissance d'une violation concr\u00e8te de la loi. D\u00e8s que nous aurons connaissance de telles violations, nous supprimerons imm\u00e9diatement le contenu concern\u00e9.<\/p>\n<h5><strong>Responsabilit\u00e9 des liens<\/strong><\/h5>\n<p>Notre site web contient des liens vers des sites web tiers sur le contenu desquels nous n'avons aucune influence. Par cons\u00e9quent, nous d\u00e9clinons toute responsabilit\u00e9 quant \u00e0 ces contenus externes. Le fournisseur ou l'exploitant des pages li\u00e9es est toujours responsable du contenu de ces pages. Les pages li\u00e9es ont \u00e9t\u00e9 v\u00e9rifi\u00e9es au moment de la cr\u00e9ation du lien afin de d\u00e9celer d'\u00e9ventuelles violations de la loi. Aucun contenu ill\u00e9gal n'\u00e9tait d\u00e9cel\u00e9 \u00e0 ce moment.<\/p>\n<p>Toutefois, un contr\u00f4le permanent du contenu des pages li\u00e9es est d\u00e9raisonnable sans preuve concr\u00e8te d'une violation de la loi. D\u00e8s notification d'une violation de la loi, nous supprimerons imm\u00e9diatement ces liens.<\/p>\n<h5><strong>droits d'auteur<\/strong><\/h5>\n<p>Le contenu et les \u0153uvres de ces pages, cr\u00e9\u00e9s par les exploitants du site, sont soumis au droit d'auteur allemand. La reproduction, le traitement, la diffusion et toute forme d'exploitation en dehors des limites du droit d'auteur n\u00e9cessitent l'autorisation \u00e9crite de l'auteur ou du cr\u00e9ateur concern\u00e9. Les t\u00e9l\u00e9chargements et copies de ce site sont autoris\u00e9s uniquement pour un usage priv\u00e9 et non commercial.<\/p>\n<p>Dans la mesure o\u00f9 le contenu de ce site n'a pas \u00e9t\u00e9 cr\u00e9\u00e9 par l'exploitant, les droits d'auteur des tiers sont respect\u00e9s. Les contenus tiers sont notamment signal\u00e9s comme tels. Si vous constatez n\u00e9anmoins une violation des droits d'auteur, veuillez nous en informer. D\u00e8s notification de telles violations, nous supprimerons imm\u00e9diatement le contenu concern\u00e9.<\/p>\n<h4>Consentement \u00e0 l'utilisation de cookies.<\/h4>\n<p>Nous utilisons des cookies pour assurer le bon fonctionnement de notre site web. Pour obtenir et documenter correctement votre consentement valide \u00e0 l'utilisation et au stockage des cookies dans le navigateur que vous utilisez pour acc\u00e9der \u00e0 notre site web, nous utilisons une plateforme de gestion du consentement : CookieFirst. Cette technologie est fournie par Digital Data Solutions BV, Plantage Middenlaan 42a, 1018 DH, Amsterdam, Pays-Bas. Le site web : <a title=\"Cookiefirst page\" href=\"https:\/\/cookiefirst.com\">https:\/\/cookiefirst.com<\/a> fait r\u00e9f\u00e9rence \u00e0 CookieFirst.<\/p>\n<p>Lorsque vous acc\u00e9dez \u00e0 notre site web, une connexion est \u00e9tablie avec le serveur CookieFirst afin d'obtenir votre consentement valide \u00e0 l'utilisation de certains cookies. CookieFirst enregistre ensuite un cookie dans votre navigateur pour n'autoriser que les cookies auxquels vous avez consenti et pour documenter correctement ce consentement. Les donn\u00e9es trait\u00e9es seront conserv\u00e9es jusqu'\u00e0 l'expiration de la p\u00e9riode de conservation sp\u00e9cifi\u00e9e ou jusqu'\u00e0 votre demande de suppression. Certaines p\u00e9riodes de conservation l\u00e9gales peuvent s'appliquer.<\/p>\n<p>CookieFirst est utilis\u00e9 pour obtenir le consentement l\u00e9gal \u00e0 l'utilisation des cookies. La base juridique est l'article 6 (1) (c) du R\u00e8glement g\u00e9n\u00e9ral sur la protection des donn\u00e9es (RGPD).<\/p>\n<h4>Accord de traitement des donn\u00e9es<\/h4>\n<p>Nous avons conclu un accord de traitement des donn\u00e9es avec CookieFirst. Cet accord est requis par la loi sur la protection des donn\u00e9es et garantit que les donn\u00e9es des visiteurs de notre site web sont trait\u00e9es uniquement selon nos instructions et conform\u00e9ment au RGPD.<\/p>\n<h4>Fichiers journaux du serveur<\/h4>\n<p>Notre site web et CookieFirst collectent et stockent automatiquement des informations dans des fichiers journaux de serveur, que votre navigateur nous transmet automatiquement. Les donn\u00e9es suivantes sont collect\u00e9es :<\/p>\n<ul>\n<li>Votre statut de consentement ou le retrait de votre consentement<\/li>\n<li>Votre adresse IP anonymis\u00e9e<\/li>\n<li>Informations sur votre navigateur<\/li>\n<li>Informations sur votre appareil<\/li>\n<li>La date et l'heure de votre visite sur notre site Web<\/li>\n<li>L'URL du site Web sur lequel vous avez enregistr\u00e9 ou mis \u00e0 jour vos param\u00e8tres de consentement<\/li>\n<li>L'emplacement approximatif de l'utilisateur qui a enregistr\u00e9 ses pr\u00e9f\u00e9rences de consentement<\/li>\n<li>Un identifiant unique universel (UUID) du visiteur du site Web qui a cliqu\u00e9 sur le cookie de banni\u00e8re<\/li>\n<\/ul>\n<h2>&nbsp;<\/h2>\n<p><br><\/p>\t\t\t\t\t\t\t\t<\/div>\n\t\t\t\t<\/div>\n\t\t\t\t\t<\/div>\n\t\t<\/div>\n\t\t\t\t\t<\/div>\n\t\t<\/section>\n\t\t\t\t<section class=\"elementor-section elementor-top-section elementor-element elementor-element-cccd82d elementor-hidden-desktop elementor-section-stretched elementor-section-full_width elementor-section-height-default elementor-section-height-default\" data-id=\"cccd82d\" data-element_type=\"section\" data-e-type=\"section\" data-settings=\"{&quot;stretch_section&quot;:&quot;section-stretched&quot;}\">\n\t\t\t\t\t\t<div class=\"elementor-container elementor-column-gap-custom\">\n\t\t\t\t\t<div class=\"elementor-column elementor-col-100 elementor-top-column elementor-element elementor-element-6907413\" data-id=\"6907413\" data-element_type=\"column\" data-e-type=\"column\">\n\t\t\t<div class=\"elementor-widget-wrap elementor-element-populated\">\n\t\t\t\t\t\t<div class=\"elementor-element elementor-element-32f5b92 elementor-widget elementor-widget-heading\" data-id=\"32f5b92\" data-element_type=\"widget\" data-e-type=\"widget\" data-widget_type=\"heading.default\">\n\t\t\t\t<div class=\"elementor-widget-container\">\n\t\t\t\t\t<h2 class=\"elementor-heading-title elementor-size-default\">Informations<\/h2>\t\t\t\t<\/div>\n\t\t\t\t<\/div>\n\t\t\t\t<div class=\"elementor-element elementor-element-d3fa7f1 elementor-nav-menu__align-start elementor-nav-menu--dropdown-tablet elementor-nav-menu__text-align-aside elementor-widget elementor-widget-nav-menu\" data-id=\"d3fa7f1\" data-element_type=\"widget\" data-e-type=\"widget\" data-settings=\"{&quot;layout&quot;:&quot;vertical&quot;,&quot;submenu_icon&quot;:{&quot;value&quot;:&quot;&lt;i class=\\&quot;fas fa-caret-down\\&quot; aria-hidden=\\&quot;true\\&quot;&gt;&lt;\\\/i&gt;&quot;,&quot;library&quot;:&quot;fa-solid&quot;}}\" data-widget_type=\"nav-menu.default\">\n\t\t\t\t<div class=\"elementor-widget-container\">\n\t\t\t\t\t\t\t\t<nav aria-label=\"Menu\" class=\"elementor-nav-menu--main elementor-nav-menu__container elementor-nav-menu--layout-vertical e--pointer-background e--animation-fade\">\n\t\t\t\t<ul id=\"menu-1-d3fa7f1\" class=\"elementor-nav-menu sm-vertical\"><li class=\"menu-item menu-item-type-post_type menu-item-object-page menu-item-privacy-policy menu-item-300\"><a rel=\"privacy-policy\" href=\"https:\/\/www.hakoh.com\/fr\/datenschutz\/\" class=\"elementor-item\">Protection des donn\u00e9es<\/a><\/li>\n<li class=\"menu-item menu-item-type-post_type menu-item-object-page menu-item-301\"><a href=\"https:\/\/www.hakoh.com\/fr\/agb\/\" class=\"elementor-item\">Termes et conditions<\/a><\/li>\n<li class=\"menu-item menu-item-type-post_type menu-item-object-page menu-item-303\"><a href=\"https:\/\/www.hakoh.com\/fr\/impressum\/\" class=\"elementor-item\">imprimer<\/a><\/li>\n<\/ul>\t\t\t<\/nav>\n\t\t\t\t\t\t<nav class=\"elementor-nav-menu--dropdown elementor-nav-menu__container\" aria-hidden=\"true\">\n\t\t\t\t<ul id=\"menu-2-d3fa7f1\" class=\"elementor-nav-menu sm-vertical\"><li class=\"menu-item menu-item-type-post_type menu-item-object-page menu-item-privacy-policy menu-item-300\"><a rel=\"privacy-policy\" href=\"https:\/\/www.hakoh.com\/fr\/datenschutz\/\" class=\"elementor-item\" tabindex=\"-1\">Protection des donn\u00e9es<\/a><\/li>\n<li class=\"menu-item menu-item-type-post_type menu-item-object-page menu-item-301\"><a href=\"https:\/\/www.hakoh.com\/fr\/agb\/\" class=\"elementor-item\" tabindex=\"-1\">Termes et conditions<\/a><\/li>\n<li class=\"menu-item menu-item-type-post_type menu-item-object-page menu-item-303\"><a href=\"https:\/\/www.hakoh.com\/fr\/impressum\/\" class=\"elementor-item\" tabindex=\"-1\">imprimer<\/a><\/li>\n<\/ul>\t\t\t<\/nav>\n\t\t\t\t\t\t<\/div>\n\t\t\t\t<\/div>\n\t\t\t\t<div class=\"elementor-element elementor-element-9c7018f elementor-widget elementor-widget-heading\" data-id=\"9c7018f\" data-element_type=\"widget\" data-e-type=\"widget\" data-widget_type=\"heading.default\">\n\t\t\t\t<div class=\"elementor-widget-container\">\n\t\t\t\t\t<h2 class=\"elementor-heading-title elementor-size-default\">imprimer<\/h2>\t\t\t\t<\/div>\n\t\t\t\t<\/div>\n\t\t\t\t<div class=\"elementor-element elementor-element-9f6a05a elementor-widget elementor-widget-text-editor\" data-id=\"9f6a05a\" data-element_type=\"widget\" data-e-type=\"widget\" data-widget_type=\"text-editor.default\">\n\t\t\t\t<div class=\"elementor-widget-container\">\n\t\t\t\t\t\t\t\t\t<h5><strong>Informations selon \u00a7 5 TMG<\/strong><\/h5><p>HAKOH GmbH<br \/>31a, all\u00e9e Willy Brandt<br \/>23554 L\u00fcbeck<\/p><p><strong>Localisation de Hambourg :<\/strong><\/p><p><strong>Ventes et salle d'exposition<br \/><\/strong>HAKOH GmbH<br \/>11, rue de l'H\u00f4pital<br \/>20095 Hambourg<\/p><p>Registre du commerce : 18667<br \/>Tribunal d'enregistrement : Tribunal d'instance de la ville hans\u00e9atique de L\u00fcbeck, Lieu de juridiction : Ville hans\u00e9atique de L\u00fcbeck<\/p><p><strong>Repr\u00e9sent\u00e9 par les directeurs g\u00e9n\u00e9raux :<\/strong><br \/>Hans-Christoph Klaiber, ing\u00e9nieur dipl\u00f4m\u00e9<\/p><h5><strong>contact<\/strong><\/h5><p>T\u00e9l\u00e9phone : +49 40 8221 257 10<br \/>Fax : +49 40 8221 257 80<br \/>E-Mail: info@hakoh.com<\/p><h5><strong>Num\u00e9ro de TVA<\/strong><\/h5><p>Num\u00e9ro d'identification TVA selon \u00a727 a de la loi sur la taxe de vente :<br \/>FR 323 724 471\u00a0\u00a0<\/p><h5><strong>Responsable du contenu selon \u00a7 55 al. 2 RStV<\/strong><\/h5><p>Hans-Christoph Klaiber, ing\u00e9nieur dipl\u00f4m\u00e9<br \/>31a, all\u00e9e Willy Brandt<br \/>23554 L\u00fcbeck<\/p><h5><strong>R\u00e9solution des litiges<\/strong><\/h5><p>La Commission europ\u00e9enne met \u00e0 disposition une plateforme de r\u00e8glement en ligne des litiges (RLL) :\u00a0<a href=\"https:\/\/ec.europa.eu\/consumers\/odr\" rel=\"nofollow noopener\">https:\/\/ec.europa.eu\/consumers\/odr<\/a>.<br \/>Notre adresse e-mail se trouve ci-dessus dans les mentions l\u00e9gales.<\/p><p>Nous ne sommes pas dispos\u00e9s ou oblig\u00e9s de participer \u00e0 une proc\u00e9dure de r\u00e8glement des litiges devant un conseil d'arbitrage des consommateurs.<\/p><h5><strong>Responsabilit\u00e9 du contenu<\/strong><\/h5><p>En tant que prestataire de services, nous sommes responsables, conform\u00e9ment au \u00a7 7 alin\u00e9a 1 de la loi allemande sur les t\u00e9l\u00e9m\u00e9dias (TMG), de nos propres contenus sur ces pages selon les lois g\u00e9n\u00e9rales. Selon les \u00a7\u00a7 8 \u00e0 10 de la TMG, nous ne sommes toutefois pas tenus, en tant que prestataire de services, de surveiller les informations externes transmises ou enregistr\u00e9es ou de rechercher les circonstances qui indiquent une activit\u00e9 ill\u00e9gale.<\/p><p>Les obligations de suppression ou de blocage d'informations pr\u00e9vues par la loi g\u00e9n\u00e9rale restent inchang\u00e9es. Toutefois, notre responsabilit\u00e9 \u00e0 cet \u00e9gard n'est engag\u00e9e qu'au moment o\u00f9 nous avons connaissance d'une violation concr\u00e8te de la loi. D\u00e8s que nous aurons connaissance de telles violations, nous supprimerons imm\u00e9diatement le contenu concern\u00e9.<\/p><h5><strong>Responsabilit\u00e9 des liens<\/strong><\/h5><p>Notre site web contient des liens vers des sites web tiers sur le contenu desquels nous n'avons aucune influence. Par cons\u00e9quent, nous d\u00e9clinons toute responsabilit\u00e9 quant \u00e0 ces contenus externes. Le fournisseur ou l'exploitant des pages li\u00e9es est toujours responsable du contenu de ces pages. Les pages li\u00e9es ont \u00e9t\u00e9 v\u00e9rifi\u00e9es au moment de la cr\u00e9ation du lien afin de d\u00e9celer d'\u00e9ventuelles violations de la loi. Aucun contenu ill\u00e9gal n'\u00e9tait d\u00e9cel\u00e9 \u00e0 ce moment.<\/p><p>Toutefois, un contr\u00f4le permanent du contenu des pages li\u00e9es est d\u00e9raisonnable sans preuve concr\u00e8te d'une violation de la loi. D\u00e8s notification d'une violation de la loi, nous supprimerons imm\u00e9diatement ces liens.<\/p><h5><strong>droits d'auteur<\/strong><\/h5><p>Le contenu et les \u0153uvres de ces pages, cr\u00e9\u00e9s par les exploitants du site, sont soumis au droit d'auteur allemand. La reproduction, le traitement, la diffusion et toute forme d'exploitation en dehors des limites du droit d'auteur n\u00e9cessitent l'autorisation \u00e9crite de l'auteur ou du cr\u00e9ateur concern\u00e9. Les t\u00e9l\u00e9chargements et copies de ce site sont autoris\u00e9s uniquement pour un usage priv\u00e9 et non commercial.<\/p><p>Dans la mesure o\u00f9 le contenu de ce site n'a pas \u00e9t\u00e9 cr\u00e9\u00e9 par l'exploitant, les droits d'auteur des tiers sont respect\u00e9s. Les contenus tiers sont notamment signal\u00e9s comme tels. Si vous constatez n\u00e9anmoins une violation des droits d'auteur, veuillez nous en informer. D\u00e8s notification de telles violations, nous supprimerons imm\u00e9diatement le contenu concern\u00e9.<\/p><h4>Consentement \u00e0 l'utilisation de cookies.<\/h4><p>Nous utilisons des cookies pour assurer le bon fonctionnement de notre site web. Pour obtenir et documenter correctement votre consentement valide \u00e0 l'utilisation et au stockage des cookies dans le navigateur que vous utilisez pour acc\u00e9der \u00e0 notre site web, nous utilisons une plateforme de gestion du consentement : CookieFirst. Cette technologie est fournie par Digital Data Solutions BV, Plantage Middenlaan 42a, 1018 DH, Amsterdam, Pays-Bas. Le site web : <a title=\"Cookiefirst page\" href=\"https:\/\/cookiefirst.com\">https:\/\/cookiefirst.com<\/a> fait r\u00e9f\u00e9rence \u00e0 CookieFirst.<\/p><p>Lorsque vous acc\u00e9dez \u00e0 notre site web, une connexion est \u00e9tablie avec le serveur CookieFirst afin d'obtenir votre consentement valide \u00e0 l'utilisation de certains cookies. CookieFirst enregistre ensuite un cookie dans votre navigateur pour n'autoriser que les cookies auxquels vous avez consenti et pour documenter correctement ce consentement. Les donn\u00e9es trait\u00e9es seront conserv\u00e9es jusqu'\u00e0 l'expiration de la p\u00e9riode de conservation sp\u00e9cifi\u00e9e ou jusqu'\u00e0 votre demande de suppression. Certaines p\u00e9riodes de conservation l\u00e9gales peuvent s'appliquer.<\/p><p>CookieFirst est utilis\u00e9 pour obtenir le consentement l\u00e9gal \u00e0 l'utilisation des cookies. La base juridique est l'article 6 (1) (c) du R\u00e8glement g\u00e9n\u00e9ral sur la protection des donn\u00e9es (RGPD).<\/p><h4>Accord de traitement des donn\u00e9es<\/h4><p>Nous avons conclu un accord de traitement des donn\u00e9es avec CookieFirst. Cet accord est requis par la loi sur la protection des donn\u00e9es et garantit que les donn\u00e9es des visiteurs de notre site web sont trait\u00e9es uniquement selon nos instructions et conform\u00e9ment au RGPD.<\/p><h4>Fichiers journaux du serveur<\/h4><p>Notre site web et CookieFirst collectent et stockent automatiquement des informations dans des fichiers journaux de serveur, que votre navigateur nous transmet automatiquement. Les donn\u00e9es suivantes sont collect\u00e9es :<\/p><ul><li>Votre statut de consentement ou le retrait de votre consentement<\/li><li>Votre adresse IP anonymis\u00e9e<\/li><li>Informations sur votre navigateur<\/li><li>Informations sur votre appareil<\/li><li>La date et l'heure de votre visite sur notre site Web<\/li><li>L'URL du site Web sur lequel vous avez enregistr\u00e9 ou mis \u00e0 jour vos param\u00e8tres de consentement<\/li><li>L'emplacement approximatif de l'utilisateur qui a enregistr\u00e9 ses pr\u00e9f\u00e9rences de consentement<\/li><li>Un identifiant unique universel (UUID) du visiteur du site Web qui a cliqu\u00e9 sur le cookie de banni\u00e8re<\/li><\/ul><h2>\u00a0<\/h2>\t\t\t\t\t\t\t\t<\/div>\n\t\t\t\t<\/div>\n\t\t\t\t\t<\/div>\n\t\t<\/div>\n\t\t\t\t\t<\/div>\n\t\t<\/section>\n\t\t\t\t<\/div>","protected":false},"excerpt":{"rendered":"<p>Informationen Impressum Angaben gem\u00e4\u00df \u00a7 5 DDG HAKOH GmbHGoldberg 2923562 L\u00fcbeck Standort Hamburg: Vertrieb &amp; ShowroomHAKOH GmbHSpitalerstra\u00dfe 1120095 Hamburg Handelsregister: 18667Registergericht: Amtsgericht der Hansestadt L\u00fcbeck, Gerichtsstand Hansestadt L\u00fcbeck Vertreten durch die Gesch\u00e4ftsf\u00fchrer:Dipl.-Ing. Hans-Christoph Klaiber Kontakt Telefon: +49 40 8221 257 10Telefax: +49 40 8221 257 80E-Mail: info@hakoh.com Umsatzsteuer-ID Umsatzsteuer-Identifikationsnummer gem\u00e4\u00df \u00a727 a Umsatzsteuergesetz:DE 323 724 [&hellip;]<\/p>\n","protected":false},"author":1,"featured_media":0,"parent":0,"menu_order":0,"comment_status":"closed","ping_status":"closed","template":"","meta":{"inline_featured_image":false,"footnotes":""},"class_list":["post-171","page","type-page","status-publish","hentry"],"aioseo_notices":[],"_links":{"self":[{"href":"https:\/\/www.hakoh.com\/fr\/wp-json\/wp\/v2\/pages\/171","targetHints":{"allow":["GET"]}}],"collection":[{"href":"https:\/\/www.hakoh.com\/fr\/wp-json\/wp\/v2\/pages"}],"about":[{"href":"https:\/\/www.hakoh.com\/fr\/wp-json\/wp\/v2\/types\/page"}],"author":[{"embeddable":true,"href":"https:\/\/www.hakoh.com\/fr\/wp-json\/wp\/v2\/users\/1"}],"replies":[{"embeddable":true,"href":"https:\/\/www.hakoh.com\/fr\/wp-json\/wp\/v2\/comments?post=171"}],"version-history":[{"count":0,"href":"https:\/\/www.hakoh.com\/fr\/wp-json\/wp\/v2\/pages\/171\/revisions"}],"wp:attachment":[{"href":"https:\/\/www.hakoh.com\/fr\/wp-json\/wp\/v2\/media?parent=171"}],"curies":[{"name":"wp","href":"https:\/\/api.w.org\/{rel}","templated":true}]}}