{"id":28239,"date":"2024-07-10T10:19:18","date_gmt":"2024-07-10T08:19:18","guid":{"rendered":"https:\/\/www.hakoh.com\/?page_id=28239"},"modified":"2024-07-12T10:11:24","modified_gmt":"2024-07-12T08:11:24","slug":"ha-74-sun-umbrellas","status":"publish","type":"page","link":"https:\/\/www.hakoh.com\/en\/ha-74-sun-umbrellas\/","title":{"rendered":"HA-74-2024-0842 Sun Umbrellas"},"content":{"rendered":"<div data-elementor-type=\"wp-page\" data-elementor-id=\"28239\" class=\"elementor elementor-28239\" data-elementor-post-type=\"page\">\n\t\t\t\t<div class=\"elementor-element elementor-element-6d3cf9a2 e-flex e-con-boxed e-con e-parent\" data-id=\"6d3cf9a2\" data-element_type=\"container\" data-e-type=\"container\">\n\t\t\t\t\t<div class=\"e-con-inner\">\n\t\t\t\t<div class=\"elementor-element elementor-element-7aa4785b elementor-widget elementor-widget-button\" data-id=\"7aa4785b\" data-element_type=\"widget\" data-e-type=\"widget\" data-widget_type=\"button.default\">\n\t\t\t\t<div class=\"elementor-widget-container\">\n\t\t\t\t\t\t\t\t\t<div class=\"elementor-button-wrapper\">\n\t\t\t\t\t<a class=\"elementor-button elementor-button-link elementor-size-sm\" href=\"https:\/\/www.hakoh.com\/en\/tenders-documents\/\">\n\t\t\t\t\t\t<span class=\"elementor-button-content-wrapper\">\n\t\t\t\t\t\t<span class=\"elementor-button-icon\">\n\t\t\t\t<i aria-hidden=\"true\" class=\"fas fa-arrow-circle-left\"><\/i>\t\t\t<\/span>\n\t\t\t\t\t\t\t\t\t<span class=\"elementor-button-text\">All Tenders<\/span>\n\t\t\t\t\t<\/span>\n\t\t\t\t\t<\/a>\n\t\t\t\t<\/div>\n\t\t\t\t\t\t\t\t<\/div>\n\t\t\t\t<\/div>\n\t\t\t\t<div class=\"elementor-element elementor-element-71170ccd elementor-widget elementor-widget-text-editor\" data-id=\"71170ccd\" data-element_type=\"widget\" data-e-type=\"widget\" data-widget_type=\"text-editor.default\">\n\t\t\t\t<div class=\"elementor-widget-container\">\n\t\t\t\t\t\t\t\t\t<p><strong>English:<\/strong><\/p><p>Dear Supplier, welcome to the Tender \"LA-2024-8063_HA-74-2024-0842_Umbrellas\".<\/p><p>HAKOH is an international importer and wholesaler mainly for HORECA (Hotel, Gastronomy), Cook- and Kitchenware but also medical, with offices in Amsterdam, Hong Kong, and cooperation offices in T\u00fcrkiye.<\/p><p>Please find the short overview here and if interested, please download the detailed specifications and send us your quotation before the tender ends.<\/p><p>For any further questions, please contact the person written in the enquiry.<\/p><p>Best regards - HAKOH International Tender Team<\/p><ul><li style=\"list-style-type: none;\"><ul><li style=\"list-style-type: none;\"><ul><li style=\"list-style-type: none;\"><ul><li style=\"list-style-type: none;\"><ol><li>Product: Different types of sun umbrellas (\u00d81,8 \/ \u00d82,5m \/ \u00d83m \/ \u00d84m)<\/li><li>Quantity: find in detailed tender description<\/li><li>Packing: find in detailed tender description , suitable for safe sea freight (seawater-resistant containers).<\/li><li>Tender Time: Quotations must be sent before July 17th, 2024.<\/li><li>Incoterms: FOB preferred (EXW accepted alternatively).<\/li><li>Desired Payment: 20% deposit \/ 80% before loading.<\/li><li>Certificates\/Confirmations required: Detailed material composition, UV+50 Lightfastness 6-7, Declaration of Conformity for product safety, Windstability between 6-8<\/li><li>Others: Seller must allow inspections by the buyer and third parties.<\/li><li>Buyer:<ol><li style=\"list-style-type: none;\"><ol><li style=\"list-style-type: none;\"><ul><li>For Asian Suppliers: HAKOH HONG KONG LTD., Hong Kong<\/li><li>For Non-Asian Suppliers: HAKOH GmbH, Germany<\/li><\/ul><\/li><\/ol><\/li><\/ol><\/li><\/ol><\/li><\/ul><\/li><\/ul><\/li><\/ul><\/li><\/ul><hr \/><p><strong>\u4e2d\u6587:<\/strong><\/p><p><strong>\u5ca0\u656c\u7684\u4f9b\u5e94\u5546\uff0c\u6b22\u8fce\u53c2\u52a0\u62db\u6807 \"LA-2024-8063 HA-74-2024-0842 Sun Umbrellas\"\u3002\u3002<\/strong><\/p><p>HAKOH \u662f\u4e00\u5bb6\u56fd\u9645\u8fdb\u53e3\u5546\u548c\u6279\u53d1\u5546\uff0c\u4e3b\u8981\u7ecf\u8425 HORECA\uff08\u9152\u5e97\uff0c\u9910\u996e\uff09\uff0c\u708a\u5177\u548c\u53a8\u623f\u7528\u54c1\uff0c\u540c\u65f6\u4e5f\u6d89\u53ca\u533b\u7597\u9886\u57df\uff0c\u5728\u963f\u59c6\u65af\u7279\u4e39\uff0c\u9999\u6e2f\u548c\u571f\u8033\u5176\u8bbe\u6709\u529e\u4e8b\u5904\u3002<\/p><p>\u8bf7\u5728\u6b64\u67e5\u9605\u7b80\u8981\u6982\u8ff0\uff0c\u5982\u6709\u5174\u8da3\uff0c\u8bf7\u4e0b\u8f7d\u8be6\u7ec6\u89c4\u683c\u5e76\u5728\u62db\u6807\u7ed3\u675f\u524d\u5411\u6211\u4eec\u63d0\u4ea4\u62a5\u4ef7\u3002<\/p><p>\u5982\u6709\u4efb\u4f55\u8fdb\u4e00\u6b65\u7684\u95ee\u9898\uff0c\u8bf7\u8054\u7cfb\u8be2\u4ef7\u5355\u4e2d\u6ce8\u660e\u7684\u8054\u7cfb\u4eba\u3002<\/p><p>\u6b64\u81f4 - HAKOH \u56fd\u9645\u62db\u6807\u56e2\u961f<\/p><ol><li style=\"list-style-type: none;\"><ol><li style=\"list-style-type: none;\"><ol><li style=\"list-style-type: none;\"><ol><li style=\"list-style-type: none;\"><ol><li>\u4ea7\u54c1\uff1a\u00d81,8, \u00d82,5, \u00d83 \u548c \u00d84\u7c73\u4e0d\u540c\u5370\u82b1\u7684\u906e\u9633\u4f1e\u3002<\/li><li>\u6570\u91cf\uff1a\u8bf7\u53c2\u9605\u62db\u6807\ud9ef\udec6\u6587\u4ef6\u3002<\/li><li>\u5305\u88c5\uff1a\u8bf7\u53c2\u9605\u62db\u6807\u8be6\u7ec6\u6587\u4ef6\u3002<\/li><li>\u6295\u6807\u65f6\u95f4\uff1a\u62a5\u4ef7\u5fc5\u987b\u57282024\u5e747\u670817\u65e5\u524d\u63d0\u4ea4\u3002<\/li><li>\u8d38\u6613\u672f\u8bed\uff1a\u4f18\u5148FOB\uff08\u4e5f\u53ef\u63a5\u53d7EXW\uff09\u3002<\/li><li>\u671f\u671b\u4ed8\u6b3e\uff1a20%\u9884\u4ed8\u6b3e \/ 80%\u88c5\u8f7d\u524d\u652f\u4ed8\u3002<\/li><li>\u6240\u9700\u8bc1\u4e66\/\u786e\u8ba4\uff1a\u8be6\u7ec6\u7684\u6750\u6599\u6210\u5206\uff0cUV50+\uff0c\u8010\u5149\u60276-7\u7ea7\uff0c\u6297\u98ce\u80fd\u529b6-7\u7ea7\u4ee5\u4e0a\u3002<\/li><li>\u5176\u4ed6\uff1a\u5356\u65b9\u5fc5\u987b\u5141\u8bb8\u4e70\u65b9\u548c\u7b2c\u4e09\u65b9\u68c0\u67e5\u3002<\/li><li>\u4e70\u5bb6\uff1a<\/li><\/ol><\/li><\/ol><\/li><\/ol><\/li><\/ol><\/li><\/ol><ul><li style=\"list-style-type: none;\"><ul><li style=\"list-style-type: none;\"><ul><li style=\"list-style-type: none;\"><ul><li style=\"list-style-type: none;\"><ul><li style=\"list-style-type: none;\"><ul><li style=\"list-style-type: none;\"><ul><li style=\"list-style-type: none;\"><ul><li style=\"list-style-type: none;\"><ul><li>\u5bf9\u4e8e\u4e9a\u6d32\u4f9b\u5e94\u5546\uff1aHAKOH HONG KONG LTD, \u9999\u6e2f<\/li><li>\u5bf9\u4e8e\u975e\u4e9a\u6d32\u4f9b\u5e94\u5546\uff1aHAKOH GmbH, \u5fb7\u56fd<\/li><\/ul><\/li><\/ul><\/li><\/ul><\/li><\/ul><\/li><\/ul><\/li><\/ul><\/li><\/ul><\/li><\/ul><\/li><\/ul>\t\t\t\t\t\t\t\t<\/div>\n\t\t\t\t<\/div>\n\t\t\t\t<div class=\"elementor-element elementor-element-7f750bac elementor-widget elementor-widget-spacer\" data-id=\"7f750bac\" data-element_type=\"widget\" data-e-type=\"widget\" data-widget_type=\"spacer.default\">\n\t\t\t\t<div class=\"elementor-widget-container\">\n\t\t\t\t\t\t\t<div class=\"elementor-spacer\">\n\t\t\t<div class=\"elementor-spacer-inner\"><\/div>\n\t\t<\/div>\n\t\t\t\t\t\t<\/div>\n\t\t\t\t<\/div>\n\t\t\t\t\t<\/div>\n\t\t\t\t<\/div>\n\t\t<div class=\"elementor-element elementor-element-36941b6c e-flex e-con-boxed e-con e-parent\" data-id=\"36941b6c\" data-element_type=\"container\" data-e-type=\"container\">\n\t\t\t\t\t<div class=\"e-con-inner\">\n\t\t\t\t<div class=\"elementor-element elementor-element-349087ff elementor-widget elementor-widget-heading\" data-id=\"349087ff\" data-element_type=\"widget\" data-e-type=\"widget\" data-widget_type=\"heading.default\">\n\t\t\t\t<div class=\"elementor-widget-container\">\n\t\t\t\t\t<h2 class=\"elementor-heading-title elementor-size-default\">Documents<\/h2>\t\t\t\t<\/div>\n\t\t\t\t<\/div>\n\t\t\t\t<div class=\"elementor-element elementor-element-d0e3e5d elementor-widget elementor-widget-button\" data-id=\"d0e3e5d\" data-element_type=\"widget\" data-e-type=\"widget\" data-widget_type=\"button.default\">\n\t\t\t\t<div class=\"elementor-widget-container\">\n\t\t\t\t\t\t\t\t\t<div class=\"elementor-button-wrapper\">\n\t\t\t\t\t<a class=\"elementor-button elementor-button-link elementor-size-sm\" href=\"https:\/\/www.hakoh.com\/wp-content\/uploads\/2024\/07\/LA-2024-8064_HA-74-2024-0842_Intro_DE_EN_ES_PT_FR_IT_CN_PL.pdf\" target=\"_blank\">\n\t\t\t\t\t\t<span class=\"elementor-button-content-wrapper\">\n\t\t\t\t\t\t\t\t\t<span class=\"elementor-button-text\">HA-74-2024 Introduction<\/span>\n\t\t\t\t\t<\/span>\n\t\t\t\t\t<\/a>\n\t\t\t\t<\/div>\n\t\t\t\t\t\t\t\t<\/div>\n\t\t\t\t<\/div>\n\t\t\t\t<div class=\"elementor-element elementor-element-77eccfd elementor-widget elementor-widget-button\" data-id=\"77eccfd\" data-element_type=\"widget\" data-e-type=\"widget\" data-widget_type=\"button.default\">\n\t\t\t\t<div class=\"elementor-widget-container\">\n\t\t\t\t\t\t\t\t\t<div class=\"elementor-button-wrapper\">\n\t\t\t\t\t<a class=\"elementor-button elementor-button-link elementor-size-sm\" href=\"https:\/\/www.hakoh.com\/wp-content\/uploads\/2024\/07\/Tender_-LA-2024-8064-HA-74-2024-0842_Umbrellas_CN.xlsx\" target=\"_blank\">\n\t\t\t\t\t\t<span class=\"elementor-button-content-wrapper\">\n\t\t\t\t\t\t\t\t\t<span class=\"elementor-button-text\">HA-74-2024 Umbrellas CN<\/span>\n\t\t\t\t\t<\/span>\n\t\t\t\t\t<\/a>\n\t\t\t\t<\/div>\n\t\t\t\t\t\t\t\t<\/div>\n\t\t\t\t<\/div>\n\t\t\t\t<div class=\"elementor-element elementor-element-ea77b3b elementor-widget elementor-widget-button\" data-id=\"ea77b3b\" data-element_type=\"widget\" data-e-type=\"widget\" data-widget_type=\"button.default\">\n\t\t\t\t<div class=\"elementor-widget-container\">\n\t\t\t\t\t\t\t\t\t<div class=\"elementor-button-wrapper\">\n\t\t\t\t\t<a class=\"elementor-button elementor-button-link elementor-size-sm\" href=\"https:\/\/www.hakoh.com\/wp-content\/uploads\/2024\/07\/Tender_-LA-2024-8064-HA-74-2024-0842_Umbrellas_EU.xlsx\" target=\"_blank\">\n\t\t\t\t\t\t<span class=\"elementor-button-content-wrapper\">\n\t\t\t\t\t\t\t\t\t<span class=\"elementor-button-text\">HA-74-2024 Umbrellas EU<\/span>\n\t\t\t\t\t<\/span>\n\t\t\t\t\t<\/a>\n\t\t\t\t<\/div>\n\t\t\t\t\t\t\t\t<\/div>\n\t\t\t\t<\/div>\n\t\t\t\t\t<\/div>\n\t\t\t\t<\/div>\n\t\t\t\t<\/div>","protected":false},"excerpt":{"rendered":"<p>All Tenders English: Dear Supplier, welcome to the Tender &#8222;LA-2024-8063_HA-74-2024-0842_Umbrellas&#8220;. HAKOH is an international importer and wholesaler mainly for HORECA (Hotel, Gastronomy), Cook- and Kitchenware but also medical, with offices in Amsterdam, Hong Kong, and cooperation offices in T\u00fcrkiye. Please find the short overview here and if interested, please download the detailed specifications and send [&hellip;]<\/p>\n","protected":false},"author":4,"featured_media":0,"parent":0,"menu_order":0,"comment_status":"closed","ping_status":"closed","template":"","meta":{"inline_featured_image":false,"footnotes":""},"class_list":["post-28239","page","type-page","status-publish","hentry"],"aioseo_notices":[],"_links":{"self":[{"href":"https:\/\/www.hakoh.com\/en\/wp-json\/wp\/v2\/pages\/28239","targetHints":{"allow":["GET"]}}],"collection":[{"href":"https:\/\/www.hakoh.com\/en\/wp-json\/wp\/v2\/pages"}],"about":[{"href":"https:\/\/www.hakoh.com\/en\/wp-json\/wp\/v2\/types\/page"}],"author":[{"embeddable":true,"href":"https:\/\/www.hakoh.com\/en\/wp-json\/wp\/v2\/users\/4"}],"replies":[{"embeddable":true,"href":"https:\/\/www.hakoh.com\/en\/wp-json\/wp\/v2\/comments?post=28239"}],"version-history":[{"count":0,"href":"https:\/\/www.hakoh.com\/en\/wp-json\/wp\/v2\/pages\/28239\/revisions"}],"wp:attachment":[{"href":"https:\/\/www.hakoh.com\/en\/wp-json\/wp\/v2\/media?parent=28239"}],"curies":[{"name":"wp","href":"https:\/\/api.w.org\/{rel}","templated":true}]}}