{"id":176,"date":"2023-06-27T14:09:09","date_gmt":"2023-06-27T12:09:09","guid":{"rendered":"https:\/\/www.hakoh.com\/shipping-methods\/"},"modified":"2024-06-06T12:26:08","modified_gmt":"2024-06-06T10:26:08","slug":"shipping-delivery","status":"publish","type":"page","link":"https:\/\/www.hakoh.com\/en\/versand-lieferung\/","title":{"rendered":"Shipping &amp; Delivery"},"content":{"rendered":"<div data-elementor-type=\"wp-page\" data-elementor-id=\"176\" class=\"elementor elementor-176\" data-elementor-post-type=\"page\">\n\t\t\t\t\t\t<section class=\"elementor-section elementor-top-section elementor-element elementor-element-e9be62d elementor-hidden-tablet elementor-hidden-mobile elementor-section-boxed elementor-section-height-default elementor-section-height-default\" data-id=\"e9be62d\" data-element_type=\"section\" data-e-type=\"section\">\n\t\t\t\t\t\t<div class=\"elementor-container elementor-column-gap-default\">\n\t\t\t\t\t<div class=\"elementor-column elementor-col-50 elementor-top-column elementor-element elementor-element-3dc6d21\" data-id=\"3dc6d21\" data-element_type=\"column\" data-e-type=\"column\">\n\t\t\t<div class=\"elementor-widget-wrap elementor-element-populated\">\n\t\t\t\t\t\t<div class=\"elementor-element elementor-element-2be52df elementor-widget elementor-widget-heading\" data-id=\"2be52df\" data-element_type=\"widget\" data-e-type=\"widget\" data-widget_type=\"heading.default\">\n\t\t\t\t<div class=\"elementor-widget-container\">\n\t\t\t\t\t<h2 class=\"elementor-heading-title elementor-size-default\">Service<\/h2>\t\t\t\t<\/div>\n\t\t\t\t<\/div>\n\t\t\t\t<div class=\"elementor-element elementor-element-f15bf5c elementor-nav-menu__align-start elementor-nav-menu--dropdown-tablet elementor-nav-menu__text-align-aside elementor-nav-menu--toggle elementor-nav-menu--burger elementor-widget elementor-widget-nav-menu\" data-id=\"f15bf5c\" data-element_type=\"widget\" data-e-type=\"widget\" data-settings=\"{&quot;layout&quot;:&quot;vertical&quot;,&quot;submenu_icon&quot;:{&quot;value&quot;:&quot;&lt;i class=\\&quot;fas fa-caret-down\\&quot; aria-hidden=\\&quot;true\\&quot;&gt;&lt;\\\/i&gt;&quot;,&quot;library&quot;:&quot;fa-solid&quot;},&quot;toggle&quot;:&quot;burger&quot;}\" data-widget_type=\"nav-menu.default\">\n\t\t\t\t<div class=\"elementor-widget-container\">\n\t\t\t\t\t\t\t\t<nav aria-label=\"Menu\" class=\"elementor-nav-menu--main elementor-nav-menu__container elementor-nav-menu--layout-vertical e--pointer-background e--animation-fade\">\n\t\t\t\t<ul id=\"menu-1-f15bf5c\" class=\"elementor-nav-menu sm-vertical\"><li class=\"menu-item menu-item-type-post_type menu-item-object-page menu-item-318\"><a href=\"https:\/\/www.hakoh.com\/en\/kontakt\/\" class=\"elementor-item\">Contact &amp; Locations<\/a><\/li>\n<li class=\"menu-item menu-item-type-post_type menu-item-object-page menu-item-319\"><a href=\"https:\/\/www.hakoh.com\/en\/ueber-uns\/\" class=\"elementor-item\">About us<\/a><\/li>\n<li class=\"menu-item menu-item-type-custom menu-item-object-custom menu-item-1355\"><a href=\"https:\/\/hakoh-gmbh.jobs.personio.de\/\" class=\"elementor-item\">Jobs<\/a><\/li>\n<li class=\"menu-item menu-item-type-post_type menu-item-object-page menu-item-4040\"><a href=\"https:\/\/www.hakoh.com\/en\/downloads\/\" class=\"elementor-item\">Downloads<\/a><\/li>\n<li class=\"menu-item menu-item-type-post_type menu-item-object-page menu-item-4041\"><a href=\"https:\/\/www.hakoh.com\/en\/garantie\/\" class=\"elementor-item\">Guarantee<\/a><\/li>\n<\/ul>\t\t\t<\/nav>\n\t\t\t\t\t<div class=\"elementor-menu-toggle\" role=\"button\" tabindex=\"0\" aria-label=\"Menu Toggle\" aria-expanded=\"false\">\n\t\t\t<i aria-hidden=\"true\" role=\"presentation\" class=\"elementor-menu-toggle__icon--open eicon-menu-bar\"><\/i><i aria-hidden=\"true\" role=\"presentation\" class=\"elementor-menu-toggle__icon--close eicon-close\"><\/i>\t\t<\/div>\n\t\t\t\t\t<nav class=\"elementor-nav-menu--dropdown elementor-nav-menu__container\" aria-hidden=\"true\">\n\t\t\t\t<ul id=\"menu-2-f15bf5c\" class=\"elementor-nav-menu sm-vertical\"><li class=\"menu-item menu-item-type-post_type menu-item-object-page menu-item-318\"><a href=\"https:\/\/www.hakoh.com\/en\/kontakt\/\" class=\"elementor-item\" tabindex=\"-1\">Contact &amp; Locations<\/a><\/li>\n<li class=\"menu-item menu-item-type-post_type menu-item-object-page menu-item-319\"><a href=\"https:\/\/www.hakoh.com\/en\/ueber-uns\/\" class=\"elementor-item\" tabindex=\"-1\">About us<\/a><\/li>\n<li class=\"menu-item menu-item-type-custom menu-item-object-custom menu-item-1355\"><a href=\"https:\/\/hakoh-gmbh.jobs.personio.de\/\" class=\"elementor-item\" tabindex=\"-1\">Jobs<\/a><\/li>\n<li class=\"menu-item menu-item-type-post_type menu-item-object-page menu-item-4040\"><a href=\"https:\/\/www.hakoh.com\/en\/downloads\/\" class=\"elementor-item\" tabindex=\"-1\">Downloads<\/a><\/li>\n<li class=\"menu-item menu-item-type-post_type menu-item-object-page menu-item-4041\"><a href=\"https:\/\/www.hakoh.com\/en\/garantie\/\" class=\"elementor-item\" tabindex=\"-1\">Guarantee<\/a><\/li>\n<\/ul>\t\t\t<\/nav>\n\t\t\t\t\t\t<\/div>\n\t\t\t\t<\/div>\n\t\t\t\t\t<\/div>\n\t\t<\/div>\n\t\t\t\t<div class=\"elementor-column elementor-col-50 elementor-top-column elementor-element elementor-element-6de3a96\" data-id=\"6de3a96\" data-element_type=\"column\" data-e-type=\"column\">\n\t\t\t<div class=\"elementor-widget-wrap elementor-element-populated\">\n\t\t\t\t\t\t<div class=\"elementor-element elementor-element-1b1dc30 elementor-widget elementor-widget-heading\" data-id=\"1b1dc30\" data-element_type=\"widget\" data-e-type=\"widget\" data-widget_type=\"heading.default\">\n\t\t\t\t<div class=\"elementor-widget-container\">\n\t\t\t\t\t<h2 class=\"elementor-heading-title elementor-size-default\">Shipping conditions<\/h2>\t\t\t\t<\/div>\n\t\t\t\t<\/div>\n\t\t\t\t<div class=\"elementor-element elementor-element-c36fc4a elementor-widget elementor-widget-text-editor\" data-id=\"c36fc4a\" data-element_type=\"widget\" data-e-type=\"widget\" data-widget_type=\"text-editor.default\">\n\t\t\t\t<div class=\"elementor-widget-container\">\n\t\t\t\t\t\t\t\t\t<div class=\"am-item\"><p>Delivery takes place within Germany and abroad on request.<\/p><h4><strong>Shipping costs<\/strong><\/h4><ul><li>Shipping costs within Germany \u20ac 5,90<\/li><li>Free shipping for orders over \u20ac75.<\/li><li>Shipping costs within Germany for bulky goods from \u20ac 39.90<\/li><li>Shipping costs for individual items may vary and are explicitly indicated on the item<\/li><li>Shipping costs abroad on request<\/li><li>\u00a0<\/li><\/ul><p><strong>For larger orders, we reserve the right to adjust the shipping costs according to the order volume.<\/strong>\u00a0For logistical reasons, some items are delivered by a forwarding agent.<\/p><h4><strong>Delivery times<\/strong><\/h4><p>If no other period is specified in the respective offer, the goods will be delivered within 3-4 days within Germany. Please note that there is no delivery on Sundays and public holidays.<\/p><p>If you have ordered items with different delivery times, we will send the goods in a single shipment unless we have made other arrangements with you. In this case, the delivery time is determined by the item with the longest delivery time that you have ordered.<\/p><\/div>\t\t\t\t\t\t\t\t<\/div>\n\t\t\t\t<\/div>\n\t\t\t\t\t<\/div>\n\t\t<\/div>\n\t\t\t\t\t<\/div>\n\t\t<\/section>\n\t\t\t\t<section class=\"elementor-section elementor-top-section elementor-element elementor-element-cd6fb15 elementor-hidden-desktop elementor-section-boxed elementor-section-height-default elementor-section-height-default\" data-id=\"cd6fb15\" data-element_type=\"section\" data-e-type=\"section\">\n\t\t\t\t\t\t<div class=\"elementor-container elementor-column-gap-default\">\n\t\t\t\t\t<div class=\"elementor-column elementor-col-100 elementor-top-column elementor-element elementor-element-5f0b73a\" data-id=\"5f0b73a\" data-element_type=\"column\" data-e-type=\"column\">\n\t\t\t<div class=\"elementor-widget-wrap elementor-element-populated\">\n\t\t\t\t\t\t<div class=\"elementor-element elementor-element-fcaaf4d elementor-widget elementor-widget-heading\" data-id=\"fcaaf4d\" data-element_type=\"widget\" data-e-type=\"widget\" data-widget_type=\"heading.default\">\n\t\t\t\t<div class=\"elementor-widget-container\">\n\t\t\t\t\t<h2 class=\"elementor-heading-title elementor-size-default\">Service<\/h2>\t\t\t\t<\/div>\n\t\t\t\t<\/div>\n\t\t\t\t<div class=\"elementor-element elementor-element-b13d442 elementor-nav-menu__align-start elementor-nav-menu--dropdown-tablet elementor-nav-menu__text-align-aside elementor-widget elementor-widget-nav-menu\" data-id=\"b13d442\" data-element_type=\"widget\" data-e-type=\"widget\" data-settings=\"{&quot;layout&quot;:&quot;vertical&quot;,&quot;submenu_icon&quot;:{&quot;value&quot;:&quot;&lt;i class=\\&quot;fas fa-caret-down\\&quot; aria-hidden=\\&quot;true\\&quot;&gt;&lt;\\\/i&gt;&quot;,&quot;library&quot;:&quot;fa-solid&quot;}}\" data-widget_type=\"nav-menu.default\">\n\t\t\t\t<div class=\"elementor-widget-container\">\n\t\t\t\t\t\t\t\t<nav aria-label=\"Menu\" class=\"elementor-nav-menu--main elementor-nav-menu__container elementor-nav-menu--layout-vertical e--pointer-background e--animation-fade\">\n\t\t\t\t<ul id=\"menu-1-b13d442\" class=\"elementor-nav-menu sm-vertical\"><li class=\"menu-item menu-item-type-post_type menu-item-object-page menu-item-318\"><a href=\"https:\/\/www.hakoh.com\/en\/kontakt\/\" class=\"elementor-item\">Contact &amp; Locations<\/a><\/li>\n<li class=\"menu-item menu-item-type-post_type menu-item-object-page menu-item-319\"><a href=\"https:\/\/www.hakoh.com\/en\/ueber-uns\/\" class=\"elementor-item\">About us<\/a><\/li>\n<li class=\"menu-item menu-item-type-custom menu-item-object-custom menu-item-1355\"><a href=\"https:\/\/hakoh-gmbh.jobs.personio.de\/\" class=\"elementor-item\">Jobs<\/a><\/li>\n<li class=\"menu-item menu-item-type-post_type menu-item-object-page menu-item-4040\"><a href=\"https:\/\/www.hakoh.com\/en\/downloads\/\" class=\"elementor-item\">Downloads<\/a><\/li>\n<li class=\"menu-item menu-item-type-post_type menu-item-object-page menu-item-4041\"><a href=\"https:\/\/www.hakoh.com\/en\/garantie\/\" class=\"elementor-item\">Guarantee<\/a><\/li>\n<\/ul>\t\t\t<\/nav>\n\t\t\t\t\t\t<nav class=\"elementor-nav-menu--dropdown elementor-nav-menu__container\" aria-hidden=\"true\">\n\t\t\t\t<ul id=\"menu-2-b13d442\" class=\"elementor-nav-menu sm-vertical\"><li class=\"menu-item menu-item-type-post_type menu-item-object-page menu-item-318\"><a href=\"https:\/\/www.hakoh.com\/en\/kontakt\/\" class=\"elementor-item\" tabindex=\"-1\">Contact &amp; Locations<\/a><\/li>\n<li class=\"menu-item menu-item-type-post_type menu-item-object-page menu-item-319\"><a href=\"https:\/\/www.hakoh.com\/en\/ueber-uns\/\" class=\"elementor-item\" tabindex=\"-1\">About us<\/a><\/li>\n<li class=\"menu-item menu-item-type-custom menu-item-object-custom menu-item-1355\"><a href=\"https:\/\/hakoh-gmbh.jobs.personio.de\/\" class=\"elementor-item\" tabindex=\"-1\">Jobs<\/a><\/li>\n<li class=\"menu-item menu-item-type-post_type menu-item-object-page menu-item-4040\"><a href=\"https:\/\/www.hakoh.com\/en\/downloads\/\" class=\"elementor-item\" tabindex=\"-1\">Downloads<\/a><\/li>\n<li class=\"menu-item menu-item-type-post_type menu-item-object-page menu-item-4041\"><a href=\"https:\/\/www.hakoh.com\/en\/garantie\/\" class=\"elementor-item\" tabindex=\"-1\">Guarantee<\/a><\/li>\n<\/ul>\t\t\t<\/nav>\n\t\t\t\t\t\t<\/div>\n\t\t\t\t<\/div>\n\t\t\t\t<div class=\"elementor-element elementor-element-888a876 elementor-widget elementor-widget-heading\" data-id=\"888a876\" data-element_type=\"widget\" data-e-type=\"widget\" data-widget_type=\"heading.default\">\n\t\t\t\t<div class=\"elementor-widget-container\">\n\t\t\t\t\t<h2 class=\"elementor-heading-title elementor-size-default\">Shipping conditions<\/h2>\t\t\t\t<\/div>\n\t\t\t\t<\/div>\n\t\t\t\t<div class=\"elementor-element elementor-element-23cfe2a elementor-widget elementor-widget-text-editor\" data-id=\"23cfe2a\" data-element_type=\"widget\" data-e-type=\"widget\" data-widget_type=\"text-editor.default\">\n\t\t\t\t<div class=\"elementor-widget-container\">\n\t\t\t\t\t\t\t\t\t<div class=\"am-item\"><p>Delivery takes place within Germany and abroad on request.<\/p><h4><strong>Shipping costs<\/strong><\/h4><ul><li>Shipping costs within Germany \u20ac 5,90<\/li><li>Free shipping for orders over \u20ac75.<\/li><li>Shipping costs within Germany for bulky goods from \u20ac 39.90<\/li><li>Shipping costs for individual items may vary and are explicitly indicated on the item<\/li><li>Shipping costs abroad on request<\/li><\/ul><p>\u00a0<\/p><p><strong>For larger orders, we reserve the right to adjust the shipping costs according to the order volume.<\/strong>\u00a0For logistical reasons, some items are delivered by a forwarding agent.<\/p><h4><strong>Delivery times<\/strong><\/h4><p>If no other period is specified in the respective offer, the goods will be delivered within 3-4 days in Germany.<br \/>Please note that there is no delivery on Sundays and public holidays.<br \/>If you have ordered items with different delivery times, we will send the goods in a single shipment unless we have made other arrangements with you. In this case, the delivery time is determined by the item with the longest delivery time that you have ordered.<\/p><\/div>\t\t\t\t\t\t\t\t<\/div>\n\t\t\t\t<\/div>\n\t\t\t\t\t<\/div>\n\t\t<\/div>\n\t\t\t\t\t<\/div>\n\t\t<\/section>\n\t\t\t\t<\/div>","protected":false},"excerpt":{"rendered":"<p>Service Versandbedingungen Die Lieferung erfolgt innerhalb Deutschlands und auf Anfrage ins Ausland. Versandkosten Versandkosten innerhalb Deutschland \u20ac 5,90 Versand ab einer Bestellung von 75 \u20ac kostenfrei. Versandkosten innerhalb Deutschland f\u00fcr Sperrgut ab \u20ac 39,90 Versandkosten f\u00fcr einzelne Artikel k\u00f6nnen abweichen und werden am Artikel explizit ausgewiesen Versandkosten ins Ausland auf Anfrage Bei gr\u00f6\u00dferen Bestellungen behalten [&hellip;]<\/p>\n","protected":false},"author":1,"featured_media":0,"parent":0,"menu_order":0,"comment_status":"closed","ping_status":"closed","template":"elementor_header_footer","meta":{"inline_featured_image":false,"footnotes":""},"class_list":["post-176","page","type-page","status-publish","hentry"],"aioseo_notices":[],"_links":{"self":[{"href":"https:\/\/www.hakoh.com\/en\/wp-json\/wp\/v2\/pages\/176","targetHints":{"allow":["GET"]}}],"collection":[{"href":"https:\/\/www.hakoh.com\/en\/wp-json\/wp\/v2\/pages"}],"about":[{"href":"https:\/\/www.hakoh.com\/en\/wp-json\/wp\/v2\/types\/page"}],"author":[{"embeddable":true,"href":"https:\/\/www.hakoh.com\/en\/wp-json\/wp\/v2\/users\/1"}],"replies":[{"embeddable":true,"href":"https:\/\/www.hakoh.com\/en\/wp-json\/wp\/v2\/comments?post=176"}],"version-history":[{"count":0,"href":"https:\/\/www.hakoh.com\/en\/wp-json\/wp\/v2\/pages\/176\/revisions"}],"wp:attachment":[{"href":"https:\/\/www.hakoh.com\/en\/wp-json\/wp\/v2\/media?parent=176"}],"curies":[{"name":"wp","href":"https:\/\/api.w.org\/{rel}","templated":true}]}}