{"id":171,"date":"2023-06-27T14:09:09","date_gmt":"2023-06-27T12:09:09","guid":{"rendered":"https:\/\/www.hakoh.com\/imprint\/"},"modified":"2024-08-07T17:04:52","modified_gmt":"2024-08-07T15:04:52","slug":"imprint","status":"publish","type":"page","link":"https:\/\/www.hakoh.com\/en\/impressum\/","title":{"rendered":"Imprint"},"content":{"rendered":"<div data-elementor-type=\"wp-page\" data-elementor-id=\"171\" class=\"elementor elementor-171\" data-elementor-post-type=\"page\">\n\t\t\t\t\t\t<section class=\"elementor-section elementor-top-section elementor-element elementor-element-42c3400 elementor-hidden-tablet elementor-hidden-mobile elementor-section-stretched elementor-section-boxed elementor-section-height-default elementor-section-height-default\" data-id=\"42c3400\" data-element_type=\"section\" data-e-type=\"section\" data-settings=\"{&quot;stretch_section&quot;:&quot;section-stretched&quot;}\">\n\t\t\t\t\t\t<div class=\"elementor-container elementor-column-gap-default\">\n\t\t\t\t\t<div class=\"elementor-column elementor-col-50 elementor-top-column elementor-element elementor-element-81fd06b\" data-id=\"81fd06b\" data-element_type=\"column\" data-e-type=\"column\">\n\t\t\t<div class=\"elementor-widget-wrap elementor-element-populated\">\n\t\t\t\t\t\t<div class=\"elementor-element elementor-element-d9bf8e3 elementor-widget elementor-widget-heading\" data-id=\"d9bf8e3\" data-element_type=\"widget\" data-e-type=\"widget\" data-widget_type=\"heading.default\">\n\t\t\t\t<div class=\"elementor-widget-container\">\n\t\t\t\t\t<h2 class=\"elementor-heading-title elementor-size-default\">Information on<\/h2>\t\t\t\t<\/div>\n\t\t\t\t<\/div>\n\t\t\t\t<div class=\"elementor-element elementor-element-04181cb elementor-nav-menu__align-start elementor-nav-menu--dropdown-tablet elementor-nav-menu__text-align-aside elementor-nav-menu--toggle elementor-nav-menu--burger elementor-widget elementor-widget-nav-menu\" data-id=\"04181cb\" data-element_type=\"widget\" data-e-type=\"widget\" data-settings=\"{&quot;layout&quot;:&quot;vertical&quot;,&quot;submenu_icon&quot;:{&quot;value&quot;:&quot;&lt;i class=\\&quot;fas fa-caret-down\\&quot; aria-hidden=\\&quot;true\\&quot;&gt;&lt;\\\/i&gt;&quot;,&quot;library&quot;:&quot;fa-solid&quot;},&quot;toggle&quot;:&quot;burger&quot;}\" data-widget_type=\"nav-menu.default\">\n\t\t\t\t<div class=\"elementor-widget-container\">\n\t\t\t\t\t\t\t\t<nav aria-label=\"Menu\" class=\"elementor-nav-menu--main elementor-nav-menu__container elementor-nav-menu--layout-vertical e--pointer-background e--animation-fade\">\n\t\t\t\t<ul id=\"menu-1-04181cb\" class=\"elementor-nav-menu sm-vertical\"><li class=\"menu-item menu-item-type-post_type menu-item-object-page menu-item-privacy-policy menu-item-300\"><a rel=\"privacy-policy\" href=\"https:\/\/www.hakoh.com\/en\/datenschutz\/\" class=\"elementor-item\">Data protection<\/a><\/li>\n<li class=\"menu-item menu-item-type-post_type menu-item-object-page menu-item-301\"><a href=\"https:\/\/www.hakoh.com\/en\/agb\/\" class=\"elementor-item\">GTC<\/a><\/li>\n<li class=\"menu-item menu-item-type-post_type menu-item-object-page menu-item-303\"><a href=\"https:\/\/www.hakoh.com\/en\/impressum\/\" class=\"elementor-item\">Imprint<\/a><\/li>\n<\/ul>\t\t\t<\/nav>\n\t\t\t\t\t<div class=\"elementor-menu-toggle\" role=\"button\" tabindex=\"0\" aria-label=\"Menu Toggle\" aria-expanded=\"false\">\n\t\t\t<i aria-hidden=\"true\" role=\"presentation\" class=\"elementor-menu-toggle__icon--open eicon-menu-bar\"><\/i><i aria-hidden=\"true\" role=\"presentation\" class=\"elementor-menu-toggle__icon--close eicon-close\"><\/i>\t\t<\/div>\n\t\t\t\t\t<nav class=\"elementor-nav-menu--dropdown elementor-nav-menu__container\" aria-hidden=\"true\">\n\t\t\t\t<ul id=\"menu-2-04181cb\" class=\"elementor-nav-menu sm-vertical\"><li class=\"menu-item menu-item-type-post_type menu-item-object-page menu-item-privacy-policy menu-item-300\"><a rel=\"privacy-policy\" href=\"https:\/\/www.hakoh.com\/en\/datenschutz\/\" class=\"elementor-item\" tabindex=\"-1\">Data protection<\/a><\/li>\n<li class=\"menu-item menu-item-type-post_type menu-item-object-page menu-item-301\"><a href=\"https:\/\/www.hakoh.com\/en\/agb\/\" class=\"elementor-item\" tabindex=\"-1\">GTC<\/a><\/li>\n<li class=\"menu-item menu-item-type-post_type menu-item-object-page menu-item-303\"><a href=\"https:\/\/www.hakoh.com\/en\/impressum\/\" class=\"elementor-item\" tabindex=\"-1\">Imprint<\/a><\/li>\n<\/ul>\t\t\t<\/nav>\n\t\t\t\t\t\t<\/div>\n\t\t\t\t<\/div>\n\t\t\t\t\t<\/div>\n\t\t<\/div>\n\t\t\t\t<div class=\"elementor-column elementor-col-50 elementor-top-column elementor-element elementor-element-5fefb90\" data-id=\"5fefb90\" data-element_type=\"column\" data-e-type=\"column\">\n\t\t\t<div class=\"elementor-widget-wrap elementor-element-populated\">\n\t\t\t\t\t\t<div class=\"elementor-element elementor-element-583d160 elementor-widget elementor-widget-heading\" data-id=\"583d160\" data-element_type=\"widget\" data-e-type=\"widget\" data-widget_type=\"heading.default\">\n\t\t\t\t<div class=\"elementor-widget-container\">\n\t\t\t\t\t<h2 class=\"elementor-heading-title elementor-size-default\">Imprint<\/h2>\t\t\t\t<\/div>\n\t\t\t\t<\/div>\n\t\t\t\t<div class=\"elementor-element elementor-element-143cea2 elementor-widget elementor-widget-text-editor\" data-id=\"143cea2\" data-element_type=\"widget\" data-e-type=\"widget\" data-widget_type=\"text-editor.default\">\n\t\t\t\t<div class=\"elementor-widget-container\">\n\t\t\t\t\t\t\t\t\t<h5><strong>Information according to \u00a7 5 DDG<\/strong><\/h5>\n<p>HAKOH GmbH<br>Goldberg 29<br>23562 L\u00fcbeck<\/p>\n<p><strong>Hamburg location:<\/strong><\/p>\n<p><strong>Sales &amp; Showroom<br><\/strong>HAKOH GmbH<br>Spitalerstrasse 11<br>20095 Hamburg<\/p>\n<p>Commercial register: 18667<br>Register court: Local court of the Hanseatic City of L\u00fcbeck, place of jurisdiction: Hanseatic City of L\u00fcbeck<\/p>\n<p><strong>Represented by the managing directors:<\/strong><br>Dipl.-Ing. Hans-Christoph Klaiber<\/p>\n<h5><strong>Contact us<\/strong><\/h5>\n<p>Phone: +49 40 8221 257 10<br>Fax: +49 40 8221 257 80<br>E-mail: info@hakoh.com<\/p>\n<h5><strong>Sales tax ID<\/strong><\/h5>\n<p>Value added tax identification number in accordance with \u00a727 a of the Value Added Tax Act:<br>DE 323 724 471&nbsp;&nbsp;<\/p>\n<h5><strong>Responsible for the content according to \u00a7 55 Abs. 2 RStV<\/strong><\/h5>\n<p>Dipl.-Ing. Hans-Christoph Klaiber<br>Goldberg 29<br>23562 L\u00fcbeck<\/p>\n<h5><strong>Dispute resolution<\/strong><\/h5>\n<p>The European Commission provides a platform for online dispute resolution (ODR):&nbsp;<a href=\"https:\/\/ec.europa.eu\/consumers\/odr\" rel=\"nofollow noopener\">https:\/\/ec.europa.eu\/consumers\/odr<\/a>.<br>You can find our e-mail address in the legal notice above.<\/p>\n<p>We are not willing or obliged to participate in dispute resolution proceedings before a consumer arbitration board.<\/p>\n<h5><strong>Liability for content<\/strong><\/h5>\n<p>As a service provider, we are responsible for our own content on these pages in accordance with general legislation. However, as a service provider, we are not obliged to monitor transmitted or stored third-party information or to investigate circumstances that indicate illegal activity.<\/p>\n<p>Obligations to remove or block the use of information in accordance with general legislation remain unaffected by this. However, liability in this respect is only possible from the time we become aware of a specific infringement. As soon as we become aware of such infringements, we will remove this content immediately.<\/p>\n<h5><strong>Liability for links<\/strong><\/h5>\n<p>Our website contains links to external third-party websites over whose content we have no influence. Therefore, we cannot accept any liability for this third-party content. The respective provider or operator of the pages is always responsible for the content of the linked pages. The linked pages were checked for possible legal violations at the time of linking. Illegal contents were not recognizable at the time of linking.<\/p>\n<p>However, permanent monitoring of the content of the linked pages is not reasonable without concrete evidence of an infringement. If we become aware of any legal infringements, we will remove such links immediately.<\/p>\n<h5><strong>Copyright<\/strong><\/h5>\n<p>The content and works created by the site operators on these pages are subject to German copyright law. Duplication, processing, distribution and any kind of exploitation outside the limits of copyright law require the written consent of the respective author or creator. Downloads and copies of this site are only permitted for private, non-commercial use.<\/p>\n<p>Insofar as the content on this site was not created by the operator, the copyrights of third parties are respected. In particular, third-party content is identified as such. Should you nevertheless become aware of a copyright infringement, please inform us accordingly. If we become aware of any infringements, we will remove such content immediately.<\/p>\n<h4>Consent to the use of cookies.<\/h4>\n<p>In order for our website to function properly, we use cookies. In order to obtain your valid consent to the use and storage of cookies in the browser you use to access our website and to properly document this, we use a consent management platform: CookieFirst. This technology is provided by Digital Data Solutions BV, Plantage Middenlaan 42a, 1018 DH, Amsterdam, The Netherlands. Website: <a title=\"Cookiefirst page\" href=\"https:\/\/cookiefirst.com\">https:\/\/cookiefirst.com<\/a> referred to as CookieFirst.<\/p>\n<p>When you access our website, a connection is established with the CookieFirst server to enable us to obtain valid consent from you for the use of certain cookies. CookieFirst then stores a cookie in your browser in order to be able to activate only those cookies to which you have consented and to properly document this. The processed data will be stored until the specified storage period expires or you request the deletion of the data. Notwithstanding this, certain statutory retention periods may apply.<\/p>\n<p>CookieFirst is used to obtain the legally required consent for the use of cookies. The legal basis for this is Article 6(1)(c) of the General Data Protection Regulation (GDPR).<\/p>\n<h4>Data processing agreement<\/h4>\n<p>We have concluded a data processing agreement with CookieFirst. This is a contract required by data protection law, which ensures that the data of our website visitors is only processed in accordance with our instructions and in compliance with the GDPR.<\/p>\n<h4>Server log files<\/h4>\n<p>Our website and CookieFirst automatically collect and store information in so-called server log files, which your browser automatically transmits to us. The following data is collected:<\/p>\n<ul>\n<li>Your consent status or the withdrawal of your consent<\/li>\n<li>Your anonymized IP address<\/li>\n<li>Information about your browser<\/li>\n<li>Information about your device<\/li>\n<li>The date and time of your visit to our website<\/li>\n<li>The URL of the website on which you have saved or updated your consent settings<\/li>\n<li>The approximate location of the user who has saved their consent preferences<\/li>\n<li>A universally unique identifier (UUID) of the website visitor who clicked on the banner cookie<\/li>\n<\/ul>\n<h2>&nbsp;<\/h2>\n<p><br><\/p>\t\t\t\t\t\t\t\t<\/div>\n\t\t\t\t<\/div>\n\t\t\t\t\t<\/div>\n\t\t<\/div>\n\t\t\t\t\t<\/div>\n\t\t<\/section>\n\t\t\t\t<section class=\"elementor-section elementor-top-section elementor-element elementor-element-cccd82d elementor-hidden-desktop elementor-section-stretched elementor-section-full_width elementor-section-height-default elementor-section-height-default\" data-id=\"cccd82d\" data-element_type=\"section\" data-e-type=\"section\" data-settings=\"{&quot;stretch_section&quot;:&quot;section-stretched&quot;}\">\n\t\t\t\t\t\t<div class=\"elementor-container elementor-column-gap-custom\">\n\t\t\t\t\t<div class=\"elementor-column elementor-col-100 elementor-top-column elementor-element elementor-element-6907413\" data-id=\"6907413\" data-element_type=\"column\" data-e-type=\"column\">\n\t\t\t<div class=\"elementor-widget-wrap elementor-element-populated\">\n\t\t\t\t\t\t<div class=\"elementor-element elementor-element-32f5b92 elementor-widget elementor-widget-heading\" data-id=\"32f5b92\" data-element_type=\"widget\" data-e-type=\"widget\" data-widget_type=\"heading.default\">\n\t\t\t\t<div class=\"elementor-widget-container\">\n\t\t\t\t\t<h2 class=\"elementor-heading-title elementor-size-default\">Information on<\/h2>\t\t\t\t<\/div>\n\t\t\t\t<\/div>\n\t\t\t\t<div class=\"elementor-element elementor-element-d3fa7f1 elementor-nav-menu__align-start elementor-nav-menu--dropdown-tablet elementor-nav-menu__text-align-aside elementor-widget elementor-widget-nav-menu\" data-id=\"d3fa7f1\" data-element_type=\"widget\" data-e-type=\"widget\" data-settings=\"{&quot;layout&quot;:&quot;vertical&quot;,&quot;submenu_icon&quot;:{&quot;value&quot;:&quot;&lt;i class=\\&quot;fas fa-caret-down\\&quot; aria-hidden=\\&quot;true\\&quot;&gt;&lt;\\\/i&gt;&quot;,&quot;library&quot;:&quot;fa-solid&quot;}}\" data-widget_type=\"nav-menu.default\">\n\t\t\t\t<div class=\"elementor-widget-container\">\n\t\t\t\t\t\t\t\t<nav aria-label=\"Menu\" class=\"elementor-nav-menu--main elementor-nav-menu__container elementor-nav-menu--layout-vertical e--pointer-background e--animation-fade\">\n\t\t\t\t<ul id=\"menu-1-d3fa7f1\" class=\"elementor-nav-menu sm-vertical\"><li class=\"menu-item menu-item-type-post_type menu-item-object-page menu-item-privacy-policy menu-item-300\"><a rel=\"privacy-policy\" href=\"https:\/\/www.hakoh.com\/en\/datenschutz\/\" class=\"elementor-item\">Data protection<\/a><\/li>\n<li class=\"menu-item menu-item-type-post_type menu-item-object-page menu-item-301\"><a href=\"https:\/\/www.hakoh.com\/en\/agb\/\" class=\"elementor-item\">GTC<\/a><\/li>\n<li class=\"menu-item menu-item-type-post_type menu-item-object-page menu-item-303\"><a href=\"https:\/\/www.hakoh.com\/en\/impressum\/\" class=\"elementor-item\">Imprint<\/a><\/li>\n<\/ul>\t\t\t<\/nav>\n\t\t\t\t\t\t<nav class=\"elementor-nav-menu--dropdown elementor-nav-menu__container\" aria-hidden=\"true\">\n\t\t\t\t<ul id=\"menu-2-d3fa7f1\" class=\"elementor-nav-menu sm-vertical\"><li class=\"menu-item menu-item-type-post_type menu-item-object-page menu-item-privacy-policy menu-item-300\"><a rel=\"privacy-policy\" href=\"https:\/\/www.hakoh.com\/en\/datenschutz\/\" class=\"elementor-item\" tabindex=\"-1\">Data protection<\/a><\/li>\n<li class=\"menu-item menu-item-type-post_type menu-item-object-page menu-item-301\"><a href=\"https:\/\/www.hakoh.com\/en\/agb\/\" class=\"elementor-item\" tabindex=\"-1\">GTC<\/a><\/li>\n<li class=\"menu-item menu-item-type-post_type menu-item-object-page menu-item-303\"><a href=\"https:\/\/www.hakoh.com\/en\/impressum\/\" class=\"elementor-item\" tabindex=\"-1\">Imprint<\/a><\/li>\n<\/ul>\t\t\t<\/nav>\n\t\t\t\t\t\t<\/div>\n\t\t\t\t<\/div>\n\t\t\t\t<div class=\"elementor-element elementor-element-9c7018f elementor-widget elementor-widget-heading\" data-id=\"9c7018f\" data-element_type=\"widget\" data-e-type=\"widget\" data-widget_type=\"heading.default\">\n\t\t\t\t<div class=\"elementor-widget-container\">\n\t\t\t\t\t<h2 class=\"elementor-heading-title elementor-size-default\">Imprint<\/h2>\t\t\t\t<\/div>\n\t\t\t\t<\/div>\n\t\t\t\t<div class=\"elementor-element elementor-element-9f6a05a elementor-widget elementor-widget-text-editor\" data-id=\"9f6a05a\" data-element_type=\"widget\" data-e-type=\"widget\" data-widget_type=\"text-editor.default\">\n\t\t\t\t<div class=\"elementor-widget-container\">\n\t\t\t\t\t\t\t\t\t<h5><strong>Information according to \u00a7 5 TMG<\/strong><\/h5><p>HAKOH GmbH<br \/>Willy-Brandt-Allee 31a<br \/>23554 L\u00fcbeck<\/p><p><strong>Hamburg location:<\/strong><\/p><p><strong>Sales &amp; Showroom<br \/><\/strong>HAKOH GmbH<br \/>Spitalerstrasse 11<br \/>20095 Hamburg<\/p><p>Commercial register: 18667<br \/>Register court: Local court of the Hanseatic City of L\u00fcbeck, place of jurisdiction: Hanseatic City of L\u00fcbeck<\/p><p><strong>Represented by the managing directors:<\/strong><br \/>Dipl.-Ing. Hans-Christoph Klaiber<\/p><h5><strong>Contact us<\/strong><\/h5><p>Phone: +49 40 8221 257 10<br \/>Fax: +49 40 8221 257 80<br \/>E-mail: info@hakoh.com<\/p><h5><strong>Sales tax ID<\/strong><\/h5><p>Value added tax identification number in accordance with \u00a727 a of the Value Added Tax Act:<br \/>DE 323 724 471\u00a0\u00a0<\/p><h5><strong>Responsible for the content according to \u00a7 55 Abs. 2 RStV<\/strong><\/h5><p>Dipl.-Ing. Hans-Christoph Klaiber<br \/>Willy-Brandt-Allee 31a<br \/>23554 L\u00fcbeck<\/p><h5><strong>Dispute resolution<\/strong><\/h5><p>The European Commission provides a platform for online dispute resolution (ODR):\u00a0<a href=\"https:\/\/ec.europa.eu\/consumers\/odr\" rel=\"nofollow noopener\">https:\/\/ec.europa.eu\/consumers\/odr<\/a>.<br \/>You can find our e-mail address in the legal notice above.<\/p><p>We are not willing or obliged to participate in dispute resolution proceedings before a consumer arbitration board.<\/p><h5><strong>Liability for content<\/strong><\/h5><p>As a service provider, we are responsible for our own content on these pages in accordance with Section 7 (1) TMG (German Telemedia Act) and general legislation. According to \u00a7\u00a7 8 to 10 TMG, however, we as a service provider are not obliged to monitor transmitted or stored third-party information or to investigate circumstances that indicate illegal activity.<\/p><p>Obligations to remove or block the use of information in accordance with general legislation remain unaffected by this. However, liability in this respect is only possible from the time we become aware of a specific infringement. As soon as we become aware of such infringements, we will remove this content immediately.<\/p><h5><strong>Liability for links<\/strong><\/h5><p>Our website contains links to external third-party websites over whose content we have no influence. Therefore, we cannot accept any liability for this third-party content. The respective provider or operator of the pages is always responsible for the content of the linked pages. The linked pages were checked for possible legal violations at the time of linking. Illegal contents were not recognizable at the time of linking.<\/p><p>However, permanent monitoring of the content of the linked pages is not reasonable without concrete evidence of an infringement. If we become aware of any legal infringements, we will remove such links immediately.<\/p><h5><strong>Copyright<\/strong><\/h5><p>The content and works created by the site operators on these pages are subject to German copyright law. Duplication, processing, distribution and any kind of exploitation outside the limits of copyright law require the written consent of the respective author or creator. Downloads and copies of this site are only permitted for private, non-commercial use.<\/p><p>Insofar as the content on this site was not created by the operator, the copyrights of third parties are respected. In particular, third-party content is identified as such. Should you nevertheless become aware of a copyright infringement, please inform us accordingly. If we become aware of any infringements, we will remove such content immediately.<\/p><h4>Consent to the use of cookies.<\/h4><p>In order for our website to function properly, we use cookies. In order to obtain your valid consent to the use and storage of cookies in the browser you use to access our website and to properly document this, we use a consent management platform: CookieFirst. This technology is provided by Digital Data Solutions BV, Plantage Middenlaan 42a, 1018 DH, Amsterdam, The Netherlands. Website: <a title=\"Cookiefirst page\" href=\"https:\/\/cookiefirst.com\">https:\/\/cookiefirst.com<\/a> referred to as CookieFirst.<\/p><p>When you access our website, a connection is established with the CookieFirst server to enable us to obtain valid consent from you for the use of certain cookies. CookieFirst then stores a cookie in your browser in order to be able to activate only those cookies to which you have consented and to properly document this. The processed data will be stored until the specified storage period expires or you request the deletion of the data. Notwithstanding this, certain statutory retention periods may apply.<\/p><p>CookieFirst is used to obtain the legally required consent for the use of cookies. The legal basis for this is Article 6(1)(c) of the General Data Protection Regulation (GDPR).<\/p><h4>Data processing agreement<\/h4><p>We have concluded a data processing agreement with CookieFirst. This is a contract required by data protection law, which ensures that the data of our website visitors is only processed in accordance with our instructions and in compliance with the GDPR.<\/p><h4>Server log files<\/h4><p>Our website and CookieFirst automatically collect and store information in so-called server log files, which your browser automatically transmits to us. The following data is collected:<\/p><ul><li>Your consent status or the withdrawal of your consent<\/li><li>Your anonymized IP address<\/li><li>Information about your browser<\/li><li>Information about your device<\/li><li>The date and time of your visit to our website<\/li><li>The URL of the website on which you have saved or updated your consent settings<\/li><li>The approximate location of the user who has saved their consent preferences<\/li><li>A universally unique identifier (UUID) of the website visitor who clicked on the banner cookie<\/li><\/ul><h2>\u00a0<\/h2>\t\t\t\t\t\t\t\t<\/div>\n\t\t\t\t<\/div>\n\t\t\t\t\t<\/div>\n\t\t<\/div>\n\t\t\t\t\t<\/div>\n\t\t<\/section>\n\t\t\t\t<\/div>","protected":false},"excerpt":{"rendered":"<p>Informationen Impressum Angaben gem\u00e4\u00df \u00a7 5 DDG HAKOH GmbHGoldberg 2923562 L\u00fcbeck Standort Hamburg: Vertrieb &amp; ShowroomHAKOH GmbHSpitalerstra\u00dfe 1120095 Hamburg Handelsregister: 18667Registergericht: Amtsgericht der Hansestadt L\u00fcbeck, Gerichtsstand Hansestadt L\u00fcbeck Vertreten durch die Gesch\u00e4ftsf\u00fchrer:Dipl.-Ing. Hans-Christoph Klaiber Kontakt Telefon: +49 40 8221 257 10Telefax: +49 40 8221 257 80E-Mail: info@hakoh.com Umsatzsteuer-ID Umsatzsteuer-Identifikationsnummer gem\u00e4\u00df \u00a727 a Umsatzsteuergesetz:DE 323 724 [&hellip;]<\/p>\n","protected":false},"author":1,"featured_media":0,"parent":0,"menu_order":0,"comment_status":"closed","ping_status":"closed","template":"","meta":{"inline_featured_image":false,"footnotes":""},"class_list":["post-171","page","type-page","status-publish","hentry"],"aioseo_notices":[],"_links":{"self":[{"href":"https:\/\/www.hakoh.com\/en\/wp-json\/wp\/v2\/pages\/171","targetHints":{"allow":["GET"]}}],"collection":[{"href":"https:\/\/www.hakoh.com\/en\/wp-json\/wp\/v2\/pages"}],"about":[{"href":"https:\/\/www.hakoh.com\/en\/wp-json\/wp\/v2\/types\/page"}],"author":[{"embeddable":true,"href":"https:\/\/www.hakoh.com\/en\/wp-json\/wp\/v2\/users\/1"}],"replies":[{"embeddable":true,"href":"https:\/\/www.hakoh.com\/en\/wp-json\/wp\/v2\/comments?post=171"}],"version-history":[{"count":0,"href":"https:\/\/www.hakoh.com\/en\/wp-json\/wp\/v2\/pages\/171\/revisions"}],"wp:attachment":[{"href":"https:\/\/www.hakoh.com\/en\/wp-json\/wp\/v2\/media?parent=171"}],"curies":[{"name":"wp","href":"https:\/\/api.w.org\/{rel}","templated":true}]}}